{"id":80704,"date":"2025-07-08T14:45:27","date_gmt":"2025-07-08T11:45:27","guid":{"rendered":"https:\/\/demo8.ecube.lv\/sezona.lv?page_id=80704"},"modified":"2025-07-16T17:55:34","modified_gmt":"2025-07-16T14:55:34","slug":"delivery","status":"publish","type":"page","link":"https:\/\/sezona.lv\/en\/delivery\/","title":{"rendered":"Delivery"},"content":{"rendered":"<p>Delivery is provided by the Sezona.lv courier service or our cooperation partners: SIA &#8220;DPD&#8221;, SIA &#8220;Omniva&#8221; (parcel machines), VAS &#8220;Latvijas Pasts&#8221;.<\/p><p><strong>Sezona.lv courier service:<\/strong><\/p><p>The delivery price in Riga is 5.00 EUR.<\/p><p>Delivery within Riga city limits is free if the total purchase value is over 500.00 EUR.<\/p><p>Delivery is made on business days, within 1-2 business days from the moment of order confirmation.<\/p><p>Delivery of the product together with a completed leasing agreement is 5.00 EUR. The price does not depend on the purchase amount.<\/p><p>Large items (over 20 kg.) are delivered to the door of the house. If the customer wants delivery to their apartment, an additional service fee of 2.00 EUR per floor per person is charged.<\/p><p>Delivery of bulky and non-standard goods within Riga city limits is 10.00 EUR.<\/p><p>The offered price for goods and delivery does not include installation and adjustment of equipment. Installation of goods and equipment is provided by authorized specialists of the distributors for a separate fee.<\/p><p><strong>Omniva&nbsp;parcel machines:<\/strong><\/p><p>The delivery price to Latvian parcel machines is 3.00 EUR.<\/p><p>Goods are delivered to Omniva parcel machines throughout Latvia.<\/p><p>The maximum weight of the item is 30 kg. The maximum package size of the item is 39cm x 38cm x 64cm (height x width x length).<\/p><p>A list of Omniva parcel machines can be found here:&nbsp;<a href=\"http:\/\/www.omniva.lv\/privats\/adreses\" target=\"_blank\" rel=\"noreferrer noopener\">www.omniva.lv\/privats\/adreses<\/a><\/p><p>Additional information:&nbsp;<a href=\"http:\/\/www.omniva.lv\/\" target=\"_blank\" rel=\"noreferrer noopener\">www.omniva.lv<\/a><\/p><p><strong><\/strong><strong>SIA &#8220;DPD&#8221;&nbsp;<\/strong><strong>courier service:<\/strong><\/p><p>The &#8220;DPD&#8221; courier service provides delivery outside the territory of Riga.<\/p><p>Delivery within Latvia is carried out on business days, within 1 &#8211; 2 business days, from the moment of order confirmation and receipt of payment in the bank account (the only payment method is bank transfer).<\/p><p>Below you can see the prices for standard delivery of goods within Latvia.<\/p><figure class=\"wp-block-table\"><table class=\"has-fixed-layout\"><tbody><tr><td colspan=\"3\"><strong>Shipment parameters<\/strong><\/td><td colspan=\"4\"><strong>Price for delivery of the shipment (EUR including VAT)<\/strong><\/td><\/tr><tr><td><strong>SA<\/strong><\/td><td><strong>Shipment weight (kg)<\/strong><\/td><td><strong>Shipment volume (m3)<\/strong><\/td><td><strong>Zone 1<\/strong><\/td><td><strong>Zone 2<\/strong><\/td><td><strong>Zone 3<\/strong><\/td><td><strong>Zone 4<\/strong><\/td><\/tr><tr><td rowspan=\"6\"><strong>Package<\/strong><\/td><td>1 kg.<\/td><td>0.003<\/td><td>5.00<\/td><td>8.00<\/td><td>8.00<\/td><td>11.00<\/td><\/tr><tr><td>5 kg.<\/td><td>0.017<\/td><td>5.00<\/td><td>8.00<\/td><td>8.00<\/td><td>11.00<\/td><\/tr><tr><td>10 kg.<\/td><td>0.033<\/td><td>5.00<\/td><td>8.00<\/td><td>8.00<\/td><td>11.00<\/td><\/tr><tr><td>20 kg.<\/td><td>0.067<\/td><td>5.00<\/td><td>8.00<\/td><td>8.00<\/td><td>11.00<\/td><\/tr><tr><td>31.5 kg<\/td><td>0.105<\/td><td>5.00<\/td><td>8.00<\/td><td>8.00<\/td><td>11.00<\/td><\/tr><tr><td colspan=\"6\"><strong>Above 31.5 kg or if any of the sides of the shipment exceeds 120cm, the price is determined by the ordered item!!!<\/strong><\/td><\/tr><\/tbody><\/table><\/figure><p>Designations:<\/p><p><strong>Zone 1:<\/strong>&nbsp;Riga<\/p><p><strong>Zone 2:<\/strong>&nbsp;\u0100da\u017ei district; Bab\u012bte district; Garkalne district; Ik\u0161\u0137ile district; In\u010dukalns district; \u0136ekava district; M\u0101rupe district; Olaine district; Salaspils district; Stopi\u0146i district.<\/p><p><strong>Zone 3:<\/strong>&nbsp;Daugavpils; J\u0113kabpils; Jelgava; Jurmala; Liep\u0101ja; R\u0113zekne; Valmiera; Ventspils; Aizkraukle city; Al\u016bksne city; Balvi city; Bauska city; C\u0113sis city; Dobele city; Gulbene city; Kuld\u012bga city; Limba\u017ei city; Ludza city; Madona city; Ogre city; Preili city; Saldus city; Sigulda city; Talsi city; Tukums city; Valka city.<\/p><p><strong>Zone 4:<\/strong>&nbsp;Aglona district; Aizkraukle district; Aizpute district; Akn\u012bste district; Aloja district; Alsunga district; Al\u016bksne district; Amata district; Ape district; Auce district; Baldone district; Baltinava district; Balvi district; Bauska district; Bever\u012bna district; Broc\u0113ni district; Burtnieki district; Carnikava district; C\u0113si district; Cesvaine district; Cibla district; Dagda district; Daugavpils district; Dobele district; Dundaga district; Durbe district; Engure district; \u0112rg\u013ci district; Grobi\u0146a district; Gulbene district; Iecava district; Il\u016bkste district; Jelgava district; Jaunjelgava district; Jaunpiebalga district; Jaunpils district; J\u0113kabpils district; Jelgava district; Kandava district; K\u0101rsava district; Koknese district; Kraslava district; Krimulda district; Krustpils district; Kuldiga district; Lielv\u0101rde district; Ligatne district; Limba\u017ei district; L\u012bv\u0101ni district; Lub\u0101na district; Ludza district; Madona district; M\u0101lpils district; Mazsalaca district; Nauk\u0161\u0113ni district; Nereta district; N\u012bca district; Ogre district; Ozolnieki district; P\u0101rgauja district; P\u0101vilosta district; P\u013cavi\u0146a district; Prei\u013ci district; Priekule district; Priekuli district; Rauna district; R\u0113zekne district; Riebi\u0146i district; Roja district; Ropa\u017ei district; Rucava district; Rug\u0101ji district; Rund\u0101le district; R\u016bjiena district; Salacgr\u012bva district; Sala district; Saldus district; Saulkrasti district; S\u0113ja district; Sigulda district; Skr\u012bveri district; Skrunda district; Smiltene district; Stren\u010di district; Talsi district; T\u0113rvete district; Tukums district; Vai\u0146ode district; Valka district; Valmiera district; Varak\u013c\u0101ni district; V\u0101rkava district; Vecpiebalga district; Vecumnieki district; Ventspils district; Vies\u012bte district; Vi\u013caka district; Vi\u013c\u0101ni district; Zilupe district.<\/p><p><strong>State Joint Stock Company &#8220;Latvian Post&#8221;&nbsp;<\/strong><strong>:<\/strong><\/p><p>The delivery price when sending the item to a Latvian Post office is 5.00 EUR.<\/p><p>The weight of one package must not exceed 30kg. The longest side of one package cannot be &gt; 150 cm, and the sum of the three dimensions (sides) must not exceed 210 cm.<\/p><p>VAS &#8220;Latvijas Pasts&#8221; delivers to Latvijas Pasts branches throughout the territory of Latvia.<\/p><p>Delivery within Latvia is carried out on business days, within 1 &#8211; 2 business days, from the moment of order confirmation and receipt of payment in the bank account (the only payment method is bank transfer).<\/p><p>When receiving the shipment, you must present your passport or ID card and sign for receipt.<\/p><p>You can find out more about Latvijas Pastas:&nbsp;<a href=\"http:\/\/pasts.lv\/lv\/privatpersonam\/sanemsana\/vienkarsi-pasta-sutijumi\/#par-vienkarsiem-pasta-sutijumiem\" target=\"_blank\" rel=\"noreferrer noopener\">http:\/\/pasts.lv\/lv\/privatpersonam\/sanemsana\/vienkarsi-pasta-sutijumi\/#par-vienkarsiem-pasta-sutijumi<\/a><\/p><p><a href=\"http:\/\/pasts.lv\/lv\/privatpersonam\/sanemsana\/vienkarsi-pasta-sutijumi\/#par-vienkarsiem-pasta-sutijumiem\" target=\"_blank\" rel=\"noreferrer noopener\"><\/a><\/p><p><strong>Latvian Post parcel machines:<\/strong><\/p><p>The delivery price to Latvian parcel machines is 3.00 EUR.<\/p><p>Goods are delivered to Latvijas Pasts parcel machines throughout Latvia.<\/p><p>The maximum product weight is 31.5 kg. The maximum product packaging size is 40cm x 40cm x 60cm (height x width x length).<\/p><p>A list of Latvijas Pasts parcel machines can be found here:&nbsp;&nbsp;<a href=\"http:\/\/www.omniva.lv\/privats\/adreses\" target=\"_blank\" rel=\"noreferrer noopener\">https:\/\/pasts.lv\/lv\/kategorija\/pasta_nodalas\/?type=pakomati<\/a><\/p><p>Additional information:&nbsp;&nbsp;<a href=\"http:\/\/www.omniva.lv\/\" target=\"_blank\" rel=\"noreferrer noopener\">https:\/\/pasts.lv\/files\/jaunumi\/pasta-terminalu-pakalpojumu-noteikumi-ar-ediena-aizliegumu%20.pdf<\/a><\/p>","protected":false},"excerpt":{"rendered":"<p>Delivery is provided by the Sezona.lv courier service or our cooperation partners: SIA &#8220;DPD&#8221;, SIA &#8220;Omniva&#8221; (parcel machines), VAS &#8220;Latvijas Pasts&#8221;. Sezona.lv courier service: The delivery price in Riga is 5.00 EUR. Delivery within Riga city limits is free if the total purchase value is over 500.00 EUR. Delivery is made on business days, within [&hellip;]<\/p>\n","protected":false},"author":1,"featured_media":0,"parent":0,"menu_order":0,"comment_status":"closed","ping_status":"closed","template":"","meta":{"footnotes":""},"class_list":["post-80704","page","type-page","status-publish","hentry"],"_links":{"self":[{"href":"https:\/\/sezona.lv\/en\/wp-json\/wp\/v2\/pages\/80704","targetHints":{"allow":["GET"]}}],"collection":[{"href":"https:\/\/sezona.lv\/en\/wp-json\/wp\/v2\/pages"}],"about":[{"href":"https:\/\/sezona.lv\/en\/wp-json\/wp\/v2\/types\/page"}],"author":[{"embeddable":true,"href":"https:\/\/sezona.lv\/en\/wp-json\/wp\/v2\/users\/1"}],"replies":[{"embeddable":true,"href":"https:\/\/sezona.lv\/en\/wp-json\/wp\/v2\/comments?post=80704"}],"version-history":[{"count":1,"href":"https:\/\/sezona.lv\/en\/wp-json\/wp\/v2\/pages\/80704\/revisions"}],"predecessor-version":[{"id":80708,"href":"https:\/\/sezona.lv\/en\/wp-json\/wp\/v2\/pages\/80704\/revisions\/80708"}],"wp:attachment":[{"href":"https:\/\/sezona.lv\/en\/wp-json\/wp\/v2\/media?parent=80704"}],"curies":[{"name":"wp","href":"https:\/\/api.w.org\/{rel}","templated":true}]}}