{"id":103928,"date":"2025-08-28T10:52:27","date_gmt":"2025-08-28T07:52:27","guid":{"rendered":"https:\/\/www3.sezona.lv\/?post_type=product&#038;p=103928"},"modified":"2025-08-28T10:54:20","modified_gmt":"2025-08-28T07:54:20","slug":"udensmaiss-lightweight-dry-bag","status":"publish","type":"product","link":"https:\/\/sezona.lv\/en\/products\/udensmaiss-lightweight-dry-bag\/","title":{"rendered":"\u016adensmaiss LIGHTWEIGHT Dry Bag"},"content":{"rendered":"<p>Lightweight Dry Bag maiss no bluesign apstiprin\u0101ta p\u0101rstr\u0101d\u0101ta 70D neilona ar C0 (bez PFC) DWR p\u0101rkl\u0101jumu. Iek\u0161\u0113j\u0101 balta poliuret\u0101na k\u0101rta uzlabo redzam\u012bbu un atvieglo s\u012bku priek\u0161metu atra\u0161anu v\u0101j\u0101 apgaismojum\u0101.<br \/>Lightweight Dry Bag pieejami vair\u0101k\u0101s kr\u0101s\u0101s, lai atvieglotu kr\u0101su kod\u0113tu organiz\u0113\u0161anu. Ov\u0101l\u0101 pamatne ne\u013caus maisam noripot lejup pa sl\u012bp\u0101m virsm\u0101m. Ide\u0101li piem\u0113rots p\u0101rg\u0101jieniem, velo t\u016brismam, ce\u013co\u0161anai, sl\u0113po\u0161anas p\u0101rg\u0101jieniem un daudz kam citam.\u00a0&#013;<\/p>\n<h4>Specifik\u0101cija:<\/h4>\n<p>&#013;<\/p>\n<table width=\"620\">&#013;<\/p>\n<tbody>&#013;<\/p>\n<tr>&#013;<\/p>\n<td><strong>Tilpums:<\/strong><\/td>\n<p>&#013;<\/p>\n<td style=\"text-align: center\"><strong>1.5L<\/strong><\/td>\n<p>&#013;<\/p>\n<td style=\"text-align: center\"><strong>3L<\/strong><\/td>\n<p>&#013;<\/p>\n<td style=\"text-align: center\"><strong>5L<\/strong><\/td>\n<p>&#013;<\/p>\n<td style=\"text-align: center\"><strong>8L<\/strong><\/td>\n<p>&#013;<\/p>\n<td style=\"text-align: center\"><strong>13L<\/strong><\/td>\n<p>&#013;<\/p>\n<td style=\"text-align: center\"><strong>20L<\/strong><\/td>\n<p>&#013;<\/p>\n<td style=\"text-align: center\"><strong>35L<\/strong><\/td>\n<p>&#013;<br \/>\n<\/tr>\n<p>&#013;<\/p>\n<tr>&#013;<\/p>\n<td><strong>Izm\u0113ri:<\/strong><\/td>\n<p>&#013;<\/p>\n<td>14.1&#215;10.7x19cm<\/td>\n<p>&#013;<\/p>\n<td>17&#215;13.3&#215;21.3cm<\/td>\n<p>&#013;<\/p>\n<td>16.8x14x32cm<\/td>\n<p>&#013;<\/p>\n<td>19.9&#215;16.5x39cm<\/td>\n<p>&#013;<\/p>\n<td>22x20x45.9cm<\/td>\n<p>&#013;<\/p>\n<td><span class=\"met\">27.1&#215;23.4&#215;47.8cm<\/span><\/td>\n<p>&#013;<\/p>\n<td><span class=\"met\">31.5&#215;28.8&#215;55.6cm<\/span><\/td>\n<p>&#013;<br \/>\n<\/tr>\n<p>&#013;<\/p>\n<tr>&#013;<\/p>\n<td><strong>Svars:<\/strong><\/td>\n<p>&#013;<\/p>\n<td>34g<\/td>\n<p>&#013;<\/p>\n<td>45g<\/td>\n<p>&#013;<\/p>\n<td>50g<\/td>\n<p>&#013;<\/p>\n<td>67g<\/td>\n<p>&#013;<\/p>\n<td>81g<\/td>\n<p>&#013;<\/p>\n<td>91g<\/td>\n<p>&#013;<\/p>\n<td>115g<\/td>\n<p>&#013;<br \/>\n<\/tr>\n<p>&#013;<br \/>\n<\/tbody>\n<p>&#013;<br \/>\n<\/table>\n<p>&#013;<\/p>\n<ul>&#013;<\/p>\n<li>bluesign\u00ae APSTIPRIN\u0100TS p\u0101rstr\u0101d\u0101ts 70D neilons ar PFC nesaturo\u0161u DWR p\u0101rkl\u0101jumu<\/li>\n<p>&#013;<\/p>\n<li>Gai\u0161s, gaismu atstarojo\u0161s p\u0101rkl\u0101jums iek\u0161pus\u0113 lab\u0101kai redzam\u012bbai un \u0113rt\u0101kai mantu atra\u0161anai<\/li>\n<p>&#013;<\/p>\n<li>JAUNA ov\u0101la pamatne, kas ne\u013caus maisam sl\u012bpum\u0101 ripot<\/li>\n<p>&#013;<\/p>\n<li>D-veida cilpa pie spr\u0101dzes, lai dro\u0161i piestiprin\u0101tu pie laiv\u0101m, velosip\u0113diem vai kajakiem<\/li>\n<p>&#013;\n<\/ul>\n","protected":false},"excerpt":{"rendered":"<p>Lightweight Dry Bag maiss no bluesign apstiprin\u0101ta p\u0101rstr\u0101d\u0101ta 70D neilona ar C0 (bez PFC) DWR p\u0101rkl\u0101jumu. Iek\u0161\u0113j\u0101 balta poliuret\u0101na k\u0101rta uzlabo redzam\u012bbu un atvieglo s\u012bku priek\u0161metu atra\u0161anu v\u0101j\u0101 apgaismojum\u0101.Lightweight Dry Bag pieejami vair\u0101k\u0101s kr\u0101s\u0101s, lai atvieglotu kr\u0101su kod\u0113tu organiz\u0113\u0161anu. Ov\u0101l\u0101 pamatne ne\u013caus maisam noripot lejup pa sl\u012bp\u0101m virsm\u0101m. Ide\u0101li piem\u0113rots p\u0101rg\u0101jieniem, velo t\u016brismam, ce\u013co\u0161anai, sl\u0113po\u0161anas [&hellip;]<\/p>\n","protected":false},"featured_media":103916,"template":"","meta":[],"product_brand":[5138],"product_cat":[2855],"product_tag":[],"class_list":{"0":"post-103928","1":"product","2":"type-product","3":"status-publish","4":"has-post-thumbnail","6":"product_brand-sea-to-summit","7":"product_cat-mugursomas","9":"first","10":"instock","11":"purchasable","12":"product-type-simple"},"_links":{"self":[{"href":"https:\/\/sezona.lv\/en\/wp-json\/wp\/v2\/product\/103928","targetHints":{"allow":["GET"]}}],"collection":[{"href":"https:\/\/sezona.lv\/en\/wp-json\/wp\/v2\/product"}],"about":[{"href":"https:\/\/sezona.lv\/en\/wp-json\/wp\/v2\/types\/product"}],"wp:featuredmedia":[{"embeddable":true,"href":"https:\/\/sezona.lv\/en\/wp-json\/wp\/v2\/media\/103916"}],"wp:attachment":[{"href":"https:\/\/sezona.lv\/en\/wp-json\/wp\/v2\/media?parent=103928"}],"wp:term":[{"taxonomy":"product_brand","embeddable":true,"href":"https:\/\/sezona.lv\/en\/wp-json\/wp\/v2\/product_brand?post=103928"},{"taxonomy":"product_cat","embeddable":true,"href":"https:\/\/sezona.lv\/en\/wp-json\/wp\/v2\/product_cat?post=103928"},{"taxonomy":"product_tag","embeddable":true,"href":"https:\/\/sezona.lv\/en\/wp-json\/wp\/v2\/product_tag?post=103928"}],"curies":[{"name":"wp","href":"https:\/\/api.w.org\/{rel}","templated":true}]}}