{"id":103931,"date":"2025-08-28T10:52:27","date_gmt":"2025-08-28T07:52:27","guid":{"rendered":"https:\/\/www3.sezona.lv\/?post_type=product&#038;p=103931"},"modified":"2025-08-28T10:54:20","modified_gmt":"2025-08-28T07:54:20","slug":"batonins-sybar-energy-30g-2","status":"publish","type":"product","link":"https:\/\/sezona.lv\/en\/products\/batonins-sybar-energy-30g-2\/","title":{"rendered":"Batoni\u0146\u0161 SYBAR ENERGY 30g"},"content":{"rendered":"<p>Sybar Energy ener\u0123ijas batoni\u0146\u0161, kura pamat\u0101 ir \u017e\u0101v\u0113ti aug\u013ci (mandeles, Indijas rieksti, sezama s\u0113klas), aug\u013cu pasta un r\u012bsu ciete. Tas ir ide\u0101ls \u0101tras un ilgsto\u0161as ener\u0123ijas avots, pateicoties augstajam og\u013chidr\u0101tu un lip\u012bdu saturam.<br \/>T\u0101 k\u0101 batoni\u0146\u0161 satur \u017e\u0101v\u0113tus aug\u013cus, kas ir bag\u0101ti ar taukiem, t\u0101 sagremo\u0161ana un uzs\u016bk\u0161an\u0101s ir l\u0113n\u0101ka nek\u0101 Sybar Energy Fruit versijai, t\u0101p\u0113c tas ir piem\u0113rot\u0101ks vienm\u0113r\u012bgai un ilgsto\u0161ai ener\u0123ijas pieg\u0101dei. Sybar Energy ir ide\u0101la uzkoda iztur\u012bbas sportam un ilg\u0101kiem, vid\u0113jas intensit\u0101tes p\u0101rg\u0101jieniem vai velobraucieniem.<br \/>Ilgsto\u0161as fizisk\u0101s slodzes laik\u0101 ieteicams pat\u0113r\u0113t produktus, kas bag\u0101ti ar taukiem, jo to kaloriju daudzums ir divreiz liel\u0101ks nek\u0101 og\u013chidr\u0101tiem.<br \/>Nesatur glut\u0113nu, laktozi un palmu e\u013c\u013cu.&#013;<\/p>\n<p><span style=\"text-decoration: underline\"><strong>SAST\u0100VDA\u013bAS \u2013 DZ\u0112RVE\u0145U (CRANBERRYS)<\/strong><\/span><br \/>Zemesrieksti 40%, r\u012bsu s\u012brups, dz\u0113rvenes 8% (cukurs, mellenes, sk\u0101bin\u0101t\u0101js: citronsk\u0101be; pl\u016b\u0161koka ekstrakts, saulespu\u0137u e\u013c\u013ca), mandeles 6%, lazdu rieksti 6%, r\u012bsu krauk\u0161\u0137i 6% (r\u012bsu milti, br\u016bnais cukurs, saulespu\u0137u e\u013c\u013ca, s\u0101ls), Indijas rieksti 6%, makadamijas rieksti 3%, \u010dia s\u0113klas 2%, saulespu\u0137u e\u013c\u013ca.<\/p>\n<p>&#013;<\/p>\n<p><span style=\"text-decoration: underline\"><strong>SAST\u0100VDA\u013bAS \u2013 ZEMENE-BAN\u0100NS-KOKOSS (STRAWBERRY-BANANA-COCONUT)<\/strong><\/span><br \/>Zemesrieksti 40%, r\u012bsu s\u012brups, aug\u013cu pasta 12% (zemenes 40%, ban\u0101ni 20%, \u0101bols, saharoze, fruktoze, sarkanv\u012bnogu sula, sk\u0101bin\u0101t\u0101js: citronsk\u0101be; stabiliz\u0113t\u0101js: E440; aromatiz\u0113t\u0101ji), ban\u0101nu \u010dipsi 7% (ban\u0101ni 70%, kokosriekstu e\u013c\u013ca, niedru cukurs, medus), mandeles 6%, r\u012bsu krauk\u0161\u0137i 22% (r\u012bsu milti, br\u016bnais cukurs, saulespu\u0137u e\u013c\u013ca, s\u0101ls), Indijas rieksti 5%, sezama s\u0113klas 4%, sar\u012bv\u0113ts kokosrieksts 3%, saulespu\u0137u e\u013c\u013ca, aromatiz\u0113t\u0101ji, dab\u012bgs \u0137ir\u0161u ekstrakts.<\/p>\n<p>&#013;<\/p>\n<p><span style=\"text-decoration: underline\"><strong>ALERG\u0112NI<\/strong><\/span><br \/><strong>Zemene-Ban\u0101ns-Kokoss:<\/strong> Satur sezama s\u0113klas (4%). Var satur\u0113t zemesriekstu, citu riekstu un sojas p\u0113das.<br \/><strong>Dz\u0113rvenes:<\/strong> Satur lazdu riekstus (6%). Var satur\u0113t zemesriekstu, citu riekstu un sojas p\u0113das.<\/p>\n","protected":false},"excerpt":{"rendered":"<p>Sybar Energy ener\u0123ijas batoni\u0146\u0161, kura pamat\u0101 ir \u017e\u0101v\u0113ti aug\u013ci (mandeles, Indijas rieksti, sezama s\u0113klas), aug\u013cu pasta un r\u012bsu ciete. Tas ir ide\u0101ls \u0101tras un ilgsto\u0161as ener\u0123ijas avots, pateicoties augstajam og\u013chidr\u0101tu un lip\u012bdu saturam.T\u0101 k\u0101 batoni\u0146\u0161 satur \u017e\u0101v\u0113tus aug\u013cus, kas ir bag\u0101ti ar taukiem, t\u0101 sagremo\u0161ana un uzs\u016bk\u0161an\u0101s ir l\u0113n\u0101ka nek\u0101 Sybar Energy Fruit versijai, t\u0101p\u0113c [&hellip;]<\/p>\n","protected":false},"featured_media":103930,"template":"","meta":[],"product_brand":[5183],"product_cat":[3283],"product_tag":[],"class_list":{"0":"post-103931","1":"product","2":"type-product","3":"status-publish","4":"has-post-thumbnail","6":"product_brand-syform","7":"product_cat-sporta-uzturs","9":"first","10":"instock","11":"purchasable","12":"product-type-simple"},"_links":{"self":[{"href":"https:\/\/sezona.lv\/en\/wp-json\/wp\/v2\/product\/103931","targetHints":{"allow":["GET"]}}],"collection":[{"href":"https:\/\/sezona.lv\/en\/wp-json\/wp\/v2\/product"}],"about":[{"href":"https:\/\/sezona.lv\/en\/wp-json\/wp\/v2\/types\/product"}],"wp:featuredmedia":[{"embeddable":true,"href":"https:\/\/sezona.lv\/en\/wp-json\/wp\/v2\/media\/103930"}],"wp:attachment":[{"href":"https:\/\/sezona.lv\/en\/wp-json\/wp\/v2\/media?parent=103931"}],"wp:term":[{"taxonomy":"product_brand","embeddable":true,"href":"https:\/\/sezona.lv\/en\/wp-json\/wp\/v2\/product_brand?post=103931"},{"taxonomy":"product_cat","embeddable":true,"href":"https:\/\/sezona.lv\/en\/wp-json\/wp\/v2\/product_cat?post=103931"},{"taxonomy":"product_tag","embeddable":true,"href":"https:\/\/sezona.lv\/en\/wp-json\/wp\/v2\/product_tag?post=103931"}],"curies":[{"name":"wp","href":"https:\/\/api.w.org\/{rel}","templated":true}]}}