{"id":103932,"date":"2025-08-28T10:52:26","date_gmt":"2025-08-28T07:52:26","guid":{"rendered":"https:\/\/www3.sezona.lv\/?post_type=product&#038;p=103932"},"modified":"2025-08-28T10:54:19","modified_gmt":"2025-08-28T07:54:19","slug":"turistu-partika-caribbean-patatoe-with-chichen-2","status":"publish","type":"product","link":"https:\/\/sezona.lv\/en\/products\/turistu-partika-caribbean-patatoe-with-chichen-2\/","title":{"rendered":"T\u016bristu p\u0101rtika CARIBBEAN PATATOE with CHICHEN"},"content":{"rendered":"<p>\u0100tri pagatavojama t\u016bristu p\u0101rtika Kar\u012bbu kartupe\u013ci ar kariju un vistu. Bag\u0101tin\u0101ta ar vis\u0101m nepiecie\u0161amaj\u0101m uzturviel\u0101m. 10 min\u016b\u0161u laik\u0101 J\u016bs ieg\u016bstat pilnv\u0113rt\u012bgu malt\u012bti pat ekstr\u0113mos apst\u0101k\u013cos. No vienas pakas satura ir iesp\u0113jams pagatavot malt\u012bti vienai vai div\u0101m person\u0101m. Ide\u0101li piem\u0113rots velo t\u016bristiem, alp\u012bnistiem, laivot\u0101jiem un visiem citiem piedz\u012bvojumu mekl\u0113t\u0101jiem, kuriem r\u016bp gar\u0161\u012bgs, ar uzturv\u0113rt\u012bbu bag\u0101ts \u0113diens ar minim\u0101lu svaru. \u0160is sublim\u0113tais \u0113diens nerada smaguma saj\u016btu v\u0113der\u0101, k\u0101 ar\u012b \u0101tri p\u0101rstr\u0101d\u0101jas organism\u0101, nodro\u0161inot organisma maksim\u0101lu ener\u0123iju.&#013;<\/p>\n<h4>Specifik\u0101cija:<\/h4>\n<p>&#013;<\/p>\n<p><strong>Sast\u0101vs:<\/strong>\u00a0kartupe\u013ci 55 %, vistas ga\u013ca 7 %, apels\u012bnu p\u0101rslas 6 % (apels\u012bnu sulas koncentr\u0101ts 70 %, kukur\u016bzas ciete), s\u0101ls, burk\u0101ni, v\u0101jpiena pulveris, modific\u0113ta ciete, palmu tauki, rauga ekstrakts, maltodekstr\u012bns, karija pulveris 1,7 %, tom\u0101tu pulveris, paprika, sviesta pulveris, cukurs, s\u012bpoli, aromatvielas, gar\u0161vielu ekstrakti.<br \/><strong>Alerg\u0113ni:<\/strong>\u00a0piens, sviests<\/p>\n<p>&#013;<\/p>\n<h4>Sausais produkts satur:<\/h4>\n<p>&#013;<\/p>\n<table style=\"height: 170px\" width=\"815\">&#013;<\/p>\n<tbody>&#013;<\/p>\n<tr>&#013;<\/p>\n<td><strong><\/strong><\/td>\n<p>&#013;<\/p>\n<td style=\"text-align: center\"><strong>uz 100g<\/strong><\/td>\n<p>&#013;<br \/>\n<\/tr>\n<p>&#013;<\/p>\n<tr>&#013;<\/p>\n<td><strong>Ener\u0123\u0113tisk\u0101 v\u0113rt\u012bba:<\/strong><\/td>\n<p>&#013;<\/p>\n<td style=\"text-align: center\">339 kcal<\/td>\n<p>&#013;<br \/>\n<\/tr>\n<p>&#013;<\/p>\n<tr>&#013;<\/p>\n<td><strong>Tauki:<\/strong><\/td>\n<p>&#013;<\/p>\n<td style=\"text-align: center\">4.7 grami<\/td>\n<p>&#013;<br \/>\n<\/tr>\n<p>&#013;<\/p>\n<tr>&#013;<\/p>\n<td>no kuriem pies\u0101tin\u0101tie:<\/td>\n<p>&#013;<\/p>\n<td style=\"text-align: center\">2.4 grami<\/td>\n<p>&#013;<br \/>\n<\/tr>\n<p>&#013;<\/p>\n<tr>&#013;<\/p>\n<td><strong>Og\u013chidr\u0101ti:<\/strong><\/td>\n<p>&#013;<\/p>\n<td style=\"text-align: center\">56 grami<\/td>\n<p>&#013;<br \/>\n<\/tr>\n<p>&#013;<\/p>\n<tr>&#013;<\/p>\n<td>no tiem cukuri:<\/td>\n<p>&#013;<\/p>\n<td style=\"text-align: center\">10 grami<\/td>\n<p>&#013;<br \/>\n<\/tr>\n<p>&#013;<\/p>\n<tr>&#013;<\/p>\n<td><strong>Prote\u012bns:<\/strong><\/td>\n<p>&#013;<\/p>\n<td style=\"text-align: center\">14 grami<\/td>\n<p>&#013;<br \/>\n<\/tr>\n<p>&#013;<\/p>\n<tr>&#013;<\/p>\n<td><strong>S\u0101ls:<\/strong><\/td>\n<p>&#013;<\/p>\n<td style=\"text-align: center\">5.9 grami<\/td>\n<p>&#013;<br \/>\n<\/tr>\n<p>&#013;<br \/>\n<\/tbody>\n<p>&#013;<br \/>\n<\/table>\n<p>&#013;<\/p>\n<p><strong>Pagatavo\u0161ana:<\/strong> Atveriet iepakojumu. Aplejiet pakas saturu ar verdo\u0161a \u016bdeni (daudzums nor\u0101d\u012bts uz iepakojuma) un k\u0101rt\u012bgi apmaisiet. Aizlokiet pakas galu un atst\u0101jiet uz 5 &#8211; 10 min\u016bt\u0113m ievilkties. \u0112diens ir gatavs.<\/p>\n","protected":false},"excerpt":{"rendered":"<p>\u0100tri pagatavojama t\u016bristu p\u0101rtika Kar\u012bbu kartupe\u013ci ar kariju un vistu. Bag\u0101tin\u0101ta ar vis\u0101m nepiecie\u0161amaj\u0101m uzturviel\u0101m. 10 min\u016b\u0161u laik\u0101 J\u016bs ieg\u016bstat pilnv\u0113rt\u012bgu malt\u012bti pat ekstr\u0113mos apst\u0101k\u013cos. No vienas pakas satura ir iesp\u0113jams pagatavot malt\u012bti vienai vai div\u0101m person\u0101m. Ide\u0101li piem\u0113rots velo t\u016bristiem, alp\u012bnistiem, laivot\u0101jiem un visiem citiem piedz\u012bvojumu mekl\u0113t\u0101jiem, kuriem r\u016bp gar\u0161\u012bgs, ar uzturv\u0113rt\u012bbu bag\u0101ts \u0113diens [&hellip;]<\/p>\n","protected":false},"featured_media":103933,"template":"","meta":[],"product_brand":[5108],"product_cat":[967],"product_tag":[],"class_list":{"0":"post-103932","1":"product","2":"type-product","3":"status-publish","4":"has-post-thumbnail","6":"product_brand-travellunch","7":"product_cat-bez-kategorijas","9":"first","10":"instock","11":"purchasable","12":"product-type-simple"},"_links":{"self":[{"href":"https:\/\/sezona.lv\/en\/wp-json\/wp\/v2\/product\/103932","targetHints":{"allow":["GET"]}}],"collection":[{"href":"https:\/\/sezona.lv\/en\/wp-json\/wp\/v2\/product"}],"about":[{"href":"https:\/\/sezona.lv\/en\/wp-json\/wp\/v2\/types\/product"}],"wp:featuredmedia":[{"embeddable":true,"href":"https:\/\/sezona.lv\/en\/wp-json\/wp\/v2\/media\/103933"}],"wp:attachment":[{"href":"https:\/\/sezona.lv\/en\/wp-json\/wp\/v2\/media?parent=103932"}],"wp:term":[{"taxonomy":"product_brand","embeddable":true,"href":"https:\/\/sezona.lv\/en\/wp-json\/wp\/v2\/product_brand?post=103932"},{"taxonomy":"product_cat","embeddable":true,"href":"https:\/\/sezona.lv\/en\/wp-json\/wp\/v2\/product_cat?post=103932"},{"taxonomy":"product_tag","embeddable":true,"href":"https:\/\/sezona.lv\/en\/wp-json\/wp\/v2\/product_tag?post=103932"}],"curies":[{"name":"wp","href":"https:\/\/api.w.org\/{rel}","templated":true}]}}