{"id":103939,"date":"2025-08-28T10:52:24","date_gmt":"2025-08-28T07:52:24","guid":{"rendered":"https:\/\/www3.sezona.lv\/?post_type=product&#038;p=103939"},"modified":"2025-08-28T10:54:18","modified_gmt":"2025-08-28T07:54:18","slug":"velo-sargs-12x1000mm-ds-1210-s","status":"publish","type":"product","link":"https:\/\/sezona.lv\/en\/products\/velo-sargs-12x1000mm-ds-1210-s\/","title":{"rendered":"Velo sargs 12x1000mm DS 12,10 S"},"content":{"rendered":"<p>Velo sl\u0113dzene ar main\u0101mu \u010detru ciparu dro\u0161\u012bbas kodu un silikona p\u0101rkl\u0101jumu.&#013;<\/p>\n<h4>Specifik\u0101cija:<\/h4>\n<p>&#013;<\/p>\n<table width=\"601\">&#013;<\/p>\n<tbody>&#013;<\/p>\n<tr>&#013;<\/p>\n<td><strong>Garums:<\/strong><\/td>\n<p>&#013;<\/p>\n<td>1000mm<\/td>\n<p>&#013;<br \/>\n<\/tr>\n<p>&#013;<\/p>\n<tr>&#013;<\/p>\n<td><strong>Diametrs:<\/strong><\/td>\n<p>&#013;<\/p>\n<td>12mm<\/td>\n<p>&#013;<br \/>\n<\/tr>\n<p>&#013;<br \/>\n<\/tbody>\n<p>&#013;<br \/>\n<\/table>\n","protected":false},"excerpt":{"rendered":"<p>Velo sl\u0113dzene ar main\u0101mu \u010detru ciparu dro\u0161\u012bbas kodu un silikona p\u0101rkl\u0101jumu.&#013; Specifik\u0101cija: &#013; &#013; &#013; &#013; Garums: &#013; 1000mm &#013; &#013; &#013; Diametrs: &#013; 12mm &#013; &#013; &#013;<\/p>\n","protected":false},"featured_media":103940,"template":"","meta":[],"product_brand":[5233],"product_cat":[5133],"product_tag":[],"class_list":{"0":"post-103939","1":"product","2":"type-product","3":"status-publish","4":"has-post-thumbnail","6":"product_brand-m-wave","7":"product_cat-piederumi","9":"first","10":"instock","11":"purchasable","12":"product-type-simple"},"_links":{"self":[{"href":"https:\/\/sezona.lv\/en\/wp-json\/wp\/v2\/product\/103939","targetHints":{"allow":["GET"]}}],"collection":[{"href":"https:\/\/sezona.lv\/en\/wp-json\/wp\/v2\/product"}],"about":[{"href":"https:\/\/sezona.lv\/en\/wp-json\/wp\/v2\/types\/product"}],"wp:featuredmedia":[{"embeddable":true,"href":"https:\/\/sezona.lv\/en\/wp-json\/wp\/v2\/media\/103940"}],"wp:attachment":[{"href":"https:\/\/sezona.lv\/en\/wp-json\/wp\/v2\/media?parent=103939"}],"wp:term":[{"taxonomy":"product_brand","embeddable":true,"href":"https:\/\/sezona.lv\/en\/wp-json\/wp\/v2\/product_brand?post=103939"},{"taxonomy":"product_cat","embeddable":true,"href":"https:\/\/sezona.lv\/en\/wp-json\/wp\/v2\/product_cat?post=103939"},{"taxonomy":"product_tag","embeddable":true,"href":"https:\/\/sezona.lv\/en\/wp-json\/wp\/v2\/product_tag?post=103939"}],"curies":[{"name":"wp","href":"https:\/\/api.w.org\/{rel}","templated":true}]}}