{"id":103942,"date":"2025-08-28T10:52:24","date_gmt":"2025-08-28T07:52:24","guid":{"rendered":"https:\/\/www3.sezona.lv\/?post_type=product&#038;p=103942"},"modified":"2025-08-28T10:54:18","modified_gmt":"2025-08-28T07:54:18","slug":"salokams-katls-frontier-ul-collapsible-pot-1l","status":"publish","type":"product","link":"https:\/\/sezona.lv\/en\/products\/salokams-katls-frontier-ul-collapsible-pot-1l\/","title":{"rendered":"Salok\u0101ms katls FRONTIER UL Collapsible pot 1L"},"content":{"rendered":"<p>Sea to Summit 1L salok\u0101ms katli\u0146\u0161. Izgatavots no ES pras\u012bb\u0101m atbilsto\u0161a p\u0101rtikas kvalit\u0101tes silikona. Anodiz\u0113ta alum\u012bnija pamatne, kas vienm\u0113r\u012bgi izklied\u0113 siltumu un v\u0101ci\u0146\u0161 ar silikona rokturi. Katla v\u0101ci\u0146u var piestiprin\u0101t pie katla malas, lai tas b\u016btu t\u012brs un pa rokai. <br \/>Click-Safe ner\u016bs\u0113jo\u0161\u0101 t\u0113rauda rokturis, kuru var no\u0146emt un uzlikt otr\u0101di, lai nostiprin\u0101tu katla v\u0101ku transport\u0113\u0161anas laik\u0101.&#013;<\/p>\n<h4>Specifik\u0101cija:<\/h4>\n<p>&#013;<\/p>\n<table width=\"614\">&#013;<\/p>\n<tbody>&#013;<\/p>\n<tr>&#013;<\/p>\n<td><strong>Tilpums:<\/strong><\/td>\n<p>&#013;<\/p>\n<td>1L<\/td>\n<p>&#013;<br \/>\n<\/tr>\n<p>&#013;<\/p>\n<tr>&#013;<\/p>\n<td><strong>Svars:<\/strong><\/td>\n<p>&#013;<\/p>\n<td>198g<\/td>\n<p>&#013;<br \/>\n<\/tr>\n<p>&#013;<\/p>\n<tr>&#013;<\/p>\n<td><strong>Izm\u0113ri:<\/strong><\/td>\n<p>&#013;<\/p>\n<td>25.1 x 14.2 x 9.2 cm<\/td>\n<p>&#013;<br \/>\n<\/tr>\n<p>&#013;<\/p>\n<tr>&#013;<\/p>\n<td><strong>Izm\u0113rs saloc\u012btai:<\/strong><\/td>\n<p>&#013;<\/p>\n<td>15.1 x 14.2 x 5.3 cm<\/td>\n<p>&#013;<br \/>\n<\/tr>\n<p>&#013;<\/p>\n<tr>&#013;<\/p>\n<td><strong>Materi\u0101ls:<\/strong><\/td>\n<p>&#013;<\/p>\n<td>Hard-anodised aluminium base\/lid, silicone rubber sidewalls, stainless-steel handle<\/td>\n<p>&#013;<br \/>\n<\/tr>\n<p>&#013;<br \/>\n<\/tbody>\n<p>&#013;<br \/>\n<\/table>\n","protected":false},"excerpt":{"rendered":"<p>Sea to Summit 1L salok\u0101ms katli\u0146\u0161. Izgatavots no ES pras\u012bb\u0101m atbilsto\u0161a p\u0101rtikas kvalit\u0101tes silikona. Anodiz\u0113ta alum\u012bnija pamatne, kas vienm\u0113r\u012bgi izklied\u0113 siltumu un v\u0101ci\u0146\u0161 ar silikona rokturi. Katla v\u0101ci\u0146u var piestiprin\u0101t pie katla malas, lai tas b\u016btu t\u012brs un pa rokai. Click-Safe ner\u016bs\u0113jo\u0161\u0101 t\u0113rauda rokturis, kuru var no\u0146emt un uzlikt otr\u0101di, lai nostiprin\u0101tu katla v\u0101ku transport\u0113\u0161anas [&hellip;]<\/p>\n","protected":false},"featured_media":103943,"template":"","meta":[],"product_brand":[5138],"product_cat":[3015],"product_tag":[],"class_list":{"0":"post-103942","1":"product","2":"type-product","3":"status-publish","4":"has-post-thumbnail","6":"product_brand-sea-to-summit","7":"product_cat-katli-un-pannas","9":"first","10":"instock","11":"purchasable","12":"product-type-simple"},"_links":{"self":[{"href":"https:\/\/sezona.lv\/en\/wp-json\/wp\/v2\/product\/103942","targetHints":{"allow":["GET"]}}],"collection":[{"href":"https:\/\/sezona.lv\/en\/wp-json\/wp\/v2\/product"}],"about":[{"href":"https:\/\/sezona.lv\/en\/wp-json\/wp\/v2\/types\/product"}],"wp:featuredmedia":[{"embeddable":true,"href":"https:\/\/sezona.lv\/en\/wp-json\/wp\/v2\/media\/103943"}],"wp:attachment":[{"href":"https:\/\/sezona.lv\/en\/wp-json\/wp\/v2\/media?parent=103942"}],"wp:term":[{"taxonomy":"product_brand","embeddable":true,"href":"https:\/\/sezona.lv\/en\/wp-json\/wp\/v2\/product_brand?post=103942"},{"taxonomy":"product_cat","embeddable":true,"href":"https:\/\/sezona.lv\/en\/wp-json\/wp\/v2\/product_cat?post=103942"},{"taxonomy":"product_tag","embeddable":true,"href":"https:\/\/sezona.lv\/en\/wp-json\/wp\/v2\/product_tag?post=103942"}],"curies":[{"name":"wp","href":"https:\/\/api.w.org\/{rel}","templated":true}]}}