{"id":103944,"date":"2025-08-28T10:52:24","date_gmt":"2025-08-28T07:52:24","guid":{"rendered":"https:\/\/www3.sezona.lv\/?post_type=product&#038;p=103944"},"modified":"2025-08-28T10:54:18","modified_gmt":"2025-08-28T07:54:18","slug":"katls-frontier-ul-pot-2l","status":"publish","type":"product","link":"https:\/\/sezona.lv\/en\/products\/katls-frontier-ul-pot-2l\/","title":{"rendered":"Katls FRONTIER UL Pot, 2L"},"content":{"rendered":"<p>Frontier Ultralight katli ir izgatavoti no augst\u0101k\u0101s kvalit\u0101tes cieti anod\u0113ta alum\u012bnija sakaus\u0113juma, kas nodro\u0161ina iztur\u012bbu un efekt\u012bvu siltuma p\u0101rvadi. Nepiedego\u0161s keramikas p\u0101rkl\u0101jums, notecin\u0101\u0161anas caurumi v\u0101ci\u0146\u0101 un LidKeep sist\u0113mu, kas \u013cauj v\u0101ku piestiprin\u0101t katla malai, atbr\u012bvojot vienu roku mais\u012b\u0161anai vai gar\u0161vielu pievieno\u0161anai. Click-Safe rokturis nodro\u0161ina dro\u0161u satv\u0113rienu un transport\u0113\u0161anas laik\u0101 to var pagriezt otr\u0101di, lai tas notur\u0113tu v\u0101ku un katl\u0101 ievietot\u0101s sast\u0101vda\u013cas vai citas lietas sav\u0101 viet\u0101.&#013;<\/p>\n<h4>Specifik\u0101cija:<\/h4>\n<p>&#013;<\/p>\n<table width=\"614\">&#013;<\/p>\n<tbody>&#013;<\/p>\n<tr>&#013;<\/p>\n<td><strong>Tilpums:<\/strong><\/td>\n<p>&#013;<\/p>\n<td>2L<\/td>\n<p>&#013;<br \/>\n<\/tr>\n<p>&#013;<\/p>\n<tr>&#013;<\/p>\n<td><strong>Svars:<\/strong><\/td>\n<p>&#013;<\/p>\n<td>255g<\/td>\n<p>&#013;<br \/>\n<\/tr>\n<p>&#013;<\/p>\n<tr>&#013;<\/p>\n<td><strong>Izm\u0113ri:<\/strong><\/td>\n<p>&#013;<\/p>\n<td><span class=\"met\">17.4 x 16.5 x 11.2 cm<\/span><\/td>\n<p>&#013;<br \/>\n<\/tr>\n<p>&#013;<\/p>\n<tr>&#013;<\/p>\n<td><strong>Materi\u0101ls:<\/strong><\/td>\n<p>&#013;<\/p>\n<td>Hard-anodized aluminium alloy<\/td>\n<p>&#013;<br \/>\n<\/tr>\n<p>&#013;<br \/>\n<\/tbody>\n<p>&#013;<br \/>\n<\/table>\n","protected":false},"excerpt":{"rendered":"<p>Frontier Ultralight katli ir izgatavoti no augst\u0101k\u0101s kvalit\u0101tes cieti anod\u0113ta alum\u012bnija sakaus\u0113juma, kas nodro\u0161ina iztur\u012bbu un efekt\u012bvu siltuma p\u0101rvadi. Nepiedego\u0161s keramikas p\u0101rkl\u0101jums, notecin\u0101\u0161anas caurumi v\u0101ci\u0146\u0101 un LidKeep sist\u0113mu, kas \u013cauj v\u0101ku piestiprin\u0101t katla malai, atbr\u012bvojot vienu roku mais\u012b\u0161anai vai gar\u0161vielu pievieno\u0161anai. Click-Safe rokturis nodro\u0161ina dro\u0161u satv\u0113rienu un transport\u0113\u0161anas laik\u0101 to var pagriezt otr\u0101di, lai tas [&hellip;]<\/p>\n","protected":false},"featured_media":103945,"template":"","meta":[],"product_brand":[5138],"product_cat":[3015],"product_tag":[],"class_list":{"0":"post-103944","1":"product","2":"type-product","3":"status-publish","4":"has-post-thumbnail","6":"product_brand-sea-to-summit","7":"product_cat-katli-un-pannas","9":"first","10":"instock","11":"purchasable","12":"product-type-simple"},"_links":{"self":[{"href":"https:\/\/sezona.lv\/en\/wp-json\/wp\/v2\/product\/103944","targetHints":{"allow":["GET"]}}],"collection":[{"href":"https:\/\/sezona.lv\/en\/wp-json\/wp\/v2\/product"}],"about":[{"href":"https:\/\/sezona.lv\/en\/wp-json\/wp\/v2\/types\/product"}],"wp:featuredmedia":[{"embeddable":true,"href":"https:\/\/sezona.lv\/en\/wp-json\/wp\/v2\/media\/103945"}],"wp:attachment":[{"href":"https:\/\/sezona.lv\/en\/wp-json\/wp\/v2\/media?parent=103944"}],"wp:term":[{"taxonomy":"product_brand","embeddable":true,"href":"https:\/\/sezona.lv\/en\/wp-json\/wp\/v2\/product_brand?post=103944"},{"taxonomy":"product_cat","embeddable":true,"href":"https:\/\/sezona.lv\/en\/wp-json\/wp\/v2\/product_cat?post=103944"},{"taxonomy":"product_tag","embeddable":true,"href":"https:\/\/sezona.lv\/en\/wp-json\/wp\/v2\/product_tag?post=103944"}],"curies":[{"name":"wp","href":"https:\/\/api.w.org\/{rel}","templated":true}]}}