{"id":103965,"date":"2025-08-28T10:52:20","date_gmt":"2025-08-28T07:52:20","guid":{"rendered":"https:\/\/www3.sezona.lv\/?post_type=product&#038;p=103965"},"modified":"2025-08-28T10:54:15","modified_gmt":"2025-08-28T07:54:15","slug":"josta-hardware-alu","status":"publish","type":"product","link":"https:\/\/sezona.lv\/en\/products\/josta-hardware-alu\/","title":{"rendered":"Josta Hardware Alu"},"content":{"rendered":"<p>\u012apa\u0161i iztur\u012bga josta ar zema profila avi\u0101cijas alum\u012bnija spr\u0101dzi.\u00a0&#013;<\/p>\n<h4>Specifik\u0101cija:<\/h4>\n<p>&#013;<\/p>\n<table width=\"592\">&#013;<\/p>\n<tbody>&#013;<\/p>\n<tr>&#013;<\/p>\n<td><strong>Garums:<\/strong><\/td>\n<p>&#013;<\/p>\n<td><strong>Standart M\/L<\/strong>&#8211; l\u012bdz 101.6cm viduklim<br \/><strong>Long L\/XL<\/strong> &#8211; l\u012bdz 132cm viduklim<\/td>\n<p>&#013;<br \/>\n<\/tr>\n<p>&#013;<\/p>\n<tr>&#013;<\/p>\n<td><strong>Platums:<\/strong><\/td>\n<p>&#013;<\/p>\n<td><strong>Standart<\/strong> &#8211; 3.81cm<\/td>\n<p>&#013;<br \/>\n<\/tr>\n<p>&#013;<br \/>\n<\/tbody>\n<p>&#013;<br \/>\n<\/table>\n<p>&#013;<\/p>\n<ul>&#013;<\/p>\n<li><strong>Performance Stretch<\/strong> &#8211;\u00a0Iztur\u012bga siksna ar optim\u0101lu elast\u012bbu, kas \u013cauj br\u012bvi kust\u0113ties un pieliekties, vienlaikus nodro\u0161inot atbalstu smag\u0101kiem ap\u0123\u0113rbiem un instrumentiem.<\/li>\n<p>&#013;<\/p>\n<li><strong>Alum\u012bnija spr\u0101dze<\/strong> \u2013 Izgatavota no avi\u0101cijas kvalit\u0101tes alum\u012bnija. Minim\u0101listiska, bet funkcion\u0101l\u0101 spr\u0101dze &#8211; viegla, zema profila un \u0101rk\u0101rt\u012bgi iztur\u012bga. Notur\u012bga pret r\u016bsu un lob\u012b\u0161anos.<\/li>\n<p>&#013;<\/p>\n<li><strong><strong>Regul\u0113jama<\/strong> &#8211; <\/strong>daudz prec\u012bz\u0101k regul\u0113jama nek\u0101 josta ar caurumiem\u00a0<\/li>\n<p>&#013;<\/p>\n<li><strong>Nodilumiztur\u012bga<\/strong> \u2013 Bl\u012bvi austs materi\u0101ls iztur skr\u0101p\u0113jumus, p\u016bko\u0161anos un pl\u012bsumus pie ilgsto\u0161as lieto\u0161anas.<\/li>\n<p>&#013;<\/p>\n<li><strong>Anti Slip<\/strong> \u2013 Silikona sl\u0101nis jostas iek\u0161pus\u0113 nov\u0113r\u0161 sl\u012bd\u0113\u0161anu<\/li>\n<p>&#013;\n<\/ul>\n","protected":false},"excerpt":{"rendered":"<p>\u012apa\u0161i iztur\u012bga josta ar zema profila avi\u0101cijas alum\u012bnija spr\u0101dzi.\u00a0&#013; Specifik\u0101cija: &#013; &#013; &#013; &#013; Garums: &#013; Standart M\/L&#8211; l\u012bdz 101.6cm viduklimLong L\/XL &#8211; l\u012bdz 132cm viduklim &#013; &#013; &#013; Platums: &#013; Standart &#8211; 3.81cm &#013; &#013; &#013; &#013; &#013; Performance Stretch &#8211;\u00a0Iztur\u012bga siksna ar optim\u0101lu elast\u012bbu, kas \u013cauj br\u012bvi kust\u0113ties un pieliekties, vienlaikus nodro\u0161inot atbalstu [&hellip;]<\/p>\n","protected":false},"featured_media":103966,"template":"","meta":[],"product_brand":[5293],"product_cat":[5281],"product_tag":[],"class_list":{"0":"post-103965","1":"product","2":"type-product","3":"status-publish","4":"has-post-thumbnail","6":"product_brand-arcade","7":"product_cat-jostas","9":"first","10":"instock","11":"purchasable","12":"product-type-simple"},"_links":{"self":[{"href":"https:\/\/sezona.lv\/en\/wp-json\/wp\/v2\/product\/103965","targetHints":{"allow":["GET"]}}],"collection":[{"href":"https:\/\/sezona.lv\/en\/wp-json\/wp\/v2\/product"}],"about":[{"href":"https:\/\/sezona.lv\/en\/wp-json\/wp\/v2\/types\/product"}],"wp:featuredmedia":[{"embeddable":true,"href":"https:\/\/sezona.lv\/en\/wp-json\/wp\/v2\/media\/103966"}],"wp:attachment":[{"href":"https:\/\/sezona.lv\/en\/wp-json\/wp\/v2\/media?parent=103965"}],"wp:term":[{"taxonomy":"product_brand","embeddable":true,"href":"https:\/\/sezona.lv\/en\/wp-json\/wp\/v2\/product_brand?post=103965"},{"taxonomy":"product_cat","embeddable":true,"href":"https:\/\/sezona.lv\/en\/wp-json\/wp\/v2\/product_cat?post=103965"},{"taxonomy":"product_tag","embeddable":true,"href":"https:\/\/sezona.lv\/en\/wp-json\/wp\/v2\/product_tag?post=103965"}],"curies":[{"name":"wp","href":"https:\/\/api.w.org\/{rel}","templated":true}]}}