{"id":103969,"date":"2025-08-28T10:52:20","date_gmt":"2025-08-28T07:52:20","guid":{"rendered":"https:\/\/www3.sezona.lv\/?post_type=product&#038;p=103969"},"modified":"2025-08-28T10:54:15","modified_gmt":"2025-08-28T07:54:15","slug":"josta-guide","status":"publish","type":"product","link":"https:\/\/sezona.lv\/en\/products\/josta-guide\/","title":{"rendered":"Josta Guide"},"content":{"rendered":"<p>Stingra, nodilumiztur\u012bga josta ar met\u0101la spr\u0101dzi. Pietieko\u0161i elast\u012bga, lai neierobe\u017eotu kust\u016bbu br\u012bv\u012bbu. Noder\u0113s s\u0101kot no ikdienas lieto\u0161anas l\u012bdz pat outdoor vajadz\u012bb\u0101m.\u00a0&#013;<\/p>\n<h4>Specifik\u0101cija:<\/h4>\n<p>&#013;<\/p>\n<table width=\"592\">&#013;<\/p>\n<tbody>&#013;<\/p>\n<tr>&#013;<\/p>\n<td><strong>Garums:<\/strong><\/td>\n<p>&#013;<\/p>\n<td><strong>Standart <\/strong>&#8211; l\u012bdz 101.6cm viduklim<\/td>\n<p>&#013;<br \/>\n<\/tr>\n<p>&#013;<\/p>\n<tr>&#013;<\/p>\n<td><strong>Platums:<\/strong><\/td>\n<p>&#013;<\/p>\n<td><strong>Standart\u00a0<\/strong>&#8211; 3.80cm<\/td>\n<p>&#013;<br \/>\n<\/tr>\n<p>&#013;<\/p>\n<tr>&#013;<\/p>\n<td><strong>Materi\u0101ls:<\/strong><\/td>\n<p>&#013;<\/p>\n<td><strong>REPREVE\u00ae\ufe0f<\/strong><\/td>\n<p>&#013;<br \/>\n<\/tr>\n<p>&#013;<br \/>\n<\/tbody>\n<p>&#013;<br \/>\n<\/table>\n<p>&#013;<\/p>\n<ul>&#013;<\/p>\n<li><strong>Tech Webbing:<\/strong>\u00a0\u0112rta un iztur\u012bga elast\u012bga siksna, kas rad\u012bta ilgsto\u0161ai lieto\u0161anai.<\/li>\n<p>&#013;<\/p>\n<li><strong>Zema profila spr\u0101dze<\/strong><\/li>\n<p>&#013;\n<\/ul>\n","protected":false},"excerpt":{"rendered":"<p>Stingra, nodilumiztur\u012bga josta ar met\u0101la spr\u0101dzi. Pietieko\u0161i elast\u012bga, lai neierobe\u017eotu kust\u016bbu br\u012bv\u012bbu. Noder\u0113s s\u0101kot no ikdienas lieto\u0161anas l\u012bdz pat outdoor vajadz\u012bb\u0101m.\u00a0&#013; Specifik\u0101cija: &#013; &#013; &#013; &#013; Garums: &#013; Standart &#8211; l\u012bdz 101.6cm viduklim &#013; &#013; &#013; Platums: &#013; Standart\u00a0&#8211; 3.80cm &#013; &#013; &#013; Materi\u0101ls: &#013; REPREVE\u00ae\ufe0f &#013; &#013; &#013; &#013; &#013; Tech Webbing:\u00a0\u0112rta un iztur\u012bga [&hellip;]<\/p>\n","protected":false},"featured_media":103970,"template":"","meta":[],"product_brand":[5293],"product_cat":[5281],"product_tag":[],"class_list":{"0":"post-103969","1":"product","2":"type-product","3":"status-publish","4":"has-post-thumbnail","6":"product_brand-arcade","7":"product_cat-jostas","9":"first","10":"instock","11":"purchasable","12":"product-type-simple"},"_links":{"self":[{"href":"https:\/\/sezona.lv\/en\/wp-json\/wp\/v2\/product\/103969","targetHints":{"allow":["GET"]}}],"collection":[{"href":"https:\/\/sezona.lv\/en\/wp-json\/wp\/v2\/product"}],"about":[{"href":"https:\/\/sezona.lv\/en\/wp-json\/wp\/v2\/types\/product"}],"wp:featuredmedia":[{"embeddable":true,"href":"https:\/\/sezona.lv\/en\/wp-json\/wp\/v2\/media\/103970"}],"wp:attachment":[{"href":"https:\/\/sezona.lv\/en\/wp-json\/wp\/v2\/media?parent=103969"}],"wp:term":[{"taxonomy":"product_brand","embeddable":true,"href":"https:\/\/sezona.lv\/en\/wp-json\/wp\/v2\/product_brand?post=103969"},{"taxonomy":"product_cat","embeddable":true,"href":"https:\/\/sezona.lv\/en\/wp-json\/wp\/v2\/product_cat?post=103969"},{"taxonomy":"product_tag","embeddable":true,"href":"https:\/\/sezona.lv\/en\/wp-json\/wp\/v2\/product_tag?post=103969"}],"curies":[{"name":"wp","href":"https:\/\/api.w.org\/{rel}","templated":true}]}}