{"id":103973,"date":"2025-08-28T10:52:19","date_gmt":"2025-08-28T07:52:19","guid":{"rendered":"https:\/\/www3.sezona.lv\/?post_type=product&#038;p=103973"},"modified":"2025-08-28T10:54:15","modified_gmt":"2025-08-28T07:54:15","slug":"telts-copper-spur-hv-ul1","status":"publish","type":"product","link":"https:\/\/sezona.lv\/en\/products\/telts-copper-spur-hv-ul1\/","title":{"rendered":"Telts COPPER SPUR HV UL1"},"content":{"rendered":"<p>Br\u012bvi st\u0101vo\u0161a tr\u012bssezonu telts. Kop\u0161 t\u0101s debijas 2008. gad\u0101, daudzreiz godalgot\u0101 Copper Spur ir k\u013cuvusi par Big Agnes popul\u0101r\u0101ko modeli \u012bpa\u0161i vieglo p\u0101rg\u0101jienu telt\u0161u s\u0113rij\u0101. Tagad, pateicoties patent\u0113tajam HyperBead\u2122 audumam, jaun\u0101k\u0101 Copper Spur UL versija ir v\u0113l viegl\u0101ka, iztur\u012bg\u0101ka un ar liel\u0101ku mitrumiztur\u012bbu nek\u0101 jebkad agr\u0101k!<br \/>Pla\u0161a iek\u0161\u0113j\u0101 telpa, vair\u0101kas kabatas ekip\u0113juma organiz\u0113\u0161anai, nojumes tipa durvis un ietilp\u012bgs priek\u0161nams. Kad priorit\u0101te ir svars un komforts, Copper Spur UL ir ide\u0101la izv\u0113le.&#013;<\/p>\n<h4>Specifik\u0101cija:<\/h4>\n<p>&#013;<\/p>\n<table style=\"height: 212px\" width=\"562\">&#013;<\/p>\n<tbody>&#013;<\/p>\n<tr>&#013;<\/p>\n<td><strong>Gr\u012bdas materi\u0101ls<\/strong>:<\/td>\n<p>&#013;<\/p>\n<td>Proprietary HyperBead\u2122 fabric; 15D nylon with 20D solution dyed ripstop and <strong>1500mm<\/strong> waterproof rating without intentionally added PFAS.<br \/>Waterproof, solvent-free polyurethane taped seams (No PVC or VOCs)\u00a0<\/td>\n<p>&#013;<br \/>\n<\/tr>\n<p>&#013;<\/p>\n<tr>&#013;<\/p>\n<td><strong>Tenta materi\u0101ls<\/strong>:<\/td>\n<p>&#013;<\/p>\n<td>Proprietary HyperBead\u2122 fabric; 15D nylon with 20D solution dyed ripstop and <strong>1500mm<\/strong> waterproof rating without intentionally added PFAS.<br \/>Waterproof, solvent-free polyurethane taped seams (No PVC or VOCs)\u00a0<\/td>\n<p>&#013;<br \/>\n<\/tr>\n<p>&#013;<\/p>\n<tr>&#013;<\/p>\n<td><strong>Iek\u0161\u0113j\u0101s telts materi\u0101ls<\/strong>:<\/td>\n<p>&#013;<\/p>\n<td>breathable 15D nylon with 20D solution dyed ripstop, and 15D polyester mesh\u00a0<\/td>\n<p>&#013;<br \/>\n<\/tr>\n<p>&#013;<\/p>\n<tr>&#013;<\/p>\n<td><strong>Minim\u0101lais svars:<\/strong><\/td>\n<p>&#013;<\/p>\n<td>911g<\/td>\n<p>&#013;<br \/>\n<\/tr>\n<p>&#013;<\/p>\n<tr>&#013;<\/p>\n<td><strong>Kop\u0113jais svars:<\/strong><\/td>\n<p>&#013;<\/p>\n<td>1,09kg<\/td>\n<p>&#013;<br \/>\n<\/tr>\n<p>&#013;<\/p>\n<tr>&#013;<\/p>\n<td><strong>Izm\u0113ri:<\/strong><\/td>\n<p>&#013;<\/p>\n<td>224cm x 97 &#8211; 71cm\u00a0<\/td>\n<p>&#013;<br \/>\n<\/tr>\n<p>&#013;<\/p>\n<tr>&#013;<\/p>\n<td><strong>Gr\u012bdas laukums:<\/strong><\/td>\n<p>&#013;<\/p>\n<td>1.9 m\u00b2<\/td>\n<p>&#013;<br \/>\n<\/tr>\n<p>&#013;<\/p>\n<tr>&#013;<\/p>\n<td><strong>Vestibila laukums<\/strong>:<\/td>\n<p>&#013;<\/p>\n<td>0.8 m\u00b2<\/td>\n<p>&#013;<br \/>\n<\/tr>\n<p>&#013;<\/p>\n<tr>&#013;<\/p>\n<td><strong>Nojumes laukums:<\/strong><\/td>\n<p>&#013;<\/p>\n<td>0.84m\u00b2<\/td>\n<p>&#013;<br \/>\n<\/tr>\n<p>&#013;<\/p>\n<tr>&#013;<\/p>\n<td><strong>Sapakotas telts izm\u0113ri<\/strong>:<\/td>\n<p>&#013;<\/p>\n<td>45 x 11 cm<\/td>\n<p>&#013;<br \/>\n<\/tr>\n<p>&#013;<\/p>\n<tr>&#013;<\/p>\n<td><strong>Karkasa loku materi\u0101ls<\/strong>:<\/td>\n<p>&#013;<\/p>\n<td>DAC Featherlite NFL, NSL and pressfit poles\u00a0<\/td>\n<p>&#013;<br \/>\n<\/tr>\n<p>&#013;<\/p>\n<tr>&#013;<\/p>\n<td><strong><strong>Ieeju skaits<\/strong>: <\/strong><\/td>\n<p>&#013;<\/p>\n<td>1<\/td>\n<p>&#013;<br \/>\n<\/tr>\n<p>&#013;<\/p>\n<tr>&#013;<\/p>\n<td><strong>Vietu skaits<\/strong>:<\/td>\n<p>&#013;<\/p>\n<td>1<\/td>\n<p>&#013;<br \/>\n<\/tr>\n<p>&#013;<br \/>\n<\/tbody>\n<p>&#013;<br \/>\n<\/table>\n<p>&#013;<\/p>\n<ul>&#013;<\/p>\n<li><strong>HyperBead\u2122 auduma tehnolo\u0123ija<\/strong> \u2013 Big Agnes iztur\u012bg\u0101kais materi\u0101ls UL s\u0113rij\u0101, veidots t\u0101, lai kalpotu sezonu p\u0113c sezonas.<\/li>\n<p>&#013;<\/p>\n<li><strong>Patent\u0113tais HyperBead\u2122 audums<\/strong> \u2013 par 6% viegl\u0101ks, par 25% \u016bdensiztur\u012bg\u0101ks un par 50% iztur\u012bg\u0101ks nek\u0101 tradicion\u0101lie materi\u0101li, bez papildu \u016bdeni atgr\u016bdo\u0161\u0101m \u0137imik\u0101lij\u0101m.<\/li>\n<p>&#013;<\/p>\n<li><strong>EZ Pack Stuff Sack<\/strong> maiss ar lielu, horizont\u0101lu atv\u0113rumu un kompresijas aizdari, vienk\u0101r\u0161ai un \u0113rtai sapako\u0161anai\u00a0<\/li>\n<p>&#013;<\/p>\n<li><strong>Liela tilpuma, br\u012bvi st\u0101vo\u0161a konstrukcija<\/strong> \u2013 nodro\u0161ina pla\u0161u dz\u012bvojamo telpu un stabilit\u0101ti bez nepiecie\u0161am\u012bbas nostiprin\u0101t st\u016brus.<\/li>\n<p>&#013;<\/p>\n<li><strong>Lielas, viegli lietojamas durvis<\/strong>\u00a0un priek\u0161telpu, kas pasarg\u0101 ekip\u0113jumu no mitruma.<\/li>\n<p>&#013;<\/p>\n<li><strong>Nojumes tipa durvis<\/strong>, ko var atbalst\u012bt ar p\u0101rg\u0101jienu n\u016bj\u0101m (nop\u0113rkamas atsevi\u0161\u0137i) vai komplekt\u0101 iek\u013caut\u0101m aukl\u0101m.\u00a0<\/li>\n<p>&#013;<\/p>\n<li><strong>P\u0101rdom\u0101ta mantu uzglab\u0101\u0161ana<\/strong> \u2013 liela 3D kabata, papildus kabatas griestos un s\u0101nos k\u0101rt\u012bbai un organiz\u0101cijai.<\/li>\n<p>&#013;<\/p>\n<li><strong>Uzlabota ventil\u0101cija<\/strong> \u2013 vair\u0101kas ventil\u0101cijas atveres<\/li>\n<p>&#013;<\/p>\n<li><strong>TipLok\u2122spr\u0101dze<\/strong> dro\u0161ai loku nostiprin\u0161\u0101nai un telts nospriego\u0161anai<\/li>\n<p>&#013;<\/p>\n<li><strong>Viegla uzst\u0101d\u012b\u0161ana<\/strong> \u2013 pateicoties loku savienojumam<\/li>\n<p>&#013;<\/p>\n<li><strong>\u0100tri nostiprin\u0101ms durvju tur\u0113t\u0101js<\/strong> \u2013 \u013cauj \u0113rti un \u0101tri nostiprin\u0101t atv\u0113rtas durvis.<\/li>\n<p>&#013;<\/p>\n<li><strong>Vair\u0101kas cilpas iek\u0161pus\u0113<\/strong> da\u017e\u0101du mantu nostiprin\u0101\u0161anai &#8211; papildus plaukti, laternas, u.c.<\/li>\n<p>&#013;<\/p>\n<li><strong>Iepriek\u0161 piegrieztas atstarojo\u0161as atsaites<\/strong> \u2013 labi redzamas pieres luktura gaism\u0101, lai samazin\u0101tu klup\u0161anas risku.<\/li>\n<p>&#013;<\/p>\n<li>Lai telts kalpotu ilg\u0101k, ieteicams izmantot papildus gr\u012bdu &#8211; <strong>Footprint<\/strong> (nop\u0113rkama atsevi\u0161\u0137i)<\/li>\n<p>&#013;\n<\/ul>\n<p>&#013;<br \/><\/p>\n","protected":false},"excerpt":{"rendered":"<p>Br\u012bvi st\u0101vo\u0161a tr\u012bssezonu telts. Kop\u0161 t\u0101s debijas 2008. gad\u0101, daudzreiz godalgot\u0101 Copper Spur ir k\u013cuvusi par Big Agnes popul\u0101r\u0101ko modeli \u012bpa\u0161i vieglo p\u0101rg\u0101jienu telt\u0161u s\u0113rij\u0101. Tagad, pateicoties patent\u0113tajam HyperBead\u2122 audumam, jaun\u0101k\u0101 Copper Spur UL versija ir v\u0113l viegl\u0101ka, iztur\u012bg\u0101ka un ar liel\u0101ku mitrumiztur\u012bbu nek\u0101 jebkad agr\u0101k!Pla\u0161a iek\u0161\u0113j\u0101 telpa, vair\u0101kas kabatas ekip\u0113juma organiz\u0113\u0161anai, nojumes tipa durvis [&hellip;]<\/p>\n","protected":false},"featured_media":103972,"template":"","meta":[],"product_brand":[5216],"product_cat":[2853],"product_tag":[],"class_list":{"0":"post-103973","1":"product","2":"type-product","3":"status-publish","4":"has-post-thumbnail","6":"product_brand-big-agnes","7":"product_cat-teltis","9":"first","10":"instock","11":"purchasable","12":"product-type-simple"},"_links":{"self":[{"href":"https:\/\/sezona.lv\/en\/wp-json\/wp\/v2\/product\/103973","targetHints":{"allow":["GET"]}}],"collection":[{"href":"https:\/\/sezona.lv\/en\/wp-json\/wp\/v2\/product"}],"about":[{"href":"https:\/\/sezona.lv\/en\/wp-json\/wp\/v2\/types\/product"}],"wp:featuredmedia":[{"embeddable":true,"href":"https:\/\/sezona.lv\/en\/wp-json\/wp\/v2\/media\/103972"}],"wp:attachment":[{"href":"https:\/\/sezona.lv\/en\/wp-json\/wp\/v2\/media?parent=103973"}],"wp:term":[{"taxonomy":"product_brand","embeddable":true,"href":"https:\/\/sezona.lv\/en\/wp-json\/wp\/v2\/product_brand?post=103973"},{"taxonomy":"product_cat","embeddable":true,"href":"https:\/\/sezona.lv\/en\/wp-json\/wp\/v2\/product_cat?post=103973"},{"taxonomy":"product_tag","embeddable":true,"href":"https:\/\/sezona.lv\/en\/wp-json\/wp\/v2\/product_tag?post=103973"}],"curies":[{"name":"wp","href":"https:\/\/api.w.org\/{rel}","templated":true}]}}