{"id":103983,"date":"2025-08-28T10:52:17","date_gmt":"2025-08-28T07:52:17","guid":{"rendered":"https:\/\/www3.sezona.lv\/?post_type=product&#038;p=103983"},"modified":"2025-08-28T10:54:13","modified_gmt":"2025-08-28T07:54:13","slug":"telts-plaukts-gear-loft-3","status":"publish","type":"product","link":"https:\/\/sezona.lv\/en\/products\/telts-plaukts-gear-loft-3\/","title":{"rendered":"Telts plaukts GEAR LOFT"},"content":{"rendered":"<p>Glab\u0101 svar\u012bg\u0101k\u0101s lietas rokas stiepiena att\u0101lum\u0101 ar vieglu ekip\u0113juma plaukti\u0146u, kas piestiprin\u0101ms telt\u012b eso\u0161aj\u0101s cilp\u0101s. P\u0101rliecinies par sader\u012bbu ar savu telti.&#013;<\/p>\n<h4>Specifik\u0101cija:<\/h4>\n<p>&#013;<\/p>\n<table width=\"633\">&#013;<\/p>\n<tbody>&#013;<\/p>\n<tr>&#013;<\/p>\n<td><\/td>\n<p>&#013;<\/p>\n<td style=\"text-align: center\"><strong>Liela Trapece<\/strong><\/td>\n<p>&#013;<\/p>\n<td style=\"text-align: center\"><strong>Kvadr\u0101ts<\/strong><\/td>\n<p>&#013;<\/p>\n<td style=\"text-align: center\"><strong>Trapece<\/strong><\/td>\n<p>&#013;<\/p>\n<td style=\"text-align: center\"><strong>Siena<\/strong><\/td>\n<p>&#013;<br \/>\n<\/tr>\n<p>&#013;<\/p>\n<tr>&#013;<\/p>\n<td><strong>Svars:<\/strong><\/td>\n<p>&#013;<\/p>\n<td style=\"text-align: center\">41g<\/td>\n<p>&#013;<\/p>\n<td style=\"text-align: center\">28g<\/td>\n<p>&#013;<\/p>\n<td style=\"text-align: center\">27g<\/td>\n<p>&#013;<\/p>\n<td style=\"text-align: center\">28g<\/td>\n<p>&#013;<br \/>\n<\/tr>\n<p>&#013;<\/p>\n<tr>&#013;<\/p>\n<td><strong>Izm\u0113rs:<\/strong><\/td>\n<p>&#013;<\/p>\n<td style=\"text-align: center\">32x53x58cm<\/td>\n<p>&#013;<\/p>\n<td style=\"text-align: center\">35x35cm<\/td>\n<p>&#013;<\/p>\n<td style=\"text-align: center\">50x18x34cm<\/td>\n<p>&#013;<\/p>\n<td style=\"text-align: center\">36x62x29cm<\/td>\n<p>&#013;<br \/>\n<\/tr>\n<p>&#013;<\/p>\n<tr>&#013;<\/p>\n<td><strong>Materi\u0101ls:<\/strong><\/td>\n<p>&#013;<\/p>\n<td colspan=\"4\" style=\"text-align: center\">Polyester Mesh<\/td>\n<p>&#013;<br \/>\n<\/tr>\n<p>&#013;<br \/>\n<\/tbody>\n<p>&#013;<br \/>\n<\/table>\n","protected":false},"excerpt":{"rendered":"<p>Glab\u0101 svar\u012bg\u0101k\u0101s lietas rokas stiepiena att\u0101lum\u0101 ar vieglu ekip\u0113juma plaukti\u0146u, kas piestiprin\u0101ms telt\u012b eso\u0161aj\u0101s cilp\u0101s. P\u0101rliecinies par sader\u012bbu ar savu telti.&#013; Specifik\u0101cija: &#013; &#013; &#013; &#013; &#013; Liela Trapece &#013; Kvadr\u0101ts &#013; Trapece &#013; Siena &#013; &#013; &#013; Svars: &#013; 41g &#013; 28g &#013; 27g &#013; 28g &#013; &#013; &#013; Izm\u0113rs: &#013; 32x53x58cm &#013; 35x35cm [&hellip;]<\/p>\n","protected":false},"featured_media":103981,"template":"","meta":[],"product_brand":[5216],"product_cat":[5133],"product_tag":[],"class_list":{"0":"post-103983","1":"product","2":"type-product","3":"status-publish","4":"has-post-thumbnail","6":"product_brand-big-agnes","7":"product_cat-piederumi","9":"first","10":"instock","11":"purchasable","12":"product-type-simple"},"_links":{"self":[{"href":"https:\/\/sezona.lv\/en\/wp-json\/wp\/v2\/product\/103983","targetHints":{"allow":["GET"]}}],"collection":[{"href":"https:\/\/sezona.lv\/en\/wp-json\/wp\/v2\/product"}],"about":[{"href":"https:\/\/sezona.lv\/en\/wp-json\/wp\/v2\/types\/product"}],"wp:featuredmedia":[{"embeddable":true,"href":"https:\/\/sezona.lv\/en\/wp-json\/wp\/v2\/media\/103981"}],"wp:attachment":[{"href":"https:\/\/sezona.lv\/en\/wp-json\/wp\/v2\/media?parent=103983"}],"wp:term":[{"taxonomy":"product_brand","embeddable":true,"href":"https:\/\/sezona.lv\/en\/wp-json\/wp\/v2\/product_brand?post=103983"},{"taxonomy":"product_cat","embeddable":true,"href":"https:\/\/sezona.lv\/en\/wp-json\/wp\/v2\/product_cat?post=103983"},{"taxonomy":"product_tag","embeddable":true,"href":"https:\/\/sezona.lv\/en\/wp-json\/wp\/v2\/product_tag?post=103983"}],"curies":[{"name":"wp","href":"https:\/\/api.w.org\/{rel}","templated":true}]}}