{"id":103985,"date":"2025-08-28T10:52:17","date_gmt":"2025-08-28T07:52:17","guid":{"rendered":"https:\/\/www3.sezona.lv\/?post_type=product&#038;p=103985"},"modified":"2025-08-28T10:54:13","modified_gmt":"2025-08-28T07:54:13","slug":"telts-spriegosanas-virvite-guylines-2","status":"publish","type":"product","link":"https:\/\/sezona.lv\/en\/products\/telts-spriegosanas-virvite-guylines-2\/","title":{"rendered":"Telts spriego\u0161anas virv\u012bte GUYLINES"},"content":{"rendered":"<p>Rezerves spriego\u0161anas auklas, izgatavotas no atstarojo\u0161as, augstas iztur\u012bbas auklas, t\u0101s ir viegli paman\u0101mas pieres luktura gaism\u0101 un pietiekami iztur\u012bgas ar\u012b smag\u0101ku lietu nostiprin\u0101\u0161anai. Pieejami da\u017e\u0101di izm\u0113ri. Komplekt\u0101 2gab.&#013;<\/p>\n<h4>Specifik\u0101cija:<\/h4>\n<p>&#013;<\/p>\n<table width=\"634\">&#013;<\/p>\n<tbody>&#013;<\/p>\n<tr>&#013;<\/p>\n<td><\/td>\n<p>&#013;<\/p>\n<td style=\"text-align: center\"><strong>2mm<\/strong><\/td>\n<p>&#013;<\/p>\n<td style=\"text-align: center\"><strong>3mm<\/strong><\/td>\n<p>&#013;<br \/>\n<\/tr>\n<p>&#013;<\/p>\n<tr>&#013;<\/p>\n<td><strong>Svars:<\/strong><\/td>\n<p>&#013;<\/p>\n<td style=\"text-align: center\">18g<\/td>\n<p>&#013;<\/p>\n<td style=\"text-align: center\">37g<\/td>\n<p>&#013;<br \/>\n<\/tr>\n<p>&#013;<\/p>\n<tr>&#013;<\/p>\n<td><strong>Garums:<\/strong><\/td>\n<p>&#013;<\/p>\n<td style=\"text-align: center\">254cm<\/td>\n<p>&#013;<\/p>\n<td style=\"text-align: center\">381cm<\/td>\n<p>&#013;<br \/>\n<\/tr>\n<p>&#013;<br \/>\n<\/tbody>\n<p>&#013;<br \/>\n<\/table>\n","protected":false},"excerpt":{"rendered":"<p>Rezerves spriego\u0161anas auklas, izgatavotas no atstarojo\u0161as, augstas iztur\u012bbas auklas, t\u0101s ir viegli paman\u0101mas pieres luktura gaism\u0101 un pietiekami iztur\u012bgas ar\u012b smag\u0101ku lietu nostiprin\u0101\u0161anai. Pieejami da\u017e\u0101di izm\u0113ri. Komplekt\u0101 2gab.&#013; Specifik\u0101cija: &#013; &#013; &#013; &#013; &#013; 2mm &#013; 3mm &#013; &#013; &#013; Svars: &#013; 18g &#013; 37g &#013; &#013; &#013; Garums: &#013; 254cm &#013; 381cm &#013; &#013; [&hellip;]<\/p>\n","protected":false},"featured_media":103986,"template":"","meta":[],"product_brand":[5216],"product_cat":[5133],"product_tag":[],"class_list":{"0":"post-103985","1":"product","2":"type-product","3":"status-publish","4":"has-post-thumbnail","6":"product_brand-big-agnes","7":"product_cat-piederumi","9":"first","10":"instock","11":"purchasable","12":"product-type-simple"},"_links":{"self":[{"href":"https:\/\/sezona.lv\/en\/wp-json\/wp\/v2\/product\/103985","targetHints":{"allow":["GET"]}}],"collection":[{"href":"https:\/\/sezona.lv\/en\/wp-json\/wp\/v2\/product"}],"about":[{"href":"https:\/\/sezona.lv\/en\/wp-json\/wp\/v2\/types\/product"}],"wp:featuredmedia":[{"embeddable":true,"href":"https:\/\/sezona.lv\/en\/wp-json\/wp\/v2\/media\/103986"}],"wp:attachment":[{"href":"https:\/\/sezona.lv\/en\/wp-json\/wp\/v2\/media?parent=103985"}],"wp:term":[{"taxonomy":"product_brand","embeddable":true,"href":"https:\/\/sezona.lv\/en\/wp-json\/wp\/v2\/product_brand?post=103985"},{"taxonomy":"product_cat","embeddable":true,"href":"https:\/\/sezona.lv\/en\/wp-json\/wp\/v2\/product_cat?post=103985"},{"taxonomy":"product_tag","embeddable":true,"href":"https:\/\/sezona.lv\/en\/wp-json\/wp\/v2\/product_tag?post=103985"}],"curies":[{"name":"wp","href":"https:\/\/api.w.org\/{rel}","templated":true}]}}