{"id":103988,"date":"2025-08-28T10:52:16","date_gmt":"2025-08-28T07:52:16","guid":{"rendered":"https:\/\/www3.sezona.lv\/?post_type=product&#038;p=103988"},"modified":"2025-08-28T10:54:12","modified_gmt":"2025-08-28T07:54:12","slug":"bloda-mesa-575-mixing-bowl","status":"publish","type":"product","link":"https:\/\/sezona.lv\/en\/products\/bloda-mesa-575-mixing-bowl\/","title":{"rendered":"B\u013coda MESA 5,75&#8243; Mixing Bowl"},"content":{"rendered":"<p>MESA b\u013coda ar bag\u0101t\u012bgu, klasisku emaljas p\u0101rkl\u0101jumu, papildin\u0101ta ar bronzas to\u0146a ner\u016bs\u0113jo\u0161\u0101 t\u0113rauda mali\u0146u.<\/p>\n<p>GSI Outdoors emaljas traukiem ir biezs p\u0101rkl\u0101jums, kas divreiz apdedzin\u0101ts kr\u0101sn\u012b, lai iztur\u0113tu temperat\u016bru l\u012bdz pat 1000\u00b0F (537,8\u00b0C), nodro\u0161inot nep\u0101rsp\u0113jamu iztur\u012bbu gadiem ilgi. Veidoti no iztur\u012bga t\u0113rauda, \u0161ie trauki ir ne tikai piem\u0113roti mazg\u0101\u0161anai trauku mazg\u0101jamaj\u0101 ma\u0161\u012bn\u0101, bet ar\u012b ide\u0101li gan lieto\u0161anai iek\u0161telp\u0101s, gan br\u012bv\u0101 dab\u0101.&#013;<\/p>\n<h4>Specifik\u0101cija:<\/h4>\n<p>&#013;<\/p>\n<table width=\"645\">&#013;<\/p>\n<tbody>&#013;<\/p>\n<tr>&#013;<\/p>\n<td><strong>Svars:<\/strong><\/td>\n<p>&#013;<\/p>\n<td>125g<\/td>\n<p>&#013;<br \/>\n<\/tr>\n<p>&#013;<\/p>\n<tr>&#013;<\/p>\n<td><strong>Izm\u0113ri:<\/strong><\/td>\n<p>&#013;<\/p>\n<td>15.4&#215;15.4&#215;5.1cm<\/td>\n<p>&#013;<br \/>\n<\/tr>\n<p>&#013;<\/p>\n<tr>&#013;<\/p>\n<td><strong>Materi\u0101ls:<\/strong><\/td>\n<p>&#013;<\/p>\n<td>Enamel\/Metal<\/td>\n<p>&#013;<br \/>\n<\/tr>\n<p>&#013;<br \/>\n<\/tbody>\n<p>&#013;<br \/>\n<\/table>\n","protected":false},"excerpt":{"rendered":"<p>MESA b\u013coda ar bag\u0101t\u012bgu, klasisku emaljas p\u0101rkl\u0101jumu, papildin\u0101ta ar bronzas to\u0146a ner\u016bs\u0113jo\u0161\u0101 t\u0113rauda mali\u0146u. GSI Outdoors emaljas traukiem ir biezs p\u0101rkl\u0101jums, kas divreiz apdedzin\u0101ts kr\u0101sn\u012b, lai iztur\u0113tu temperat\u016bru l\u012bdz pat 1000\u00b0F (537,8\u00b0C), nodro\u0161inot nep\u0101rsp\u0113jamu iztur\u012bbu gadiem ilgi. Veidoti no iztur\u012bga t\u0113rauda, \u0161ie trauki ir ne tikai piem\u0113roti mazg\u0101\u0161anai trauku mazg\u0101jamaj\u0101 ma\u0161\u012bn\u0101, bet ar\u012b ide\u0101li gan [&hellip;]<\/p>\n","protected":false},"featured_media":103989,"template":"","meta":[],"product_brand":[959],"product_cat":[5127],"product_tag":[],"class_list":{"0":"post-103988","1":"product","2":"type-product","3":"status-publish","4":"has-post-thumbnail","6":"product_brand-gsi-outdoors","7":"product_cat-blodas-un-kruzes","9":"first","10":"instock","11":"purchasable","12":"product-type-simple"},"_links":{"self":[{"href":"https:\/\/sezona.lv\/en\/wp-json\/wp\/v2\/product\/103988","targetHints":{"allow":["GET"]}}],"collection":[{"href":"https:\/\/sezona.lv\/en\/wp-json\/wp\/v2\/product"}],"about":[{"href":"https:\/\/sezona.lv\/en\/wp-json\/wp\/v2\/types\/product"}],"wp:featuredmedia":[{"embeddable":true,"href":"https:\/\/sezona.lv\/en\/wp-json\/wp\/v2\/media\/103989"}],"wp:attachment":[{"href":"https:\/\/sezona.lv\/en\/wp-json\/wp\/v2\/media?parent=103988"}],"wp:term":[{"taxonomy":"product_brand","embeddable":true,"href":"https:\/\/sezona.lv\/en\/wp-json\/wp\/v2\/product_brand?post=103988"},{"taxonomy":"product_cat","embeddable":true,"href":"https:\/\/sezona.lv\/en\/wp-json\/wp\/v2\/product_cat?post=103988"},{"taxonomy":"product_tag","embeddable":true,"href":"https:\/\/sezona.lv\/en\/wp-json\/wp\/v2\/product_tag?post=103988"}],"curies":[{"name":"wp","href":"https:\/\/api.w.org\/{rel}","templated":true}]}}