{"id":103996,"date":"2025-08-28T10:52:15","date_gmt":"2025-08-28T07:52:15","guid":{"rendered":"https:\/\/www3.sezona.lv\/?post_type=product&#038;p=103996"},"modified":"2025-08-28T10:54:11","modified_gmt":"2025-08-28T07:54:11","slug":"patagonia-bikses-triolet-pants-m-2","status":"publish","type":"product","link":"https:\/\/sezona.lv\/en\/products\/patagonia-bikses-triolet-pants-m-2\/","title":{"rendered":"Patagonia bikses TRIOLET Pants M"},"content":{"rendered":"<p>&#8220;Alpu darba zirgs&#8221;, kas rad\u012bts, lai iztur\u0113tu aukstus, sniegotus apst\u0101k\u013cus \u2013 Triolet bikses ir izgatavotas no tr\u012bssl\u0101\u0146u, \u016bdensnecaurlaid\u012bga un elpojo\u0161a GORE-TEX auduma, kas piln\u012bb\u0101 veidots no 100% p\u0101rstr\u0101d\u0101ta materi\u0101la, ar pilna garuma s\u0101nu r\u0101v\u0113jsl\u0113dz\u0113jiem. Audums, membr\u0101na un iztur\u012bgais \u016bdeni atgr\u016bdo\u0161ais (DWR) p\u0101rkl\u0101jums ir izgatavoti bez apzin\u0101ti pievienot\u0101m PFAS viel\u0101m. Iek\u0161\u0113j\u0101 \u0161uves garums: 81 cm (32&#8243;). Ra\u017eots r\u016bpn\u012bc\u0101, kas sertific\u0113ta ar God\u012bgas tirdzniec\u012bbas standartu (Fair Trade Certified\u2122).&#013;<\/p>\n<h4>Specifik\u0101cija:<\/h4>\n<p>&#013;<\/p>\n<table width=\"631\">&#013;<\/p>\n<tbody>&#013;<\/p>\n<tr>&#013;<\/p>\n<td><strong>Materi\u0101ls:<\/strong><\/td>\n<p>&#013;<\/p>\n<td><span style=\"text-decoration: underline\">Shell<\/span><br \/>3-layer, 5-oz 75-denier 100% recycled polyester GORE-TEX fabric with a tricot backer and a durable water repellent (DWR) finish<br \/><span style=\"text-decoration: underline\">Scuff guards<\/span><br \/>2-layer, 7-oz 210-denier 100% recycled nylon laminate with a PU coating and a DWR finish<br \/>Fabrics, membrane and DWR finish made without intentionally added PFAS<br \/>Shell fabric is certified as bluesign\u00ae approved<br \/><span style=\"text-decoration: underline\">Care Instructions<\/span><br \/>Machine Wash Warm, Do Not Bleach, Tumble Dry Low, Warm Iron, Do Not Use Fabric Softeners<\/td>\n<p>&#013;<br \/>\n<\/tr>\n<p>&#013;<\/p>\n<tr>&#013;<\/p>\n<td><strong>Piegriezums:<\/strong><\/td>\n<p>&#013;<\/p>\n<td>Regular<\/td>\n<p>&#013;<br \/>\n<\/tr>\n<p>&#013;<\/p>\n<tr>&#013;<\/p>\n<td><strong>Svars:<\/strong><\/td>\n<p>&#013;<\/p>\n<td>520g<\/td>\n<p>&#013;<br \/>\n<\/tr>\n<p>&#013;<br \/>\n<\/tbody>\n<p>&#013;<br \/>\n<\/table>\n<p>&#013;<\/p>\n<p><span style=\"text-decoration: underline\"><strong>100% p\u0101rstr\u0101d\u0101ts, tehnisks GORE-TEX audums<\/strong><\/span><br \/>Tr\u012bssl\u0101\u0146u \u016bdensnecaurlaid\u012bgs, elpojo\u0161s un v\u0113ju necaurlaid\u012bgs GORE-TEX audums ar iztur\u012bgu 100% p\u0101rstr\u0101d\u0101ta poliestera virsk\u0101rtu. Audums, membr\u0101na un DWR p\u0101rkl\u0101jums izgatavoti bez apzin\u0101ti pievienot\u0101m PFAS viel\u0101m.<\/p>\n<p><span style=\"text-decoration: underline\"><strong>Kust\u012bbu br\u012bv\u012bba, maksim\u0101ls komforts<\/strong><\/span><br \/>Ergonomisks piegriezums un papildus ieloces nodro\u0161ina kust\u012bbu br\u012bv\u012bbu un \u0113rt\u012bbu ar\u012b valk\u0101jot kop\u0101 ar k\u0101p\u0161anas iekari<\/p>\n<p><span style=\"text-decoration: underline\"><strong>Regul\u0113jama jostas da\u013ca<\/strong><\/span><br \/>Jostas da\u013ca ar spiedpog\u0101m abos s\u0101nos, r\u0101v\u0113jsl\u0113dz\u0113ju, jostas cilp\u0101m un iek\u0161\u0113jiem, elast\u012bgu iek\u0161\u0113jo bahilu<\/p>\n<p><span style=\"text-decoration: underline\"><strong>Pilna garuma divvirzienu r\u0101v\u0113jsl\u0113dz\u0113ji<\/strong><\/span><br \/>S\u0101nu r\u0101v\u0113jsl\u0113dz\u0113ji \u013cauj vienk\u0101r\u0161i uzvilkt vai novilkt bikses ar z\u0101bakiem k\u0101j\u0101s. Nostiprin\u0101mi ar spiedpog\u0101m jostasviet\u0101 un bik\u0161u galos<\/p>\n<p><span style=\"text-decoration: underline\"><strong>Funkcion\u0101las kabatas<\/strong><\/span><br \/>Divas \u016bdensnecaurlaid\u012bgas \u2013 aizsarg\u0101 rokas un nepiecie\u0161am\u0101s lietas.<\/p>\n<p><span style=\"text-decoration: underline\"><strong>Piel\u0101gotas sniegotiem apst\u0101k\u013ciem<\/strong><\/span><br \/>Divsl\u0101\u0146u bik\u0161u gali ar nodilumiztur\u012bgiem pastiprin\u0101jumime, iek\u0161\u0113jo bahilu (rgul\u0113jama). Iek\u0161\u0113j\u0101s \u0161uves garums \u2013 81 cm (32&#8243;).<\/p>\n<p><span style=\"text-decoration: underline\"><strong>RECCO\u00ae gl\u0101b\u0161anas tehnolo\u0123ija<\/strong><\/span><br \/>Ieb\u016bv\u0113ts RECCO\u00ae raid\u012bt\u0101js \u0101rk\u0101rtas gad\u012bjumiem\/gl\u0101b\u0161anas oper\u0101cij\u0101m<\/p>\n<p><span style=\"text-decoration: underline\"><strong>Atbalsts cilv\u0113kiem, kuri izgatavoja \u0161o produktu<\/strong><\/span><br \/>Ra\u017eots Fair Trade Certified\u2122 r\u016bpn\u012bc\u0101, kas noz\u012bm\u0113, ka cilv\u0113ki, kas izgatavoja \u0161o produktu, nopeln\u012bja god\u012bgu samaksu par savu darbu<\/p>\n","protected":false},"excerpt":{"rendered":"<p>&#8220;Alpu darba zirgs&#8221;, kas rad\u012bts, lai iztur\u0113tu aukstus, sniegotus apst\u0101k\u013cus \u2013 Triolet bikses ir izgatavotas no tr\u012bssl\u0101\u0146u, \u016bdensnecaurlaid\u012bga un elpojo\u0161a GORE-TEX auduma, kas piln\u012bb\u0101 veidots no 100% p\u0101rstr\u0101d\u0101ta materi\u0101la, ar pilna garuma s\u0101nu r\u0101v\u0113jsl\u0113dz\u0113jiem. Audums, membr\u0101na un iztur\u012bgais \u016bdeni atgr\u016bdo\u0161ais (DWR) p\u0101rkl\u0101jums ir izgatavoti bez apzin\u0101ti pievienot\u0101m PFAS viel\u0101m. Iek\u0161\u0113j\u0101 \u0161uves garums: 81 cm (32&#8243;). [&hellip;]<\/p>\n","protected":false},"featured_media":103995,"template":"","meta":[],"product_brand":[5291],"product_cat":[5246],"product_tag":[],"class_list":{"0":"post-103996","1":"product","2":"type-product","3":"status-publish","4":"has-post-thumbnail","6":"product_brand-patagonia","7":"product_cat-lietus-bikses","9":"first","10":"instock","11":"purchasable","12":"product-type-simple"},"_links":{"self":[{"href":"https:\/\/sezona.lv\/en\/wp-json\/wp\/v2\/product\/103996","targetHints":{"allow":["GET"]}}],"collection":[{"href":"https:\/\/sezona.lv\/en\/wp-json\/wp\/v2\/product"}],"about":[{"href":"https:\/\/sezona.lv\/en\/wp-json\/wp\/v2\/types\/product"}],"wp:featuredmedia":[{"embeddable":true,"href":"https:\/\/sezona.lv\/en\/wp-json\/wp\/v2\/media\/103995"}],"wp:attachment":[{"href":"https:\/\/sezona.lv\/en\/wp-json\/wp\/v2\/media?parent=103996"}],"wp:term":[{"taxonomy":"product_brand","embeddable":true,"href":"https:\/\/sezona.lv\/en\/wp-json\/wp\/v2\/product_brand?post=103996"},{"taxonomy":"product_cat","embeddable":true,"href":"https:\/\/sezona.lv\/en\/wp-json\/wp\/v2\/product_cat?post=103996"},{"taxonomy":"product_tag","embeddable":true,"href":"https:\/\/sezona.lv\/en\/wp-json\/wp\/v2\/product_tag?post=103996"}],"curies":[{"name":"wp","href":"https:\/\/api.w.org\/{rel}","templated":true}]}}