{"id":104008,"date":"2025-08-28T10:52:12","date_gmt":"2025-08-28T07:52:12","guid":{"rendered":"https:\/\/www3.sezona.lv\/?post_type=product&#038;p=104008"},"modified":"2025-08-28T10:54:09","modified_gmt":"2025-08-28T07:54:09","slug":"patagonia-bikses-terravia-alpine-pants-m-regular","status":"publish","type":"product","link":"https:\/\/sezona.lv\/en\/products\/patagonia-bikses-terravia-alpine-pants-m-regular\/","title":{"rendered":"Patagonia bikses TERRAVIA Alpine Pants M Regular"},"content":{"rendered":"<p>Vieglas, iztur\u012bgas softshell bikses kalnu mar\u0161rutiem, tehniskiem p\u0101rg\u0101jieniem. Izstr\u0101d\u0101tas maksim\u0101lai mobilit\u0101tei un iztur\u012bbai. Ra\u017eotas Fair Trade Certified\u2122 r\u016bpn\u012bc\u0101.&#013;<\/p>\n<h4>Specifik\u0101cija:<\/h4>\n<p>&#013;<\/p>\n<table width=\"631\">&#013;<\/p>\n<tbody>&#013;<\/p>\n<tr>&#013;<\/p>\n<td><strong>Materi\u0101ls:<\/strong><\/td>\n<p>&#013;<\/p>\n<td><span style=\"text-decoration: underline\">Body<\/span><br \/>4.7-oz 86% recycled polyester\/14% recycled elastane dobby with four-way stretch and a durable water repellent (DWR) finish made without intentionally added PFAS<br \/><span style=\"text-decoration: underline\">Panels<\/span><br \/>4.5-oz 85% recycled nylon\/15% recycled elastane plain weave with four-way stretch and a DWR finish made without intentionally added PFAS<br \/><span style=\"text-decoration: underline\">Pocket bags<\/span><br \/>2.1-oz 100% recycled polyester tricot mesh<br \/>Body and panel fabrics are certified as bluesign\u00ae approveed<br \/>Made in a Fair Trade Certified\u2122 factory<br \/><span style=\"text-decoration: underline\">Care Instructions<\/span><br \/>Machine Wash Warm, Do Not Bleach, Tumble Dry Low, Cool Iron<\/td>\n<p>&#013;<br \/>\n<\/tr>\n<p>&#013;<\/p>\n<tr>&#013;<\/p>\n<td><strong>Piegriezums:<\/strong><\/td>\n<p>&#013;<\/p>\n<td>Slim<\/td>\n<p>&#013;<br \/>\n<\/tr>\n<p>&#013;<\/p>\n<tr>&#013;<\/p>\n<td><strong>Svars:<\/strong><\/td>\n<p>&#013;<\/p>\n<td>340g<\/td>\n<p>&#013;<br \/>\n<\/tr>\n<p>&#013;<br \/>\n<\/tbody>\n<p>&#013;<br \/>\n<\/table>\n<p>&#013;<br \/>\n<span style=\"text-decoration: underline\"><strong>Rad\u012btas kust\u012bbai un iztur\u012bbai<\/strong><\/span><br \/>Viegls p\u0101rstr\u0101d\u0101ta poliestera un elast\u0101na audums nodro\u0161ina lielisku elast\u012bbu un kust\u012bbu br\u012bv\u012bbu. P\u0101rstr\u0101d\u0101ta neilona un elast\u0101na ielaidumi papildus aizsardz\u012bbai pret nodilumu.<\/p>\n<p><span style=\"text-decoration: underline\"><strong>Aizsardz\u012bba pret mitrumu<\/strong><\/span><br \/>Audums apstr\u0101d\u0101ts ar \u016bdeni atgr\u016bdo\u0161u (DWR) p\u0101rkl\u0101jumu, kas nesatur apzin\u0101ti pievienotas PFAS vielas. Aizsarg\u0101 pret vieglu mitrumu, saglab\u0101jot sausumu kust\u012bb\u0101.<\/p>\n<p><span style=\"text-decoration: underline\"><strong>Komforts visas dienas garum\u0101<\/strong><\/span><br \/>Ergonomisks piegriezums ar ieloc\u0113m nodro\u0161ina optim\u0101lu kust\u012bbu br\u012bv\u012bbu gan p\u0101rg\u0101jienos, gan klin\u0161u k\u0101p\u0161an\u0101. Piem\u0113rotas valk\u0101\u0161anai ar k\u0101p\u0161anas\u00a0 sist\u0113mu.<\/p>\n<p><span style=\"text-decoration: underline\"><strong>Zema profila jostas da\u013ca<\/strong><\/span><br \/>Jostasvieta ar r\u0101v\u0113jsl\u0113dz\u0113ju un integr\u0113tu, regul\u0113jamu jostu. \u0112rta zem k\u0101p\u0161anas sist\u0113mas vai mugursomas jostas.<\/p>\n<p><span style=\"text-decoration: underline\"><strong>Funkcion\u0101las kabatas<\/strong><\/span><br \/>Divas kabatas priek\u0161\u0101, viena aizmugur\u0113 un viena uz lab\u0101 aug\u0161stilba<\/p>\n<p><span style=\"text-decoration: underline\"><strong>Nodilumiztur\u012bgi ielaidumi<\/strong><\/span><br \/>Nodilumiztur\u012bgi ielaidumi viet\u0101s, kur ir visliel\u0101k\u0101 berze. Regul\u0113jami\/savelkami bik\u0161u gali.\u00a0<\/p>\n<p><span style=\"text-decoration: underline\"><strong>Iek\u0161\u0113j\u0101s \u0161uves garums<\/strong><\/span><br \/>Standarta iek\u0161\u0113j\u0101s \u0161uves garums ir 81 cm (32&#8243;).<\/p>\n<p><span style=\"text-decoration: underline\"><strong>Atbalsts cilv\u0113kiem, kuri izgatavoja \u0161o produktu<\/strong><\/span><br \/>Ra\u017eots Fair Trade Certified\u2122 r\u016bpn\u012bc\u0101, kas noz\u012bm\u0113, ka cilv\u0113ki, kas izgatavoja \u0161o produktu, nopeln\u012bja god\u012bgu samaksu par savu darbu<\/p>\n","protected":false},"excerpt":{"rendered":"<p>Vieglas, iztur\u012bgas softshell bikses kalnu mar\u0161rutiem, tehniskiem p\u0101rg\u0101jieniem. Izstr\u0101d\u0101tas maksim\u0101lai mobilit\u0101tei un iztur\u012bbai. Ra\u017eotas Fair Trade Certified\u2122 r\u016bpn\u012bc\u0101.&#013; Specifik\u0101cija: &#013; &#013; &#013; &#013; Materi\u0101ls: &#013; Body4.7-oz 86% recycled polyester\/14% recycled elastane dobby with four-way stretch and a durable water repellent (DWR) finish made without intentionally added PFASPanels4.5-oz 85% recycled nylon\/15% recycled elastane plain weave with [&hellip;]<\/p>\n","protected":false},"featured_media":104005,"template":"","meta":[],"product_brand":[5291],"product_cat":[3002],"product_tag":[],"class_list":{"0":"post-104008","1":"product","2":"type-product","3":"status-publish","4":"has-post-thumbnail","6":"product_brand-patagonia","7":"product_cat-softshell-bikses","9":"first","10":"instock","11":"purchasable","12":"product-type-simple"},"_links":{"self":[{"href":"https:\/\/sezona.lv\/en\/wp-json\/wp\/v2\/product\/104008","targetHints":{"allow":["GET"]}}],"collection":[{"href":"https:\/\/sezona.lv\/en\/wp-json\/wp\/v2\/product"}],"about":[{"href":"https:\/\/sezona.lv\/en\/wp-json\/wp\/v2\/types\/product"}],"wp:featuredmedia":[{"embeddable":true,"href":"https:\/\/sezona.lv\/en\/wp-json\/wp\/v2\/media\/104005"}],"wp:attachment":[{"href":"https:\/\/sezona.lv\/en\/wp-json\/wp\/v2\/media?parent=104008"}],"wp:term":[{"taxonomy":"product_brand","embeddable":true,"href":"https:\/\/sezona.lv\/en\/wp-json\/wp\/v2\/product_brand?post=104008"},{"taxonomy":"product_cat","embeddable":true,"href":"https:\/\/sezona.lv\/en\/wp-json\/wp\/v2\/product_cat?post=104008"},{"taxonomy":"product_tag","embeddable":true,"href":"https:\/\/sezona.lv\/en\/wp-json\/wp\/v2\/product_tag?post=104008"}],"curies":[{"name":"wp","href":"https:\/\/api.w.org\/{rel}","templated":true}]}}