{"id":104014,"date":"2025-08-28T10:52:11","date_gmt":"2025-08-28T07:52:11","guid":{"rendered":"https:\/\/www3.sezona.lv\/?post_type=product&#038;p=104014"},"modified":"2025-08-28T10:54:08","modified_gmt":"2025-08-28T07:54:08","slug":"bikses-terrebonne-joggers-m-2","status":"publish","type":"product","link":"https:\/\/sezona.lv\/en\/products\/bikses-terrebonne-joggers-m-2\/","title":{"rendered":"Bikses TERREBONNE Joggers M"},"content":{"rendered":"<p>Terrebonne Joggers v\u012brie\u0161u bikses \u2013 vieglas, funkcion\u0101las un daudzpus\u012bgas.<br \/>Lielisks papildin\u0101jums tavai akt\u012bv\u0101s atp\u016btas garderobei. \u012apa\u0161i vieglas un \u0113rtas bikses, kas piem\u0113rotas p\u0101rg\u0101jieniem, bouloderingam vai jogai. Terrebonne Joggers ir izgatavotas no elpojo\u0161a un \u0101tri \u017e\u016bsto\u0161a materi\u0101la, nodro\u0161inot komfortu visas dienas garum\u0101. Elast\u012bga jostasvieta un bik\u0161u gali garant\u0113 lielisku piegulumu un kust\u012bbu br\u012bv\u012bbu.<br \/>Mitrumu atgr\u016bdo\u0161a DWR apdare pasarg\u0101 no viegla lietus un mitruma \u2013 turkl\u0101t bez t\u012b\u0161i pievienot\u0101m PFAS viel\u0101m. UPF40 aizsardz\u012bba no saules. Iek\u0161\u0161uves garums: 76 cm (30&#8243;).&#013;<\/p>\n<h4>Specifik\u0101cija:<\/h4>\n<p>&#013;<\/p>\n<table width=\"631\">&#013;<\/p>\n<tbody>&#013;<\/p>\n<tr>&#013;<\/p>\n<td><strong>Materi\u0101ls:<\/strong><\/td>\n<p>&#013;<\/p>\n<td><span style=\"text-decoration: underline\">Body<\/span><br \/>2.7-oz 100% recycled polyester stretch ripstop with a durable water repellent (DWR) finish made without intentionally added PFAS, and 40+ UPF sun protection<br \/><span style=\"text-decoration: underline\">Waistband and cuffs<\/span><br \/>3.7-oz 90% recycled polyester\/10% elastane plain weave with a DWR finish made without intentionally added PFAS<br \/><span style=\"text-decoration: underline\">Pocket bags<\/span><br \/>2.3-oz 100% recycled polyester tricot mesh<br \/>Waistband\/cuff and pocket bag fabrics are certified as bluesign\u00ae approved<br \/>Made in a Fair Trade Certified\u2122 factory<br \/><span style=\"text-decoration: underline\">Care Instructions<\/span><br \/>Machine Wash Warm, Do Not Bleach, Tumble Dry Low, Cool Iron<\/td>\n<p>&#013;<br \/>\n<\/tr>\n<p>&#013;<\/p>\n<tr>&#013;<\/p>\n<td><strong>Piegriezums:<\/strong><\/td>\n<p>&#013;<\/p>\n<td>Slim<\/td>\n<p>&#013;<br \/>\n<\/tr>\n<p>&#013;<\/p>\n<tr>&#013;<\/p>\n<td><strong>Svars:<\/strong><\/td>\n<p>&#013;<\/p>\n<td>170g<\/td>\n<p>&#013;<br \/>\n<\/tr>\n<p>&#013;<br \/>\n<\/tbody>\n<p>&#013;<br \/>\n<\/table>\n<p>&#013;<br \/>\n<span style=\"text-decoration: underline\"><strong>Slim fit stila jogger bikses ar elast\u012bgu jostasvietu un bik\u0161u galiem<\/strong><\/span><br \/>Izstr\u0101d\u0101tas akt\u012bvam dz\u012bvesveidam un kust\u012bbu br\u012bv\u012bbai, pateicoties elast\u012bgai jostasvietai un bik\u0161u galiem. 100% p\u0101rstr\u0101d\u0101ta poliestera ripstop materi\u0101ls ar \u010detrvirzienu elast\u012bbu, mitrumu atgr\u016bdo\u0161u DWR apdari (bez t\u012b\u0161i pievienot\u0101m PFAS viel\u0101m) un 40+ UPF saules aizsardz\u012bbu.<\/p>\n<p><span style=\"text-decoration: underline\"><strong>Regul\u0113jama jostasvieta<\/strong><\/span><br \/>Ar aukli\u0146u savelkama jostasvieta<\/p>\n<p><span style=\"text-decoration: underline\"><strong>Praktiskas kabatas<\/strong><\/span><br \/>Divas kabatas s\u0101nos, viena ar r\u0101v\u0113jsl\u0113dz\u0113ju aizmugur\u0113<\/p>\n<p><span style=\"text-decoration: underline\"><strong>Ergonomisks dizains<\/strong><\/span><br \/>\u012bpa\u0161i veidoti ce\u013cu ieliekumi nodro\u0161ina pilnu kust\u012bbu br\u012bv\u012bbu<\/p>\n<p><span style=\"text-decoration: underline\"><strong>Sakompres\u0113jamas<\/strong><\/span><br \/>\u012apa\u0161i vieglas un kompakti saliekamas \u2013 lieliski piem\u0113rotas ce\u013co\u0161anai vai akt\u012bvai atp\u016btai<\/p>\n<p><span style=\"text-decoration: underline\"><strong>Redzam\u012bba v\u0101j\u0101 apgaismojum\u0101\u00a0<\/strong><\/span><br \/>Atstarojo\u0161s logotips uz kreis\u0101 aug\u0161stilba<\/p>\n<p><span style=\"text-decoration: underline\"><strong>Atbalsts cilv\u0113kiem, kuri izgatavoja \u0161o produktu<\/strong><\/span><br \/>Ra\u017eots Fair Trade Certified\u2122 r\u016bpn\u012bc\u0101, kas noz\u012bm\u0113, ka cilv\u0113ki, kas izgatavoja \u0161o produktu, nopeln\u012bja god\u012bgu samaksu par savu darbu<\/p>\n","protected":false},"excerpt":{"rendered":"<p>Terrebonne Joggers v\u012brie\u0161u bikses \u2013 vieglas, funkcion\u0101las un daudzpus\u012bgas.Lielisks papildin\u0101jums tavai akt\u012bv\u0101s atp\u016btas garderobei. \u012apa\u0161i vieglas un \u0113rtas bikses, kas piem\u0113rotas p\u0101rg\u0101jieniem, bouloderingam vai jogai. Terrebonne Joggers ir izgatavotas no elpojo\u0161a un \u0101tri \u017e\u016bsto\u0161a materi\u0101la, nodro\u0161inot komfortu visas dienas garum\u0101. Elast\u012bga jostasvieta un bik\u0161u gali garant\u0113 lielisku piegulumu un kust\u012bbu br\u012bv\u012bbu.Mitrumu atgr\u016bdo\u0161a DWR apdare pasarg\u0101 [&hellip;]<\/p>\n","protected":false},"featured_media":104011,"template":"","meta":[],"product_brand":[5291],"product_cat":[967],"product_tag":[],"class_list":{"0":"post-104014","1":"product","2":"type-product","3":"status-publish","4":"has-post-thumbnail","6":"product_brand-patagonia","7":"product_cat-bez-kategorijas","9":"first","10":"outofstock","11":"purchasable","12":"product-type-simple"},"_links":{"self":[{"href":"https:\/\/sezona.lv\/en\/wp-json\/wp\/v2\/product\/104014","targetHints":{"allow":["GET"]}}],"collection":[{"href":"https:\/\/sezona.lv\/en\/wp-json\/wp\/v2\/product"}],"about":[{"href":"https:\/\/sezona.lv\/en\/wp-json\/wp\/v2\/types\/product"}],"wp:featuredmedia":[{"embeddable":true,"href":"https:\/\/sezona.lv\/en\/wp-json\/wp\/v2\/media\/104011"}],"wp:attachment":[{"href":"https:\/\/sezona.lv\/en\/wp-json\/wp\/v2\/media?parent=104014"}],"wp:term":[{"taxonomy":"product_brand","embeddable":true,"href":"https:\/\/sezona.lv\/en\/wp-json\/wp\/v2\/product_brand?post=104014"},{"taxonomy":"product_cat","embeddable":true,"href":"https:\/\/sezona.lv\/en\/wp-json\/wp\/v2\/product_cat?post=104014"},{"taxonomy":"product_tag","embeddable":true,"href":"https:\/\/sezona.lv\/en\/wp-json\/wp\/v2\/product_tag?post=104014"}],"curies":[{"name":"wp","href":"https:\/\/api.w.org\/{rel}","templated":true}]}}