{"id":104033,"date":"2025-08-28T10:52:03","date_gmt":"2025-08-28T07:52:03","guid":{"rendered":"https:\/\/www3.sezona.lv\/?post_type=product&#038;p=104033"},"modified":"2025-08-28T10:54:04","modified_gmt":"2025-08-28T07:54:04","slug":"aizsargkivere-tectum-air","status":"publish","type":"product","link":"https:\/\/sezona.lv\/en\/products\/aizsargkivere-tectum-air\/","title":{"rendered":"Aizsarg\u0137ivere Tectum Air"},"content":{"rendered":"<p>TECTUM AIR ir darba dro\u0161\u012bbas \u0137ivere ar aizveramiem ventil\u0101cijas atv\u0113rumiem. T\u0101 izce\u013cas ar modernu dizainu un funkcionalit\u0101ti. K\u0101 daudzfunkcion\u0101ls produkts, tas atbilst standartiem EN 12492, EN 397 (ar aizv\u0113rtiem ventil\u0101cijas atv\u0113rumiem) un ANSI\/ISEA Z89.1-2014 type I class C pras\u012bb\u0101m.<br \/>Triecieniztur\u012bga \u0137iveres \u0101r\u0113j\u0101 \u010daula ir izgatavota no viegla, ta\u010du iztur\u012bgas ABS plastmasas, bet iek\u0161\u0113j\u0101 \u010daula \u2013 no triecienu absorb\u0113jo\u0161a EPS materi\u0101la. Integr\u0113tie \u201cEuroslot\u201d stiprin\u0101jumi, luktura skavas un papildu piestiprin\u0101\u0161anas punkti \u013cauj viegli pievienot aksesu\u0101rus, t\u0101d\u0113j\u0101di piel\u0101gojot \u0137iveri da\u017e\u0101diem darba apst\u0101k\u013ciem un vajadz\u012bb\u0101m.<br \/>Pateicoties regul\u0113jamai zoda siksnai un piel\u0101gojamajai \u201cWing Fit\u201d sist\u0113mai ar regul\u0113\u0161anas riten\u012bti galvas aizmugur\u0113, TECTUM AIR nodro\u0161ina dro\u0161u un vienlaikus \u0113rtu valk\u0101\u0161anu.&#013;<\/p>\n<h4>Specifik\u0101cija:<\/h4>\n<p>&#013;<\/p>\n<table width=\"653\">&#013;<\/p>\n<tbody>&#013;<\/p>\n<tr>&#013;<\/p>\n<td><strong>Izm\u0113rs:<\/strong><\/td>\n<p>&#013;<\/p>\n<td>53-63cm<\/td>\n<p>&#013;<br \/>\n<\/tr>\n<p>&#013;<\/p>\n<tr>&#013;<\/p>\n<td><strong>Svars:<\/strong><\/td>\n<p>&#013;<\/p>\n<td>450g<\/td>\n<p>&#013;<br \/>\n<\/tr>\n<p>&#013;<\/p>\n<tr>&#013;<\/p>\n<td><strong>Sertifik\u0101cija:<\/strong><\/td>\n<p>&#013;<\/p>\n<td>Certification: EN 12492<br \/>Certification: EN 397<br \/>Certification: UIAA 106<br \/>Certification: ANSI Z89.1 Type 1 Class C\u00a0<\/td>\n<p>&#013;<br \/>\n<\/tr>\n<p>&#013;<br \/>\n<\/tbody>\n<p>&#013;<br \/>\n<\/table>\n<p>&#013;<\/p>\n<ul>&#013;<\/p>\n<li>S\u0101nu stiprin\u0101jumu iesp\u0113jas dzirdes aizsargiem un\/vai vizierim (30 mm Euroslot)<\/li>\n<p>&#013;<\/p>\n<li>\u010cetras iztur\u012bgas luktura un aksesu\u0101ru skavas<\/li>\n<p>&#013;<\/p>\n<li>Zoda siksna un iek\u0161\u0113jais polster\u0113jums ir nomain\u0101mi un mazg\u0101jami<\/li>\n<p>&#013;<\/p>\n<li>HiVis modelis nodro\u0161ina uzlabotu redzam\u012bbu, pateicoties kr\u0101su sh\u0113mai un iepriek\u0161 izgatavot\u0101m atstarojo\u0161a materi\u0101la uzl\u012bm\u0113m<\/li>\n<p>&#013;<\/p>\n<li>Lieli, aizverami ventil\u0101cijas atv\u0113rumi<\/li>\n<p>&#013;<\/p>\n<li>Nomain\u0101ma zoda siksnas spr\u0101dze atbilsto\u0161i EN 397 un EN 12492 pras\u012bb\u0101m<\/li>\n<p>&#013;\n<\/ul>\n","protected":false},"excerpt":{"rendered":"<p>TECTUM AIR ir darba dro\u0161\u012bbas \u0137ivere ar aizveramiem ventil\u0101cijas atv\u0113rumiem. T\u0101 izce\u013cas ar modernu dizainu un funkcionalit\u0101ti. K\u0101 daudzfunkcion\u0101ls produkts, tas atbilst standartiem EN 12492, EN 397 (ar aizv\u0113rtiem ventil\u0101cijas atv\u0113rumiem) un ANSI\/ISEA Z89.1-2014 type I class C pras\u012bb\u0101m.Triecieniztur\u012bga \u0137iveres \u0101r\u0113j\u0101 \u010daula ir izgatavota no viegla, ta\u010du iztur\u012bgas ABS plastmasas, bet iek\u0161\u0113j\u0101 \u010daula \u2013 no [&hellip;]<\/p>\n","protected":false},"featured_media":104034,"template":"","meta":[],"product_brand":[3348],"product_cat":[967],"product_tag":[],"class_list":{"0":"post-104033","1":"product","2":"type-product","3":"status-publish","4":"has-post-thumbnail","6":"product_brand-edelrid","7":"product_cat-bez-kategorijas","9":"first","10":"instock","11":"purchasable","12":"product-type-simple"},"_links":{"self":[{"href":"https:\/\/sezona.lv\/en\/wp-json\/wp\/v2\/product\/104033","targetHints":{"allow":["GET"]}}],"collection":[{"href":"https:\/\/sezona.lv\/en\/wp-json\/wp\/v2\/product"}],"about":[{"href":"https:\/\/sezona.lv\/en\/wp-json\/wp\/v2\/types\/product"}],"wp:featuredmedia":[{"embeddable":true,"href":"https:\/\/sezona.lv\/en\/wp-json\/wp\/v2\/media\/104034"}],"wp:attachment":[{"href":"https:\/\/sezona.lv\/en\/wp-json\/wp\/v2\/media?parent=104033"}],"wp:term":[{"taxonomy":"product_brand","embeddable":true,"href":"https:\/\/sezona.lv\/en\/wp-json\/wp\/v2\/product_brand?post=104033"},{"taxonomy":"product_cat","embeddable":true,"href":"https:\/\/sezona.lv\/en\/wp-json\/wp\/v2\/product_cat?post=104033"},{"taxonomy":"product_tag","embeddable":true,"href":"https:\/\/sezona.lv\/en\/wp-json\/wp\/v2\/product_tag?post=104033"}],"curies":[{"name":"wp","href":"https:\/\/api.w.org\/{rel}","templated":true}]}}