{"id":104040,"date":"2025-08-28T10:52:02","date_gmt":"2025-08-28T07:52:02","guid":{"rendered":"https:\/\/www3.sezona.lv\/?post_type=product&#038;p=104040"},"modified":"2025-08-28T10:54:03","modified_gmt":"2025-08-28T07:54:03","slug":"bernu-parnesajama-soma-poco-lt-child-carrier","status":"publish","type":"product","link":"https:\/\/sezona.lv\/en\/products\/bernu-parnesajama-soma-poco-lt-child-carrier\/","title":{"rendered":"B\u0113rnu p\u0101rn\u0113s\u0101jam\u0101 soma Poco LT Child Carrier"},"content":{"rendered":"<p>Izbaudiet \u0123imenes piedz\u012bvojumus ar kompakto un dro\u0161o b\u0113rnu p\u0101rn\u0113s\u0101\u0161anas somu Poco LT. \u0160is vieglais modelis ir lieliski piem\u0113rots \u0161aur\u0101m veikalu ej\u0101m, ros\u012bg\u0101m pils\u0113tas iel\u0101m un \u012bs\u0101kiem p\u0101rg\u0101jieniem. Patent\u0113ts, viegls r\u0101mis, kas salok\u0101s plakani \u0113rtai uzglab\u0101\u0161anai. Elpojo\u0161s AirScape\u2122 muguras panelis, kas viegli piel\u0101gojamu da\u017e\u0101d\u0101m \u0137erme\u0146a form\u0101m un muguras garumiem. Integr\u0113ts saulessargs ar UPF 50 aizsardz\u012bbu. Sertific\u0113ts bluesign\u00ae produkts.&#013;<\/p>\n<h4>Specifik\u0101cija:<\/h4>\n<p>&#013;<\/p>\n<table>&#013;<\/p>\n<tbody>&#013;<\/p>\n<tr>&#013;<\/p>\n<td><strong>Materi\u0101ls:<\/strong><\/td>\n<p>&#013;<\/p>\n<td><span style=\"text-decoration: underline\">MAIN<\/span><br \/>bluesign\u00ae APPROVED, 100% recycled 210D nylon, DWR treatment made without PFAS<br \/><span style=\"text-decoration: underline\">LINING<\/span><br \/>bluesign\u00ae APPROVED, 100% recycled 210D nylon, DWR treatment made without PFAS<br \/><span style=\"text-decoration: underline\">BOTTOM<\/span><br \/>bluesign\u00ae APPROVED, 100% recycled 210D nylon, DWR treatment made without PFAS<\/td>\n<p>&#013;<br \/>\n<\/tr>\n<p>&#013;<\/p>\n<tr>&#013;<\/p>\n<td><strong>Izm\u0113rs:<\/strong><\/td>\n<p>&#013;<\/p>\n<td>60H X 35W X 43D CM<\/td>\n<p>&#013;<br \/>\n<\/tr>\n<p>&#013;<\/p>\n<tr>&#013;<\/p>\n<td><strong>Svars:<\/strong><\/td>\n<p>&#013;<\/p>\n<td>2,52kg<\/td>\n<p>&#013;<br \/>\n<\/tr>\n<p>&#013;<\/p>\n<tr>&#013;<\/p>\n<td><strong>B\u0113rna svars:<\/strong><\/td>\n<p>&#013;<\/p>\n<td>7 &#8211; 18 kg (ne jaun\u0101ks par 6 m\u0113n. vecumu)<\/td>\n<p>&#013;<br \/>\n<\/tr>\n<p>&#013;<\/p>\n<tr>&#013;<\/p>\n<td><strong>Sertifik\u0101ts:<\/strong><\/td>\n<p>&#013;<\/p>\n<td>T\u00dcV GS<\/td>\n<p>&#013;<br \/>\n<\/tr>\n<p>&#013;<\/p>\n<tr>&#013;<\/p>\n<td><strong>Max svars:<\/strong><\/td>\n<p>&#013;<\/p>\n<td>22kg (b\u0113rns+mantas+soma)<\/td>\n<p>&#013;<br \/>\n<\/tr>\n<p>&#013;<br \/>\n<\/tbody>\n<p>&#013;<br \/>\n<\/table>\n<p>&#013;<\/p>\n<ul>&#013;<\/p>\n<li>Liels galvenais nodal\u012bjums ar r\u0101v\u0113jsl\u0113dz\u0113ja aizdari<\/li>\n<p>&#013;<\/p>\n<li>Apak\u0161\u0113jais uzglab\u0101\u0161anas nodal\u012bjums ar r\u0101v\u0113jsl\u0113dz\u0113ju<\/li>\n<p>&#013;<\/p>\n<li>AirScape muguras panelis<\/li>\n<p>&#013;<\/p>\n<li>Sieti\u0146materi\u0101la kabatas uz gurnu jostas<\/li>\n<p>&#013;<\/p>\n<li>UPF 50 saulessargs<\/li>\n<p>&#013;<\/p>\n<li>Aizverams muguras panelis \u0113rtai uzglab\u0101\u0161anai un transport\u0113\u0161anai<\/li>\n<p>&#013;<\/p>\n<li>Patent\u0113ts, salok\u0101ms r\u0101mis<\/li>\n<p>&#013;<\/p>\n<li>Nodal\u012bjums dzer\u0161anas sist\u0113mai<\/li>\n<p>&#013;<\/p>\n<li>Rokturi aug\u0161pus\u0113 un s\u0101nos \u0113rtai satver\u0161anai un ne\u0161anai<\/li>\n<p>&#013;\n<\/ul>\n","protected":false},"excerpt":{"rendered":"<p>Izbaudiet \u0123imenes piedz\u012bvojumus ar kompakto un dro\u0161o b\u0113rnu p\u0101rn\u0113s\u0101\u0161anas somu Poco LT. \u0160is vieglais modelis ir lieliski piem\u0113rots \u0161aur\u0101m veikalu ej\u0101m, ros\u012bg\u0101m pils\u0113tas iel\u0101m un \u012bs\u0101kiem p\u0101rg\u0101jieniem. Patent\u0113ts, viegls r\u0101mis, kas salok\u0101s plakani \u0113rtai uzglab\u0101\u0161anai. Elpojo\u0161s AirScape\u2122 muguras panelis, kas viegli piel\u0101gojamu da\u017e\u0101d\u0101m \u0137erme\u0146a form\u0101m un muguras garumiem. Integr\u0113ts saulessargs ar UPF 50 aizsardz\u012bbu. Sertific\u0113ts [&hellip;]<\/p>\n","protected":false},"featured_media":104041,"template":"","meta":[],"product_brand":[929],"product_cat":[5292],"product_tag":[],"class_list":{"0":"post-104040","1":"product","2":"type-product","3":"status-publish","4":"has-post-thumbnail","6":"product_brand-osprey","7":"product_cat-bernu-parnesajamas-somas","9":"first","10":"instock","11":"purchasable","12":"product-type-simple"},"_links":{"self":[{"href":"https:\/\/sezona.lv\/en\/wp-json\/wp\/v2\/product\/104040","targetHints":{"allow":["GET"]}}],"collection":[{"href":"https:\/\/sezona.lv\/en\/wp-json\/wp\/v2\/product"}],"about":[{"href":"https:\/\/sezona.lv\/en\/wp-json\/wp\/v2\/types\/product"}],"wp:featuredmedia":[{"embeddable":true,"href":"https:\/\/sezona.lv\/en\/wp-json\/wp\/v2\/media\/104041"}],"wp:attachment":[{"href":"https:\/\/sezona.lv\/en\/wp-json\/wp\/v2\/media?parent=104040"}],"wp:term":[{"taxonomy":"product_brand","embeddable":true,"href":"https:\/\/sezona.lv\/en\/wp-json\/wp\/v2\/product_brand?post=104040"},{"taxonomy":"product_cat","embeddable":true,"href":"https:\/\/sezona.lv\/en\/wp-json\/wp\/v2\/product_cat?post=104040"},{"taxonomy":"product_tag","embeddable":true,"href":"https:\/\/sezona.lv\/en\/wp-json\/wp\/v2\/product_tag?post=104040"}],"curies":[{"name":"wp","href":"https:\/\/api.w.org\/{rel}","templated":true}]}}