{"id":104042,"date":"2025-08-28T10:52:01","date_gmt":"2025-08-28T07:52:01","guid":{"rendered":"https:\/\/www3.sezona.lv\/?post_type=product&#038;p=104042"},"modified":"2025-08-28T10:54:02","modified_gmt":"2025-08-28T07:54:02","slug":"bernu-parnesajama-soma-poco-child-carrier","status":"publish","type":"product","link":"https:\/\/sezona.lv\/en\/products\/bernu-parnesajama-soma-poco-child-carrier\/","title":{"rendered":"B\u0113rnu p\u0101rn\u0113s\u0101jam\u0101 soma POCO CHILD CARRIER"},"content":{"rendered":"<p>Iepaz\u012bstiet dabas takas, dodieties pastaig\u0101 uz parku, padariet \u0123imenes piedz\u012bvojumus \u0113rt\u0101kus ar POCO b\u0113rnu p\u0101rn\u0113s\u0101jamo somu.\u00a0Regul\u0113jams muguras garums nodro\u0161ina \u0113rtu n\u0113s\u0101\u0161anu gan gar\u0101kiem, gan \u012bs\u0101kiem vec\u0101kiem.\u00a0Integr\u0113ts saulessargs ar UPF 50 aizsardz\u012bbu. Sertific\u0113ts bluesign\u00ae produkts.\u00a0&#013;<\/p>\n<h4>Specifik\u0101cija:<\/h4>\n<p>&#013;<\/p>\n<table>&#013;<\/p>\n<tbody>&#013;<\/p>\n<tr>&#013;<\/p>\n<td><strong>Materi\u0101ls:<\/strong><\/td>\n<p>&#013;<\/p>\n<td><span style=\"text-decoration: underline\">MAIN<\/span><br \/>bluesign\u00ae APPROVED, 100% recycled 210D nylon, DWR treatment made without PFAS<br \/><span style=\"text-decoration: underline\">LINING<\/span><br \/>bluesign\u00ae APPROVED, 100% recycled 210D nylon, DWR treatment made without PFAS<br \/><span style=\"text-decoration: underline\">BOTTOM<\/span><br \/>bluesign\u00ae APPROVED, 100% recycled 210D nylon, DWR treatment made without PFAS<\/td>\n<p>&#013;<br \/>\n<\/tr>\n<p>&#013;<\/p>\n<tr>&#013;<\/p>\n<td><strong>Izm\u0113rs:<\/strong><\/td>\n<p>&#013;<\/p>\n<td>75H X 39W X 45D CM<\/td>\n<p>&#013;<br \/>\n<\/tr>\n<p>&#013;<\/p>\n<tr>&#013;<\/p>\n<td><strong>Svars:<\/strong><\/td>\n<p>&#013;<\/p>\n<td>3,48kg<\/td>\n<p>&#013;<br \/>\n<\/tr>\n<p>&#013;<\/p>\n<tr>&#013;<\/p>\n<td><strong>B\u0113rna svars:<\/strong><\/td>\n<p>&#013;<\/p>\n<td>7 &#8211; 18 kg (ne jaun\u0101ks par 6 m\u0113n. vecumu)<\/td>\n<p>&#013;<br \/>\n<\/tr>\n<p>&#013;<\/p>\n<tr>&#013;<\/p>\n<td><strong>Sertifik\u0101ts:<\/strong><\/td>\n<p>&#013;<\/p>\n<td>T\u00dcV GS<\/td>\n<p>&#013;<br \/>\n<\/tr>\n<p>&#013;<\/p>\n<tr>&#013;<\/p>\n<td><strong>Max svars:<\/strong><\/td>\n<p>&#013;<\/p>\n<td>22kg (b\u0113rns+mantas+soma)<\/td>\n<p>&#013;<br \/>\n<\/tr>\n<p>&#013;<br \/>\n<\/tbody>\n<p>&#013;<br \/>\n<\/table>\n<p>&#013;<\/p>\n<ul>&#013;<\/p>\n<li>Liels galvenais nodal\u012bjums ar r\u0101v\u0113jsl\u0113dz\u0113ja aizdari<\/li>\n<p>&#013;<\/p>\n<li>Apak\u0161\u0113jais uzglab\u0101\u0161anas nodal\u012bjums ar r\u0101v\u0113jsl\u0113dz\u0113ju<\/li>\n<p>&#013;<\/p>\n<li>Regul\u0113jams AirSpeed muguras panelis<\/li>\n<p>&#013;<\/p>\n<li>Removeable drool pad<\/li>\n<p>&#013;<\/p>\n<li>Mesh hip pockets<\/li>\n<p>&#013;<\/p>\n<li>UPF 50 sunshade<\/li>\n<p>&#013;<\/p>\n<li>Zipper slash pocket<\/li>\n<p>&#013;<\/p>\n<li>Adjustable stirrups<\/li>\n<p>&#013;<\/p>\n<li>Adjustable hipbelt<\/li>\n<p>&#013;<\/p>\n<li>Easy-access hydration sleeve<\/li>\n<p>&#013;<\/p>\n<li>Folding frame<\/li>\n<p>&#013;<\/p>\n<li>Dual grab handles<\/li>\n<p>&#013;\n<\/ul>\n","protected":false},"excerpt":{"rendered":"<p>Iepaz\u012bstiet dabas takas, dodieties pastaig\u0101 uz parku, padariet \u0123imenes piedz\u012bvojumus \u0113rt\u0101kus ar POCO b\u0113rnu p\u0101rn\u0113s\u0101jamo somu.\u00a0Regul\u0113jams muguras garums nodro\u0161ina \u0113rtu n\u0113s\u0101\u0161anu gan gar\u0101kiem, gan \u012bs\u0101kiem vec\u0101kiem.\u00a0Integr\u0113ts saulessargs ar UPF 50 aizsardz\u012bbu. Sertific\u0113ts bluesign\u00ae produkts.\u00a0&#013; Specifik\u0101cija: &#013; &#013; &#013; &#013; Materi\u0101ls: &#013; MAINbluesign\u00ae APPROVED, 100% recycled 210D nylon, DWR treatment made without PFASLININGbluesign\u00ae APPROVED, 100% recycled [&hellip;]<\/p>\n","protected":false},"featured_media":104043,"template":"","meta":[],"product_brand":[929],"product_cat":[5292],"product_tag":[],"class_list":{"0":"post-104042","1":"product","2":"type-product","3":"status-publish","4":"has-post-thumbnail","6":"product_brand-osprey","7":"product_cat-bernu-parnesajamas-somas","9":"first","10":"instock","11":"purchasable","12":"product-type-simple"},"_links":{"self":[{"href":"https:\/\/sezona.lv\/en\/wp-json\/wp\/v2\/product\/104042","targetHints":{"allow":["GET"]}}],"collection":[{"href":"https:\/\/sezona.lv\/en\/wp-json\/wp\/v2\/product"}],"about":[{"href":"https:\/\/sezona.lv\/en\/wp-json\/wp\/v2\/types\/product"}],"wp:featuredmedia":[{"embeddable":true,"href":"https:\/\/sezona.lv\/en\/wp-json\/wp\/v2\/media\/104043"}],"wp:attachment":[{"href":"https:\/\/sezona.lv\/en\/wp-json\/wp\/v2\/media?parent=104042"}],"wp:term":[{"taxonomy":"product_brand","embeddable":true,"href":"https:\/\/sezona.lv\/en\/wp-json\/wp\/v2\/product_brand?post=104042"},{"taxonomy":"product_cat","embeddable":true,"href":"https:\/\/sezona.lv\/en\/wp-json\/wp\/v2\/product_cat?post=104042"},{"taxonomy":"product_tag","embeddable":true,"href":"https:\/\/sezona.lv\/en\/wp-json\/wp\/v2\/product_tag?post=104042"}],"curies":[{"name":"wp","href":"https:\/\/api.w.org\/{rel}","templated":true}]}}