{"id":104054,"date":"2025-08-28T10:52:00","date_gmt":"2025-08-28T07:52:00","guid":{"rendered":"https:\/\/www3.sezona.lv\/?post_type=product&#038;p=104054"},"modified":"2025-08-28T10:54:01","modified_gmt":"2025-08-28T07:54:01","slug":"mugursoma-soelden-42","status":"publish","type":"product","link":"https:\/\/sezona.lv\/en\/products\/mugursoma-soelden-42\/","title":{"rendered":"Mugursoma Soelden 42"},"content":{"rendered":"<p>Soelden 42 ir ietilp\u012bga, tehniska sl\u0113po\u0161anas, snovborda mugursoma, ide\u0101li piem\u0113rota vair\u0101ku dienu piedz\u012bvojumiem ar nak\u0161\u0146o\u0161anu. Viegla, stabila, divas piek\u013cuves iesp\u0113jas galvenajam nodal\u012bjumam \u2013 no aug\u0161as un muguras. Priek\u0161\u0113j\u0101 kabata lav\u012bnu apr\u012bkojumam, palielin\u0101tas sl\u0113pju cilpas, snovborda stiprin\u0101jums, ie\u0161\u016bts \u0137iveres t\u012bkls un spr\u0101dzes, ko var \u0113rti regul\u0113t ar cimdiem. Izgatavota no iztur\u012bga, videi draudz\u012bga bluesign\u00ae APPROVED neilona bez PFAS.&#013;<\/p>\n<h4>Specifik\u0101cija:<\/h4>\n<p>&#013;<\/p>\n<table style=\"height: 61px\" width=\"568\">&#013;<\/p>\n<tbody>&#013;<\/p>\n<tr>&#013;<\/p>\n<td><strong>Materi\u0101ls:<\/strong><\/td>\n<p>&#013;<\/p>\n<td><span style=\"text-decoration: underline\">MAIN<\/span><br \/>bluesign\u00ae APPROVED, 100% recycled 210D nylon, DWR treatment made without PFAS<br \/><span style=\"text-decoration: underline\">BOTTOM<\/span><br \/>bluesign\u00ae APPROVED, 100% recycled 70D nylon, DWR treatment made without PFAS<\/td>\n<p>&#013;<br \/>\n<\/tr>\n<p>&#013;<\/p>\n<tr>&#013;<\/p>\n<td><strong>Izm\u0113ri:<\/strong><\/td>\n<p>&#013;<\/p>\n<td>31H X 32W X 68D CM<\/td>\n<p>&#013;<br \/>\n<\/tr>\n<p>&#013;<\/p>\n<tr>&#013;<\/p>\n<td><strong>Tilpums:<\/strong><\/td>\n<p>&#013;<\/p>\n<td>42L<\/td>\n<p>&#013;<br \/>\n<\/tr>\n<p>&#013;<\/p>\n<tr>&#013;<\/p>\n<td><strong>Svars<\/strong><\/td>\n<p>&#013;<\/p>\n<td>1.47 kg<\/td>\n<p>&#013;<br \/>\n<\/tr>\n<p>&#013;<br \/>\n<\/tbody>\n<p>&#013;<br \/>\n<\/table>\n<p>&#013;<br \/>\n<br \/>&#013;<\/p>\n<ul>&#013;<\/p>\n<li>Iek\u0161\u0113ja GPS\/r\u0101cijas vieta ar stiprin\u0101juma punktiem mikrofonam<\/li>\n<p>&#013;<\/p>\n<li>Sl\u0113pju stiprin\u0101\u0161ana A-r\u0101m\u012b vai diagon\u0101li<\/li>\n<p>&#013;<\/p>\n<li>Vertik\u0101la un horizont\u0101la snovborda stiprin\u0101\u0161ana<\/li>\n<p>&#013;<\/p>\n<li>\u0112rti pieejama kabata aksesu\u0101riem vai brill\u0113m<\/li>\n<p>&#013;<\/p>\n<li>Cilpas ragavu vilk\u0161anai<\/li>\n<p>&#013;<\/p>\n<li>Divu poz\u012bciju \u0137iveres stiprin\u0101jums (priek\u0161pus\u0113 vai aug\u0161\u0101)<\/li>\n<p>&#013;<\/p>\n<li>Dro\u0161a leduscirt\u0146a piestiprin\u0101\u0161ana<\/li>\n<p>&#013;<\/p>\n<li>Iek\u0161\u0113j\u0101 kabata ar r\u0101v\u0113jsl\u0113dz\u0113ju galvenaj\u0101 nodal\u012bjum\u0101<\/li>\n<p>&#013;<\/p>\n<li>Viena jostas kabata ar r\u0101v\u0113jsl\u0113dz\u0113ju un viena ekip\u0113juma cilpa\u00a0<\/li>\n<p>&#013;<\/p>\n<li>No\u0146emama somas kapuce ar div\u0101m r\u0101v\u0113jsl\u0113dz\u0113ja kabat\u0101m<\/li>\n<p>&#013;<\/p>\n<li>Virves kompresijas siksna zem somas kapuces, stabilai un \u0113rtai virves n\u0113s\u0101\u0161anai<\/li>\n<p>&#013;<\/p>\n<li>Divas piek\u013cuves iesp\u0113jas galvenajam nodal\u012bjumam \u2014 no aug\u0161as un muguras pane\u013ca<\/li>\n<p>&#013;<\/p>\n<li>FlapJacket aizdare kad soma tiek lietota bez kapuces.<\/li>\n<p>&#013;\n<\/ul>\n","protected":false},"excerpt":{"rendered":"<p>Soelden 42 ir ietilp\u012bga, tehniska sl\u0113po\u0161anas, snovborda mugursoma, ide\u0101li piem\u0113rota vair\u0101ku dienu piedz\u012bvojumiem ar nak\u0161\u0146o\u0161anu. Viegla, stabila, divas piek\u013cuves iesp\u0113jas galvenajam nodal\u012bjumam \u2013 no aug\u0161as un muguras. Priek\u0161\u0113j\u0101 kabata lav\u012bnu apr\u012bkojumam, palielin\u0101tas sl\u0113pju cilpas, snovborda stiprin\u0101jums, ie\u0161\u016bts \u0137iveres t\u012bkls un spr\u0101dzes, ko var \u0113rti regul\u0113t ar cimdiem. Izgatavota no iztur\u012bga, videi draudz\u012bga bluesign\u00ae APPROVED neilona [&hellip;]<\/p>\n","protected":false},"featured_media":104055,"template":"","meta":[],"product_brand":[929],"product_cat":[2990],"product_tag":[],"class_list":{"0":"post-104054","1":"product","2":"type-product","3":"status-publish","4":"has-post-thumbnail","6":"product_brand-osprey","7":"product_cat-sleposanas-mugursomas","9":"first","10":"instock","11":"purchasable","12":"product-type-simple"},"_links":{"self":[{"href":"https:\/\/sezona.lv\/en\/wp-json\/wp\/v2\/product\/104054","targetHints":{"allow":["GET"]}}],"collection":[{"href":"https:\/\/sezona.lv\/en\/wp-json\/wp\/v2\/product"}],"about":[{"href":"https:\/\/sezona.lv\/en\/wp-json\/wp\/v2\/types\/product"}],"wp:featuredmedia":[{"embeddable":true,"href":"https:\/\/sezona.lv\/en\/wp-json\/wp\/v2\/media\/104055"}],"wp:attachment":[{"href":"https:\/\/sezona.lv\/en\/wp-json\/wp\/v2\/media?parent=104054"}],"wp:term":[{"taxonomy":"product_brand","embeddable":true,"href":"https:\/\/sezona.lv\/en\/wp-json\/wp\/v2\/product_brand?post=104054"},{"taxonomy":"product_cat","embeddable":true,"href":"https:\/\/sezona.lv\/en\/wp-json\/wp\/v2\/product_cat?post=104054"},{"taxonomy":"product_tag","embeddable":true,"href":"https:\/\/sezona.lv\/en\/wp-json\/wp\/v2\/product_tag?post=104054"}],"curies":[{"name":"wp","href":"https:\/\/api.w.org\/{rel}","templated":true}]}}