{"id":104056,"date":"2025-08-28T10:51:59","date_gmt":"2025-08-28T07:51:59","guid":{"rendered":"https:\/\/www3.sezona.lv\/?post_type=product&#038;p=104056"},"modified":"2025-08-28T10:54:01","modified_gmt":"2025-08-28T07:54:01","slug":"mugursoma-sopris-20","status":"publish","type":"product","link":"https:\/\/sezona.lv\/en\/products\/mugursoma-sopris-20\/","title":{"rendered":"Mugursoma Sopris 20"},"content":{"rendered":"<p>Sopris 20 ir viegla un kompakta sievie\u0161u sl\u0113po\u0161anas un snovborda mugursoma izbraucieniem kalnos, kur dro\u0161\u012bba ir pirmaj\u0101 viet\u0101. T\u0101 apr\u012bkota ar lielin\u0101t\u0101m sl\u0113pju cilp\u0101m, \u0137iveres t\u012bklu un viegli regul\u0113jam\u0101m spr\u0101dz\u0113m. Priek\u0161\u0113jais J-veida r\u0101v\u0113jsl\u0113dzis nodro\u0161ina \u0101tru piek\u013cuvi lav\u012bnu apr\u012bkojumam, bet galvenais nodal\u012bjums \u013cauj \u0113rti uzglab\u0101t ekip\u0113jumu, \u016bdeni un uzkodas. Izgatavota no iztur\u012bga, videi draudz\u012bga materi\u0101la bez PFAS.&#013;<\/p>\n<h4>Specifik\u0101cija:<\/h4>\n<p>&#013;<\/p>\n<table style=\"height: 61px\" width=\"568\">&#013;<\/p>\n<tbody>&#013;<\/p>\n<tr>&#013;<\/p>\n<td><strong>Materi\u0101ls:<\/strong><\/td>\n<p>&#013;<\/p>\n<td><span style=\"text-decoration: underline\">MAIN<\/span><br \/>bluesign\u00ae APPROVED 210D high-tenacity nylon, DWR treatment made without PFAS<br \/><span style=\"text-decoration: underline\">BOTTOM<\/span><br \/>bluesign\u00ae APPROVED, 100% recycled 210D nylon, DWR treatment made without PFAS<\/td>\n<p>&#013;<br \/>\n<\/tr>\n<p>&#013;<\/p>\n<tr>&#013;<\/p>\n<td><strong>Izm\u0113ri:<\/strong><\/td>\n<p>&#013;<\/p>\n<td>24H X 23W X 49D CM<\/td>\n<p>&#013;<br \/>\n<\/tr>\n<p>&#013;<\/p>\n<tr>&#013;<\/p>\n<td><strong>Tilpums:<\/strong><\/td>\n<p>&#013;<\/p>\n<td>20L<\/td>\n<p>&#013;<br \/>\n<\/tr>\n<p>&#013;<\/p>\n<tr>&#013;<\/p>\n<td><strong>Svars<\/strong><\/td>\n<p>&#013;<\/p>\n<td>970g<\/td>\n<p>&#013;<br \/>\n<\/tr>\n<p>&#013;<br \/>\n<\/tbody>\n<p>&#013;<br \/>\n<\/table>\n<p>&#013;<\/p>\n<ul>&#013;<\/p>\n<li>Pieeja galvenajam nodal\u012bjumam no mugurpuses<\/li>\n<p>&#013;<\/p>\n<li>GPS\/R\u0101cija iek\u0161\u0113jie stiprin\u0101jumi\u00a0<\/li>\n<p>&#013;<\/p>\n<li>Sl\u0113pju stiprin\u0101\u0161ana A-r\u0101m\u012b vai diagon\u0101li<\/li>\n<p>&#013;<\/p>\n<li>Vertik\u0101la vai horizont\u0101la snovborda stiprin\u0101\u0161ana<\/li>\n<p>&#013;<\/p>\n<li>\u0112rti pieejama kabata aksesu\u0101riem vai brill\u0113m<\/li>\n<p>&#013;<\/p>\n<li>\u0136iveres stiprin\u0101jums ar div\u0101m poz\u012bcij\u0101m (priek\u0161pus\u0113 vai aug\u0161\u0101)<\/li>\n<p>&#013;<\/p>\n<li>Dro\u0161a leduscirt\u0146a uzglab\u0101\u0161ana un piestiprin\u0101\u0161ana<\/li>\n<p>&#013;<\/p>\n<li>S\u0101nu kabatas nelieliem priek\u0161metiem vai termosam galvenaj\u0101 nodal\u012bjum\u0101<\/li>\n<p>&#013;<\/p>\n<li>Iek\u0161\u0113j\u0101 kabata ar r\u0101v\u0113jsl\u0113dz\u0113ju galvenaj\u0101 nodal\u012bjum\u0101<\/li>\n<p>&#013;\n<\/ul>\n","protected":false},"excerpt":{"rendered":"<p>Sopris 20 ir viegla un kompakta sievie\u0161u sl\u0113po\u0161anas un snovborda mugursoma izbraucieniem kalnos, kur dro\u0161\u012bba ir pirmaj\u0101 viet\u0101. T\u0101 apr\u012bkota ar lielin\u0101t\u0101m sl\u0113pju cilp\u0101m, \u0137iveres t\u012bklu un viegli regul\u0113jam\u0101m spr\u0101dz\u0113m. Priek\u0161\u0113jais J-veida r\u0101v\u0113jsl\u0113dzis nodro\u0161ina \u0101tru piek\u013cuvi lav\u012bnu apr\u012bkojumam, bet galvenais nodal\u012bjums \u013cauj \u0113rti uzglab\u0101t ekip\u0113jumu, \u016bdeni un uzkodas. Izgatavota no iztur\u012bga, videi draudz\u012bga materi\u0101la bez [&hellip;]<\/p>\n","protected":false},"featured_media":104057,"template":"","meta":[],"product_brand":[929],"product_cat":[2990],"product_tag":[],"class_list":{"0":"post-104056","1":"product","2":"type-product","3":"status-publish","4":"has-post-thumbnail","6":"product_brand-osprey","7":"product_cat-sleposanas-mugursomas","9":"first","10":"instock","11":"purchasable","12":"product-type-simple"},"_links":{"self":[{"href":"https:\/\/sezona.lv\/en\/wp-json\/wp\/v2\/product\/104056","targetHints":{"allow":["GET"]}}],"collection":[{"href":"https:\/\/sezona.lv\/en\/wp-json\/wp\/v2\/product"}],"about":[{"href":"https:\/\/sezona.lv\/en\/wp-json\/wp\/v2\/types\/product"}],"wp:featuredmedia":[{"embeddable":true,"href":"https:\/\/sezona.lv\/en\/wp-json\/wp\/v2\/media\/104057"}],"wp:attachment":[{"href":"https:\/\/sezona.lv\/en\/wp-json\/wp\/v2\/media?parent=104056"}],"wp:term":[{"taxonomy":"product_brand","embeddable":true,"href":"https:\/\/sezona.lv\/en\/wp-json\/wp\/v2\/product_brand?post=104056"},{"taxonomy":"product_cat","embeddable":true,"href":"https:\/\/sezona.lv\/en\/wp-json\/wp\/v2\/product_cat?post=104056"},{"taxonomy":"product_tag","embeddable":true,"href":"https:\/\/sezona.lv\/en\/wp-json\/wp\/v2\/product_tag?post=104056"}],"curies":[{"name":"wp","href":"https:\/\/api.w.org\/{rel}","templated":true}]}}