{"id":104061,"date":"2025-08-28T10:51:58","date_gmt":"2025-08-28T07:51:58","guid":{"rendered":"https:\/\/www3.sezona.lv\/?post_type=product&#038;p=104061"},"modified":"2025-08-28T10:54:01","modified_gmt":"2025-08-28T07:54:01","slug":"mugursoma-siskin-8-ar-dzresanas-sistemu-2","status":"publish","type":"product","link":"https:\/\/sezona.lv\/en\/products\/mugursoma-siskin-8-ar-dzresanas-sistemu-2\/","title":{"rendered":"Mugursoma SISKIN 8 ar dzre\u0161anas sist\u0113mu"},"content":{"rendered":"<p>Siskin 8L mugursoma pras\u012bgiem kalnu rite\u0146brauc\u0113jiem Komplekt\u0101cij\u0101 iek\u013cauta 2,5L dzer\u0161anas sist\u0113ma.\u00a0&#013;<\/p>\n<h4>Specifik\u0101cija:<\/h4>\n<p>&#013;<\/p>\n<table style=\"height: 61px\" width=\"568\">&#013;<\/p>\n<tbody>&#013;<\/p>\n<tr>&#013;<\/p>\n<td><strong>Materi\u0101ls:<\/strong><\/td>\n<p>&#013;<\/p>\n<td><span style=\"text-decoration: underline\">MAIN<\/span><br \/>bluesign\u00ae APPROVED 100% recycled 400D high-tenacity nylon, DWR treatments made without PFAS<br \/><span style=\"text-decoration: underline\">BOTTOM<\/span><br \/>bluesign\u00ae APPROVED 100% recycled 400D high-tenacity nylon, DWR treatments made without PFAS<\/td>\n<p>&#013;<br \/>\n<\/tr>\n<p>&#013;<\/p>\n<tr>&#013;<\/p>\n<td><strong>Izm\u0113ri:<\/strong><\/td>\n<p>&#013;<\/p>\n<td>17.5H X 21.5W X 47D CM<\/td>\n<p>&#013;<br \/>\n<\/tr>\n<p>&#013;<\/p>\n<tr>&#013;<\/p>\n<td><strong>Tilpums:<\/strong><\/td>\n<p>&#013;<\/p>\n<td>8L<\/td>\n<p>&#013;<br \/>\n<\/tr>\n<p>&#013;<\/p>\n<tr>&#013;<\/p>\n<td><strong>Svars<\/strong><\/td>\n<p>&#013;<\/p>\n<td>750g<\/td>\n<p>&#013;<br \/>\n<\/tr>\n<p>&#013;<br \/>\n<\/tbody>\n<p>&#013;<br \/>\n<\/table>\n<p>&#013;<\/p>\n<ul>&#013;<\/p>\n<li>Aug\u0161\u0113j\u0101s s\u0101nu kompresijas siksnas, kas izmantojamas ar\u012b k\u0101 piln\u0101s \u0137iveres stiprin\u0101jums<\/li>\n<p>&#013;<\/p>\n<li>Tie\u0161a piek\u013cuve dzer\u0161anas sist\u0113mas nodal\u012bjumam ar r\u0101v\u0113jsl\u0113dz\u0113ju<\/li>\n<p>&#013;<\/p>\n<li>U-veida r\u0101v\u0113jsl\u0113dzis galvenajam nodal\u012bjumam<\/li>\n<p>&#013;<\/p>\n<li>Elast\u012bga priek\u0161\u0113j\u0101 kabata<\/li>\n<p>&#013;<\/p>\n<li>LidLock \u0137iveres stiprin\u0101jums<\/li>\n<p>&#013;<\/p>\n<li>Vieta LED lampi\u0146as piestiprin\u0101\u0161anai<\/li>\n<p>&#013;<\/p>\n<li>Magn\u0113tisks kr\u016b\u0161u siksnas stiprin\u0101jums dzer\u0161anas sist\u0113mas uzgalim<\/li>\n<p>&#013;<\/p>\n<li>Komplekt\u0101 2.5 L Hydraulics LT dzer\u0161anas sist\u0113ma<\/li>\n<p>&#013;<\/p>\n<li>Instrumentu organizators galvenaj\u0101 nodal\u012bjum\u0101<\/li>\n<p>&#013;\n<\/ul>\n","protected":false},"excerpt":{"rendered":"<p>Siskin 8L mugursoma pras\u012bgiem kalnu rite\u0146brauc\u0113jiem Komplekt\u0101cij\u0101 iek\u013cauta 2,5L dzer\u0161anas sist\u0113ma.\u00a0&#013; Specifik\u0101cija: &#013; &#013; &#013; &#013; Materi\u0101ls: &#013; MAINbluesign\u00ae APPROVED 100% recycled 400D high-tenacity nylon, DWR treatments made without PFASBOTTOMbluesign\u00ae APPROVED 100% recycled 400D high-tenacity nylon, DWR treatments made without PFAS &#013; &#013; &#013; Izm\u0113ri: &#013; 17.5H X 21.5W X 47D CM &#013; &#013; &#013; [&hellip;]<\/p>\n","protected":false},"featured_media":104062,"template":"","meta":[],"product_brand":[929],"product_cat":[5261],"product_tag":[],"class_list":{"0":"post-104061","1":"product","2":"type-product","3":"status-publish","4":"has-post-thumbnail","6":"product_brand-osprey","7":"product_cat-multisporta-mugursomas","9":"first","10":"instock","11":"purchasable","12":"product-type-simple"},"_links":{"self":[{"href":"https:\/\/sezona.lv\/en\/wp-json\/wp\/v2\/product\/104061","targetHints":{"allow":["GET"]}}],"collection":[{"href":"https:\/\/sezona.lv\/en\/wp-json\/wp\/v2\/product"}],"about":[{"href":"https:\/\/sezona.lv\/en\/wp-json\/wp\/v2\/types\/product"}],"wp:featuredmedia":[{"embeddable":true,"href":"https:\/\/sezona.lv\/en\/wp-json\/wp\/v2\/media\/104062"}],"wp:attachment":[{"href":"https:\/\/sezona.lv\/en\/wp-json\/wp\/v2\/media?parent=104061"}],"wp:term":[{"taxonomy":"product_brand","embeddable":true,"href":"https:\/\/sezona.lv\/en\/wp-json\/wp\/v2\/product_brand?post=104061"},{"taxonomy":"product_cat","embeddable":true,"href":"https:\/\/sezona.lv\/en\/wp-json\/wp\/v2\/product_cat?post=104061"},{"taxonomy":"product_tag","embeddable":true,"href":"https:\/\/sezona.lv\/en\/wp-json\/wp\/v2\/product_tag?post=104061"}],"curies":[{"name":"wp","href":"https:\/\/api.w.org\/{rel}","templated":true}]}}