{"id":104081,"date":"2025-08-28T10:45:16","date_gmt":"2025-08-28T07:45:16","guid":{"rendered":"https:\/\/www3.sezona.lv\/?post_type=product&#038;p=104081"},"modified":"2025-08-28T10:48:55","modified_gmt":"2025-08-28T07:48:55","slug":"patagonia-jaka-down-sweater-w-3","status":"publish","type":"product","link":"https:\/\/sezona.lv\/en\/products\/patagonia-jaka-down-sweater-w-3\/","title":{"rendered":"Patagonia jaka DOWN Sweater W"},"content":{"rendered":"<p>KlasiskA Down Sweater\u2122 sievie\u0161u jaka, viegla un v\u0113ju necaurlaid\u012bga, ar virsk\u0101rtu no NetPlus\u00ae 100% p\u0101rstr\u0101d\u0101ta neilona ripstop auduma, kas ieg\u016bts no p\u0101rstr\u0101d\u0101tiem zvejas t\u012bkliem, pal\u012bdzot samazin\u0101t oke\u0101na pies\u0101r\u0146ojumu ar plastmasu.<br \/>Siltumizol\u0101cijai izmantotas 800-fill-power d\u016bnas no 100% Responsible Down Standard sertific\u0113ta izcelsmes avota, ko apliecina Control Union (CU 880272). Atbalstot \u0161\u0101du produktu ieg\u0101di, tu veic ieguld\u012bjumu lab\u0101k\u0101 dz\u012bvnieku labtur\u012bb\u0101 d\u016bnu un spalvu ieguves \u0137\u0113d\u0113.&#013;<\/p>\n<h4>Specifik\u0101cija:<\/h4>\n<p>&#013;<\/p>\n<table width=\"631\">&#013;<\/p>\n<tbody>&#013;<\/p>\n<tr>&#013;<\/p>\n<td><strong>Materi\u0101ls:<\/strong><\/td>\n<p>&#013;<\/p>\n<td><span style=\"text-decoration: underline\">Shell and lining<\/span><br \/>1.2-oz 20-denier NetPlus\u00ae 100% postconsumer recycled nylon ripstop made from recycled fishing nets to help reduce ocean plastic pollution; with a durable water repellent (DWR) finish made without intentionally added PFAS<\/td>\n<p>&#013;<br \/>\n<\/tr>\n<p>&#013;<\/p>\n<tr>&#013;<\/p>\n<td><strong>Siltin\u0101jums:<\/strong><\/td>\n<p>&#013;<\/p>\n<td>800-fill-power 100% Responsible Down Standard down certified by Control Union (CU 880272)<\/td>\n<p>&#013;<br \/>\n<\/tr>\n<p>&#013;<\/p>\n<tr>&#013;<\/p>\n<td><strong>Svars:<\/strong><\/td>\n<p>&#013;<\/p>\n<td>282g<\/td>\n<p>&#013;<br \/>\n<\/tr>\n<p>&#013;<br \/>\n<\/tbody>\n<p>&#013;<br \/>\n<\/table>\n<p>&#013;<br \/>\n<span style=\"text-decoration: underline\"><strong>NetPlus\u00ae 100% p\u0101rstr\u0101d\u0101ts neilona audums<\/strong><\/span><br \/>Iztur\u012bgs virs\u0113jais audums izgatavots no NetPlus\u00ae 100% p\u0101rstr\u0101d\u0101ta neilona ripstop, kas rad\u012bts no p\u0101rstr\u0101d\u0101tiem zvejas t\u012bkliem, lai samazin\u0101tu oke\u0101na pies\u0101r\u0146ojumu ar plastmasu. Audumam ir \u016bdeni atgr\u016bdo\u0161s p\u0101rkl\u0101jums (DWR), kur\u0101 nav apzin\u0101ti pievienotu PFAS \u0137\u012bmisko vielu.<\/p>\n<p><span style=\"text-decoration: underline\"><strong>Atbild\u012bgi ieg\u016btas d\u016bnas (RDS Down)<\/strong><\/span><br \/>800-fill-power d\u016bnas no 100% Responsible Down Standard sertific\u0113ta avota nodro\u0161ina papildu siltumu un apjomu. Step\u0113juma dizains veidots, lai saglab\u0101tu siltumu un vienlaikus nodro\u0161in\u0101tu kust\u012bbu br\u012bv\u012bbu.<\/p>\n<p><span style=\"text-decoration: underline\"><strong>Centr\u0101l\u0101 r\u0101v\u0113jsl\u0113dz\u0113ja konstrukcija<\/strong><\/span><br \/>Priek\u0161pus\u0113 r\u0101v\u0113jsl\u0113dz\u0113js ar iek\u0161\u0113jo v\u0113ja aizsargjoslu, bet pie zoda \u2014 m\u012bksts p\u0101rkl\u0101jums komfortam saskar\u0113 ar \u0101du<\/p>\n<p><span style=\"text-decoration: underline\"><strong>Kabatu dizains<\/strong><\/span><br \/>Divas s\u0101nu kabatas ar neredzamiem r\u0101v\u0113jsl\u0113dz\u0113jiem un viena iek\u0161\u0113j\u0101 kr\u016b\u0161u kabata ar r\u0101v\u0113jsl\u0113dz\u0113ju, kas p\u0101rv\u0113r\u0161ama kompakt\u0101 iepakojuma maisi\u0146\u0101 ar cilpu karab\u012bnes piestiprin\u0101\u0161anai.<\/p>\n<p><span style=\"text-decoration: underline\"><strong>Efekt\u012bva siltuma saglab\u0101\u0161ana<\/strong><\/span><br \/>\u0112rtas, elast\u012bgas man\u017eetes ar neilona apdari saglab\u0101 siltumu. Jakas apak\u0161mala regul\u0113jama ar aukli\u0146as fiksatoru.<\/p>\n<p><span style=\"text-decoration: underline\"><strong>\u0100tra remont\u0113\u0161ana<\/strong><\/span><br \/>Komplekt\u0101 ietilpst remonta iel\u0101ps nelieliem boj\u0101jumiem \u2014 noder\u012bgs esot ce\u013c\u0101.<\/p>\n<p><span style=\"text-decoration: underline\"><strong>Atbalsts cilv\u0113kiem, kuri izgatavoja \u0161o produktu<\/strong><\/span><br \/>Ra\u017eots Fair Trade Certified\u2122 r\u016bpn\u012bc\u0101, kas noz\u012bm\u0113, ka cilv\u0113ki, kas izgatavoja \u0161o produktu, nopeln\u012bja god\u012bgu samaksu par savu darbu<\/p>\n","protected":false},"excerpt":{"rendered":"<p>KlasiskA Down Sweater\u2122 sievie\u0161u jaka, viegla un v\u0113ju necaurlaid\u012bga, ar virsk\u0101rtu no NetPlus\u00ae 100% p\u0101rstr\u0101d\u0101ta neilona ripstop auduma, kas ieg\u016bts no p\u0101rstr\u0101d\u0101tiem zvejas t\u012bkliem, pal\u012bdzot samazin\u0101t oke\u0101na pies\u0101r\u0146ojumu ar plastmasu.Siltumizol\u0101cijai izmantotas 800-fill-power d\u016bnas no 100% Responsible Down Standard sertific\u0113ta izcelsmes avota, ko apliecina Control Union (CU 880272). Atbalstot \u0161\u0101du produktu ieg\u0101di, tu veic ieguld\u012bjumu lab\u0101k\u0101 [&hellip;]<\/p>\n","protected":false},"featured_media":104079,"template":"","meta":[],"product_brand":[5291],"product_cat":[2998],"product_tag":[],"class_list":{"0":"post-104081","1":"product","2":"type-product","3":"status-publish","4":"has-post-thumbnail","6":"product_brand-patagonia","7":"product_cat-dunu-jakas","9":"first","10":"instock","11":"purchasable","12":"product-type-simple"},"_links":{"self":[{"href":"https:\/\/sezona.lv\/en\/wp-json\/wp\/v2\/product\/104081","targetHints":{"allow":["GET"]}}],"collection":[{"href":"https:\/\/sezona.lv\/en\/wp-json\/wp\/v2\/product"}],"about":[{"href":"https:\/\/sezona.lv\/en\/wp-json\/wp\/v2\/types\/product"}],"wp:featuredmedia":[{"embeddable":true,"href":"https:\/\/sezona.lv\/en\/wp-json\/wp\/v2\/media\/104079"}],"wp:attachment":[{"href":"https:\/\/sezona.lv\/en\/wp-json\/wp\/v2\/media?parent=104081"}],"wp:term":[{"taxonomy":"product_brand","embeddable":true,"href":"https:\/\/sezona.lv\/en\/wp-json\/wp\/v2\/product_brand?post=104081"},{"taxonomy":"product_cat","embeddable":true,"href":"https:\/\/sezona.lv\/en\/wp-json\/wp\/v2\/product_cat?post=104081"},{"taxonomy":"product_tag","embeddable":true,"href":"https:\/\/sezona.lv\/en\/wp-json\/wp\/v2\/product_tag?post=104081"}],"curies":[{"name":"wp","href":"https:\/\/api.w.org\/{rel}","templated":true}]}}