{"id":104089,"date":"2025-08-28T10:45:15","date_gmt":"2025-08-28T07:45:15","guid":{"rendered":"https:\/\/www3.sezona.lv\/?post_type=product&#038;p=104089"},"modified":"2025-08-28T10:48:56","modified_gmt":"2025-08-28T07:48:56","slug":"patagonia-jaka-torrentshell-3l-rain-jkt-2","status":"publish","type":"product","link":"https:\/\/sezona.lv\/en\/products\/patagonia-jaka-torrentshell-3l-rain-jkt-2\/","title":{"rendered":"Patagonia jaka TORRENTSHELL 3L Rain Jkt"},"content":{"rendered":"<p>Vienk\u0101r\u0161a un uzticama, Torrentshell 3L lietus jaka nodro\u0161ina izcilu \u016bdensiztur\u012bbu un elpojam\u012bbu, atbilstot Patagonia H2No\u00ae Performance Standard standartam. Tr\u012bssl\u0101\u0146u konstrukcija nodro\u0161ina komfortu visas dienas garum\u0101 un ilgsto\u0161u aizsardz\u012bbu pret mitrumu, savuk\u0101rt audums, membr\u0101na un DWR p\u0101rkl\u0101jums izgatavoti bez apzin\u0101ti pievienot\u0101m PFAS \u0137\u012bmiskaj\u0101m viel\u0101m. Ra\u017eota Fair Trade Certified\u2122 r\u016bpn\u012bc\u0101, garant\u0113jot god\u012bgus darba apst\u0101k\u013cus un papildu piemaksu ra\u017eot\u0101jiem.&#013;<\/p>\n<h4>Specifik\u0101cija:<\/h4>\n<p>&#013;<\/p>\n<table width=\"631\">&#013;<\/p>\n<tbody>&#013;<\/p>\n<tr>&#013;<\/p>\n<td><strong>Materi\u0101ls:<\/strong><\/td>\n<p>&#013;<\/p>\n<td><span style=\"text-decoration: underline\">H2No\u00ae Performance Standard shell<\/span><br \/>3-layer, 3.5-oz 50-denier ECONYL\u00ae 100% recycled nylon ripstop face, a polycarbonate PU membrane with 13% biobased content, a tricot backer and a durable water repellent (DWR) finish<br \/>Fabric, membrane and DWR finish made without intentionally added PFAS<\/td>\n<p>&#013;<br \/>\n<\/tr>\n<p>&#013;<\/p>\n<tr>&#013;<\/p>\n<td><strong>Svars:<\/strong><\/td>\n<p>&#013;<\/p>\n<td>352g<\/td>\n<p>&#013;<br \/>\n<\/tr>\n<p>&#013;<\/p>\n<tr>&#013;<\/p>\n<td><strong>Mitrumiztur\u012bba:<\/strong><\/td>\n<p>&#013;<\/p>\n<td><strong>20 000mm<\/strong><\/td>\n<p>&#013;<br \/>\n<\/tr>\n<p>&#013;<br \/>\n<\/tbody>\n<p>&#013;<br \/>\n<\/table>\n<p>&#013;<br \/>\n<span style=\"text-decoration: underline\"><strong>100% p\u0101rstr\u0101d\u0101ts \u016bdensnecaurlaid\u012bgs\/elpojo\u0161s virs\u0113jais audums<\/strong><\/span><br \/>\u016adensnecaurlaid\u012bgs\/elpojo\u0161s H2No\u00ae Performance Standard tr\u012bssl\u0101\u0146u \u0101r\u0113jais materi\u0101ls nodro\u0161ina visaugst\u0101ko komforta un veiktsp\u0113jas l\u012bmeni. Audums, membr\u0101na un DWR p\u0101rkl\u0101jums ir izgatavoti bez apzin\u0101ti pievienot\u0101m PFAS viel\u0101m.<\/p>\n<p><span style=\"text-decoration: underline\"><strong>Regul\u0113jama kapuce<\/strong><\/span><br \/>Divvirzienu regul\u0113jama kapuce ar lamin\u0113tu vizieri, kuru var sarull\u0113t un nostiprin\u0101t ar vienk\u0101r\u0161u auklas un \u0101\u0137a dizainu.<\/p>\n<p><span style=\"text-decoration: underline\"><strong>M\u012bksta mikrofl\u012bsa oder\u0113juma apkakle<\/strong><\/span><br \/>Mikrofl\u012bsa oder\u0113t\u0101 apkakle nodro\u0161ina komfortu un aizsardz\u012bbu<\/p>\n<p><span style=\"text-decoration: underline\"><strong>R\u0101v\u0113jsl\u0113dz\u0113js priek\u0161pus\u0113<\/strong><\/span><br \/>Priek\u0161\u0113jais r\u0101v\u0113jsl\u0113dz\u0113js, kas neie\u0137eras, ar iek\u0161\u0113j\u0101m un \u0101r\u0113j\u0101m v\u0113ja aizsargjosl\u0101m un zoda aizsargu<\/p>\n<p><span style=\"text-decoration: underline\"><strong>Kabatas<\/strong><\/span><br \/>Divas s\u0101nu kabatas rok\u0101m un ventil\u0101cijas r\u0101v\u0113jsl\u0113dz\u0113ji padus\u0113s ar \u0101r\u0113j\u0101m v\u0113ja aizsargjosl\u0101m; jaku var sapakot kreisaj\u0101 kabat\u0101, kur\u0101 ir cilpa karab\u012bnei.<\/p>\n<p><span style=\"text-decoration: underline\"><strong>Atbalsts cilv\u0113kiem, kuri izgatavoja \u0161o produktu<\/strong><\/span><br \/>Ra\u017eots Fair Trade Certified\u2122 r\u016bpn\u012bc\u0101, kas noz\u012bm\u0113, ka cilv\u0113ki, kas izgatavoja \u0161o produktu, nopeln\u012bja god\u012bgu samaksu par savu darbu<\/p>\n","protected":false},"excerpt":{"rendered":"<p>Vienk\u0101r\u0161a un uzticama, Torrentshell 3L lietus jaka nodro\u0161ina izcilu \u016bdensiztur\u012bbu un elpojam\u012bbu, atbilstot Patagonia H2No\u00ae Performance Standard standartam. Tr\u012bssl\u0101\u0146u konstrukcija nodro\u0161ina komfortu visas dienas garum\u0101 un ilgsto\u0161u aizsardz\u012bbu pret mitrumu, savuk\u0101rt audums, membr\u0101na un DWR p\u0101rkl\u0101jums izgatavoti bez apzin\u0101ti pievienot\u0101m PFAS \u0137\u012bmiskaj\u0101m viel\u0101m. Ra\u017eota Fair Trade Certified\u2122 r\u016bpn\u012bc\u0101, garant\u0113jot god\u012bgus darba apst\u0101k\u013cus un papildu piemaksu [&hellip;]<\/p>\n","protected":false},"featured_media":104088,"template":"","meta":[],"product_brand":[5291],"product_cat":[5265],"product_tag":[],"class_list":{"0":"post-104089","1":"product","2":"type-product","3":"status-publish","4":"has-post-thumbnail","6":"product_brand-patagonia","7":"product_cat-lietus-jakas","9":"first","10":"instock","11":"purchasable","12":"product-type-simple"},"_links":{"self":[{"href":"https:\/\/sezona.lv\/en\/wp-json\/wp\/v2\/product\/104089","targetHints":{"allow":["GET"]}}],"collection":[{"href":"https:\/\/sezona.lv\/en\/wp-json\/wp\/v2\/product"}],"about":[{"href":"https:\/\/sezona.lv\/en\/wp-json\/wp\/v2\/types\/product"}],"wp:featuredmedia":[{"embeddable":true,"href":"https:\/\/sezona.lv\/en\/wp-json\/wp\/v2\/media\/104088"}],"wp:attachment":[{"href":"https:\/\/sezona.lv\/en\/wp-json\/wp\/v2\/media?parent=104089"}],"wp:term":[{"taxonomy":"product_brand","embeddable":true,"href":"https:\/\/sezona.lv\/en\/wp-json\/wp\/v2\/product_brand?post=104089"},{"taxonomy":"product_cat","embeddable":true,"href":"https:\/\/sezona.lv\/en\/wp-json\/wp\/v2\/product_cat?post=104089"},{"taxonomy":"product_tag","embeddable":true,"href":"https:\/\/sezona.lv\/en\/wp-json\/wp\/v2\/product_tag?post=104089"}],"curies":[{"name":"wp","href":"https:\/\/api.w.org\/{rel}","templated":true}]}}