{"id":104093,"date":"2025-08-28T10:45:13","date_gmt":"2025-08-28T07:45:13","guid":{"rendered":"https:\/\/www3.sezona.lv\/?post_type=product&#038;p=104093"},"modified":"2025-08-28T10:48:57","modified_gmt":"2025-08-28T07:48:57","slug":"patagonia-jaka-triolet-jkt-w-2","status":"publish","type":"product","link":"https:\/\/sezona.lv\/en\/products\/patagonia-jaka-triolet-jkt-w-2\/","title":{"rendered":"Patagonia jaka TRIOLET Jkt W"},"content":{"rendered":"<p>Kalnu apst\u0101k\u013ciem rad\u012bta lietus jaka, kas iztur aukstumu un sniegu.<br \/>Triolet jaka ir izgatavota no iztur\u012bga, tr\u012bssl\u0101\u0146u, \u016bdens un v\u0113ja necaurlaid\u012bga, elpojo\u0161a GORE-TEX ePE Performance auduma ar 100% p\u0101rstr\u0101d\u0101ta poliestera virsk\u0101rtu, nodro\u0161inot izcilu aizsardz\u012bbu skarbos apst\u0101k\u013cos. Audums, membr\u0101na un iztur\u012bgais \u016bdeni atgr\u016bdo\u0161ais (DWR) p\u0101rkl\u0101jums nesatur apzin\u0101ti pievienotas PFAS vielas.&#013;<\/p>\n<h4>Specifik\u0101cija:<\/h4>\n<p>&#013;<\/p>\n<table width=\"631\">&#013;<\/p>\n<tbody>&#013;<\/p>\n<tr>&#013;<\/p>\n<td><strong>Materi\u0101ls:<\/strong><\/td>\n<p>&#013;<\/p>\n<td>3-layer, 5-oz 75-denier 100% recycled polyester GORE-TEX ePE Performance shell with a tricot backer and a durable water repellent (DWR) finish<br \/>Fabric, membrane and DWR finish made without intentionally added PFAS<br \/>Fabric is certified as bluesign\u00ae approved<br \/>Made in a Fair Trade Certified\u2122 factory<\/td>\n<p>&#013;<br \/>\n<\/tr>\n<p>&#013;<\/p>\n<tr>&#013;<\/p>\n<td><strong>Svars:<\/strong><\/td>\n<p>&#013;<\/p>\n<td>500g<\/td>\n<p>&#013;<br \/>\n<\/tr>\n<p>&#013;<\/p>\n<tr>&#013;<\/p>\n<td><strong>Mitrumiztur\u012bba:<\/strong><\/td>\n<p>&#013;<\/p>\n<td><strong>20 000+ mm<\/strong><\/td>\n<p>&#013;<br \/>\n<\/tr>\n<p>&#013;<br \/>\n<\/tbody>\n<p>&#013;<br \/>\n<\/table>\n<p>&#013;<br \/>\n<span style=\"text-decoration: underline\"><strong>100% p\u0101rstr\u0101d\u0101ts \u016bdensnecaurlaid\u012bgs\/elpojo\u0161s virs\u0113jais audums<\/strong><\/span><br \/>Tr\u012bssl\u0101\u0146u, iztur\u012bgs, \u016bdens un v\u0113ja necaurlaid\u012bgs, elpojo\u0161s GORE-TEX ePE Performance audums ar 100% p\u0101rstr\u0101d\u0101ta poliestera \u0101r\u0113jo sl\u0101ni, kas nodro\u0161ina sp\u0113c\u012bgu aizsardz\u012bbu skarbos apst\u0101k\u013cos. Audums, membr\u0101na un iztur\u012bgais \u016bdeni atgr\u016bdo\u0161ais (DWR) p\u0101rkl\u0101jums nesatur apzin\u0101ti pievienotas PFAS vielas.<\/p>\n<p><span style=\"text-decoration: underline\"><strong>Kapuce, kas sader\u012bga ar \u0137iveri<\/strong><\/span><br \/>Kapuce ar lamin\u0113tu vizieri un pastiprin\u0101tu malu efekt\u012bvi novada \u016bdeni, un t\u0101s divvirzienu regul\u0113\u0161ana nodro\u0161ina labu redzam\u012bbu sliktos laikapst\u0101k\u013cos \u2014 gan ar \u0137iveri, gan bez t\u0101s.<\/p>\n<p><span style=\"text-decoration: underline\"><strong>Kabatas<\/strong><\/span><br \/>Divas kr\u016b\u0161u kabatas ar \u016bdensnecaurlaid\u012bgiem r\u0101v\u0113jsl\u0113dz\u0113jiem; divas priek\u0161\u0113j\u0101s kabatas, kas netrauc\u0113 k\u0101p\u0161anas sist\u0113mai vai mugursomas gurnu siksnai; viena iek\u0161\u0113j\u0101 kabata bez aizdares.<\/p>\n<p><span style=\"text-decoration: underline\"><strong>Papildu ventil\u0101cija<\/strong><\/span><br \/>\u016adensnecaurlaid\u012bgi divvirzienu r\u0101v\u0113jsl\u0113dz\u0113ji padus\u0113s nodro\u0161ina ventil\u0101ciju\u00a0<\/p>\n<p><span style=\"text-decoration: underline\"><strong>RECCO\u00ae mekl\u0113\u0161anas sist\u0113ma<\/strong><\/span><br \/>Sl\u0113pts RECCO\u00ae atstarot\u0101js padara j\u016bs viegl\u0101k atrodamu gl\u0101b\u0161anas dienestiem.<\/p>\n<p><span style=\"text-decoration: underline\"><strong>Atbalsts cilv\u0113kiem, kuri izgatavoja \u0161o produktu<\/strong><\/span><br \/>Ra\u017eots Fair Trade Certified\u2122 r\u016bpn\u012bc\u0101, kas noz\u012bm\u0113, ka cilv\u0113ki, kas izgatavoja \u0161o produktu, nopeln\u012bja god\u012bgu samaksu par savu darbu<\/p>\n","protected":false},"excerpt":{"rendered":"<p>Kalnu apst\u0101k\u013ciem rad\u012bta lietus jaka, kas iztur aukstumu un sniegu.Triolet jaka ir izgatavota no iztur\u012bga, tr\u012bssl\u0101\u0146u, \u016bdens un v\u0113ja necaurlaid\u012bga, elpojo\u0161a GORE-TEX ePE Performance auduma ar 100% p\u0101rstr\u0101d\u0101ta poliestera virsk\u0101rtu, nodro\u0161inot izcilu aizsardz\u012bbu skarbos apst\u0101k\u013cos. Audums, membr\u0101na un iztur\u012bgais \u016bdeni atgr\u016bdo\u0161ais (DWR) p\u0101rkl\u0101jums nesatur apzin\u0101ti pievienotas PFAS vielas.&#013; Specifik\u0101cija: &#013; &#013; &#013; &#013; Materi\u0101ls: &#013; [&hellip;]<\/p>\n","protected":false},"featured_media":104092,"template":"","meta":[],"product_brand":[5291],"product_cat":[5265],"product_tag":[],"class_list":{"0":"post-104093","1":"product","2":"type-product","3":"status-publish","4":"has-post-thumbnail","6":"product_brand-patagonia","7":"product_cat-lietus-jakas","9":"first","10":"instock","11":"purchasable","12":"product-type-simple"},"_links":{"self":[{"href":"https:\/\/sezona.lv\/en\/wp-json\/wp\/v2\/product\/104093","targetHints":{"allow":["GET"]}}],"collection":[{"href":"https:\/\/sezona.lv\/en\/wp-json\/wp\/v2\/product"}],"about":[{"href":"https:\/\/sezona.lv\/en\/wp-json\/wp\/v2\/types\/product"}],"wp:featuredmedia":[{"embeddable":true,"href":"https:\/\/sezona.lv\/en\/wp-json\/wp\/v2\/media\/104092"}],"wp:attachment":[{"href":"https:\/\/sezona.lv\/en\/wp-json\/wp\/v2\/media?parent=104093"}],"wp:term":[{"taxonomy":"product_brand","embeddable":true,"href":"https:\/\/sezona.lv\/en\/wp-json\/wp\/v2\/product_brand?post=104093"},{"taxonomy":"product_cat","embeddable":true,"href":"https:\/\/sezona.lv\/en\/wp-json\/wp\/v2\/product_cat?post=104093"},{"taxonomy":"product_tag","embeddable":true,"href":"https:\/\/sezona.lv\/en\/wp-json\/wp\/v2\/product_tag?post=104093"}],"curies":[{"name":"wp","href":"https:\/\/api.w.org\/{rel}","templated":true}]}}