{"id":104096,"date":"2025-08-28T10:45:14","date_gmt":"2025-08-28T07:45:14","guid":{"rendered":"https:\/\/www3.sezona.lv\/?post_type=product&#038;p=104096"},"modified":"2025-08-28T10:48:57","modified_gmt":"2025-08-28T07:48:57","slug":"patagonia-jaka-pine-bank-3-in-1-parka-w-4","status":"publish","type":"product","link":"https:\/\/sezona.lv\/en\/products\/patagonia-jaka-pine-bank-3-in-1-parka-w-4\/","title":{"rendered":"Patagonia jaka PINE BANK 3-in-1 Parka W"},"content":{"rendered":"<p>Sievie\u0161u Pine Bank 3-in-1 Parka ir iizgatavota no 100% p\u0101rstr\u0101d\u0101tiem materi\u0101liem (iz\u0146emot r\u0101v\u0113jsl\u0113dz\u0113jus un furnit\u016bru). Daudzpus\u012bga jaka, ko var valk\u0101t tr\u012bs da\u017e\u0101dos veidos.<br \/>&#013;<\/p>\n<ul>&#013;<\/p>\n<li>Aukst\u0101s un mitr\u0101s dien\u0101s siltin\u0101to parku kop\u0101 ar \u016bdens un v\u0113ja necaurlaid\u012bgo virsjaku.<\/li>\n<p>&#013;<\/p>\n<li>Silt\u0101k\u0101s lietain\u0101s dien\u0101s valk\u0101 tikai virsjaku.<\/li>\n<p>&#013;<\/p>\n<li>Aukst\u0101s, bet saus\u0101s dien\u0101s \u2013 tikai siltin\u0101to parku.<\/li>\n<p>&#013;\n<\/ul>\n<p>&#013;<\/p>\n<p>Ra\u017eota Fair Trade Certified\u2122 sertific\u0113t\u0101 r\u016bpn\u012bc\u0101.<\/p>\n<p>&#013;<\/p>\n<h4>Specifik\u0101cija:<\/h4>\n<p>&#013;<\/p>\n<table width=\"631\">&#013;<\/p>\n<tbody>&#013;<\/p>\n<tr>&#013;<\/p>\n<td><strong>Materi\u0101ls:<\/strong><\/td>\n<p>&#013;<\/p>\n<td><span style=\"text-decoration: underline\">H2No\u00ae Performance Standard shell<\/span><br \/>2-layer, 5.4-oz 100% postconsumer recycled polyester plain weave with a durable water repellent (DWR) finish made without intentionally added PFAS<br \/><span style=\"text-decoration: underline\">Shell lining<\/span><br \/>2.2-oz 100% recycled polyester plain weave with a DWR finish made without intentionally added PFAS<br \/><span style=\"text-decoration: underline\">Inner jacket<\/span><br \/>1.3-oz Pertex\u00ae Quantum 100% recycled polyester ripstop with a DWR finish made without intentionally added PFAS<br \/><span style=\"text-decoration: underline\">Inner-jacket lining<\/span><br \/>2.2-oz 100% recycled polyester taffeta with a DWR finish made without intentionally added PFAS<br \/><span style=\"text-decoration: underline\">Inner-jacket insulation<\/span><br \/>100-g Thermogreen\u00ae 100% recycled polyester<br \/>Outer shell and lining fabrics are certified as bluesign\u00ae approved<br \/>Made in a Fair Trade Certified\u2122 factory<\/td>\n<p>&#013;<br \/>\n<\/tr>\n<p>&#013;<\/p>\n<tr>&#013;<\/p>\n<td><strong>Svars:<\/strong><\/td>\n<p>&#013;<\/p>\n<td>1216g<\/td>\n<p>&#013;<br \/>\n<\/tr>\n<p>&#013;<\/p>\n<tr>&#013;<\/p>\n<td><strong>Mitrumiztur\u012bba:<\/strong><\/td>\n<p>&#013;<\/p>\n<td><strong>20 000 mm<\/strong><\/td>\n<p>&#013;<br \/>\n<\/tr>\n<p>&#013;<br \/>\n<\/tbody>\n<p>&#013;<br \/>\n<\/table>\n<p>&#013;<br \/>\n<span style=\"text-decoration: underline\"><strong>Elpojo\u0161a \u016bdens un v\u0113ja necaurlaid\u012bga virs\u0113j\u0101 jaka un siltin\u0101ta iz\u0146emama iek\u0161\u0113j\u0101 jaka<\/strong><\/span><br \/>Elpojo\u0161a, \u016bdens un v\u0113ja necaurlaid\u012bg\u0101 virs\u0113j\u0101 jaka ar vieglu oderi no gluda auduma; siltin\u0101t\u0101 iek\u0161\u0113j\u0101 parka no iztur\u012bga ripstop materi\u0101la. Visi audumi un siltin\u0101jums ir 100% p\u0101rstr\u0101d\u0101ts poliesters.<\/p>\n<p><span style=\"text-decoration: underline\"><strong>Divvirzienu regul\u0113jama virsjakas kapuce<\/strong><\/span><br \/>Virsjakai ir divvirzienu regul\u0113jama kapuce un augsta apkakle, kas saglab\u0101 siltumu kakla zon\u0101.<\/p>\n<p><span style=\"text-decoration: underline\"><strong>Piln\u012bb\u0101 l\u012bm\u0113tas \u0161uves<\/strong><\/span><br \/>Piln\u012bb\u0101 l\u012bm\u0113tas \u0161uves, divvirzienu priek\u0161\u0113jais r\u0101v\u0113jsl\u0113dz\u0113js un v\u0113ja aizsargjosla ar spiedpog\u0101m pasarg\u0101 no aukstuma un mitruma.<\/p>\n<p><span style=\"text-decoration: underline\"><strong>Virsjakas kabatas<\/strong><\/span><br \/>Divas priek\u0161\u0113j\u0101s kabatas ar atlokiem un sl\u0113pt\u0101m spiedpog\u0101m, k\u0101 ar\u012b divas r\u0101v\u0113jsl\u0113dz\u0113ja kr\u016b\u0161u kabatas (viena \u0101rpus\u0113, viena iek\u0161pus\u0113).<\/p>\n<p><span style=\"text-decoration: underline\"><strong>Step\u0113ta, siltin\u0101ta iek\u0161\u0113j\u0101 parka<\/strong><\/span><br \/>Step\u0113ta siltin\u0101ta parka ar pilna garuma r\u0101v\u0113jsl\u0113dz\u0113ju, augstu apkakli, elast\u012bg\u0101m man\u0161et\u0113m un noapa\u013cotu apak\u0161malu.<\/p>\n<p><span style=\"text-decoration: underline\"><strong>Iek\u0161\u0113j\u0101s parkas kabatas<\/strong><\/span><br \/>Divas priek\u0161\u0113j\u0101s kabatas roku sasild\u012b\u0161anai un viena iek\u0161\u0113j\u0101 kr\u016b\u0161u kabata ar r\u0101v\u0113jsl\u0113dz\u0113ju.<\/p>\n<p><span style=\"text-decoration: underline\"><strong>Atbalsts cilv\u0113kiem, kuri izgatavoja \u0161o produktu<\/strong><\/span><br \/>Ra\u017eots Fair Trade Certified\u2122 r\u016bpn\u012bc\u0101, kas noz\u012bm\u0113, ka cilv\u0113ki, kas izgatavoja \u0161o produktu, nopeln\u012bja god\u012bgu samaksu par savu darbu<\/p>\n","protected":false},"excerpt":{"rendered":"<p>Sievie\u0161u Pine Bank 3-in-1 Parka ir iizgatavota no 100% p\u0101rstr\u0101d\u0101tiem materi\u0101liem (iz\u0146emot r\u0101v\u0113jsl\u0113dz\u0113jus un furnit\u016bru). Daudzpus\u012bga jaka, ko var valk\u0101t tr\u012bs da\u017e\u0101dos veidos.&#013; &#013; Aukst\u0101s un mitr\u0101s dien\u0101s siltin\u0101to parku kop\u0101 ar \u016bdens un v\u0113ja necaurlaid\u012bgo virsjaku. &#013; Silt\u0101k\u0101s lietain\u0101s dien\u0101s valk\u0101 tikai virsjaku. &#013; Aukst\u0101s, bet saus\u0101s dien\u0101s \u2013 tikai siltin\u0101to parku. &#013; &#013; [&hellip;]<\/p>\n","protected":false},"featured_media":104097,"template":"","meta":[],"product_brand":[5291],"product_cat":[5250],"product_tag":[],"class_list":{"0":"post-104096","1":"product","2":"type-product","3":"status-publish","4":"has-post-thumbnail","6":"product_brand-patagonia","7":"product_cat-meteli","9":"first","10":"instock","11":"purchasable","12":"product-type-simple"},"_links":{"self":[{"href":"https:\/\/sezona.lv\/en\/wp-json\/wp\/v2\/product\/104096","targetHints":{"allow":["GET"]}}],"collection":[{"href":"https:\/\/sezona.lv\/en\/wp-json\/wp\/v2\/product"}],"about":[{"href":"https:\/\/sezona.lv\/en\/wp-json\/wp\/v2\/types\/product"}],"wp:featuredmedia":[{"embeddable":true,"href":"https:\/\/sezona.lv\/en\/wp-json\/wp\/v2\/media\/104097"}],"wp:attachment":[{"href":"https:\/\/sezona.lv\/en\/wp-json\/wp\/v2\/media?parent=104096"}],"wp:term":[{"taxonomy":"product_brand","embeddable":true,"href":"https:\/\/sezona.lv\/en\/wp-json\/wp\/v2\/product_brand?post=104096"},{"taxonomy":"product_cat","embeddable":true,"href":"https:\/\/sezona.lv\/en\/wp-json\/wp\/v2\/product_cat?post=104096"},{"taxonomy":"product_tag","embeddable":true,"href":"https:\/\/sezona.lv\/en\/wp-json\/wp\/v2\/product_tag?post=104096"}],"curies":[{"name":"wp","href":"https:\/\/api.w.org\/{rel}","templated":true}]}}