{"id":104107,"date":"2025-08-28T10:45:10","date_gmt":"2025-08-28T07:45:10","guid":{"rendered":"https:\/\/www3.sezona.lv\/?post_type=product&#038;p=104107"},"modified":"2025-08-28T10:48:58","modified_gmt":"2025-08-28T07:48:58","slug":"patagonia-jaka-r1-air-crew-w-3","status":"publish","type":"product","link":"https:\/\/sezona.lv\/en\/products\/patagonia-jaka-r1-air-crew-w-3\/","title":{"rendered":"Patagonia jaka R1 AIR Crew W"},"content":{"rendered":"<p>R1\u00ae Air Crew ir viegls, elpojo\u0161s un \u0101tri \u017e\u016bsto\u0161s tehnisk\u0101 fl\u012bsa sievie\u0161u d\u017eemperis, kas paredz\u0113ta v\u0113siem laikapst\u0101k\u013ciem.<br \/>Klasiskais d\u017eempera tipa piegriezums ar vienk\u0101r\u0161u siluetu ir \u0113rti sl\u0101\u0146ojams vai ieliekams mugursom\u0101. Izgatavota no 100% p\u0101rstr\u0101d\u0101ta poliestera.&#013;<\/p>\n<h4>Specifik\u0101cija:<\/h4>\n<p>&#013;<\/p>\n<table width=\"631\">&#013;<\/p>\n<tbody>&#013;<\/p>\n<tr>&#013;<\/p>\n<td><strong>Materi\u0101ls:<\/strong><\/td>\n<p>&#013;<\/p>\n<td>5.7-oz 100% recycled polyester jacquard fleece with hollow-core yarns<br \/>Fabric is certified as bluesign\u00ae approved<br \/>Made in a Fair Trade Certified\u2122 factory<\/td>\n<p>&#013;<br \/>\n<\/tr>\n<p>&#013;<\/p>\n<tr>&#013;<\/p>\n<td><strong>Piegriezums:<\/strong><\/td>\n<p>&#013;<\/p>\n<td>Regular<\/td>\n<p>&#013;<br \/>\n<\/tr>\n<p>&#013;<\/p>\n<tr>&#013;<\/p>\n<td><strong>Svars:<\/strong><\/td>\n<p>&#013;<\/p>\n<td>238g<\/td>\n<p>&#013;<br \/>\n<\/tr>\n<p>&#013;<br \/>\n<\/tbody>\n<p>&#013;<br \/>\n<\/table>\n<p>&#013;<br \/>\n<span style=\"text-decoration: underline\"><strong>Gais\u012bgs, silts un elpojo\u0161s audums<\/strong><\/span><br \/>Izgatavots no 100% p\u0101rstr\u0101d\u0101ta poliestera \u017eakarda fl\u012bsa, kas efekt\u012bvi vada mitrumu, \u0101tri \u017e\u016bst un lieliski elpo, padarot \u0161o ap\u0123\u0113rbu piem\u0113rotu aktivit\u0101t\u0113m v\u0113s\u0101 laik\u0101.<\/p>\n<p><span style=\"text-decoration: underline\"><strong>Viegls un kompakti kompres\u0113jams zigzaga ad\u012bjums<\/strong><\/span><br \/>Zigzaga ad\u012bjuma raksts uzlabo gaisa cirkul\u0101ciju un samazina apjomu<\/p>\n<p><span style=\"text-decoration: underline\"><strong>Nob\u012bd\u012btas plecu \u0161uves<\/strong><\/span><br \/>Nob\u012bd\u012bt\u0101s plecu \u0161uves nodro\u0161ina liel\u0101ku komfortu zem mugursomas plecu lenc\u0113m.<\/p>\n<p><span style=\"text-decoration: underline\"><strong>Kabata ar r\u0101v\u0113jsl\u0113dz\u0113ju<\/strong><\/span><br \/>Kreisaj\u0101 kr\u016b\u0161u da\u013c\u0101 ir kabata ar r\u0101v\u0113jsl\u0113dz\u0113ju s\u012bkumiem<\/p>\n<p><span style=\"text-decoration: underline\"><strong>Atbalsts cilv\u0113kiem, kuri izgatavoja \u0161o produktu<\/strong><\/span><br \/>Ra\u017eots Fair Trade Certified\u2122 r\u016bpn\u012bc\u0101, kas noz\u012bm\u0113, ka cilv\u0113ki, kas izgatavoja \u0161o produktu, nopeln\u012bja god\u012bgu samaksu par savu darbu<\/p>\n","protected":false},"excerpt":{"rendered":"<p>R1\u00ae Air Crew ir viegls, elpojo\u0161s un \u0101tri \u017e\u016bsto\u0161s tehnisk\u0101 fl\u012bsa sievie\u0161u d\u017eemperis, kas paredz\u0113ta v\u0113siem laikapst\u0101k\u013ciem.Klasiskais d\u017eempera tipa piegriezums ar vienk\u0101r\u0161u siluetu ir \u0113rti sl\u0101\u0146ojams vai ieliekams mugursom\u0101. Izgatavota no 100% p\u0101rstr\u0101d\u0101ta poliestera.&#013; Specifik\u0101cija: &#013; &#013; &#013; &#013; Materi\u0101ls: &#013; 5.7-oz 100% recycled polyester jacquard fleece with hollow-core yarnsFabric is certified as bluesign\u00ae approvedMade [&hellip;]<\/p>\n","protected":false},"featured_media":104108,"template":"","meta":[],"product_brand":[5291],"product_cat":[3003],"product_tag":[],"class_list":{"0":"post-104107","1":"product","2":"type-product","3":"status-publish","4":"has-post-thumbnail","6":"product_brand-patagonia","7":"product_cat-flisa-jakas","9":"first","10":"instock","11":"purchasable","12":"product-type-simple"},"_links":{"self":[{"href":"https:\/\/sezona.lv\/en\/wp-json\/wp\/v2\/product\/104107","targetHints":{"allow":["GET"]}}],"collection":[{"href":"https:\/\/sezona.lv\/en\/wp-json\/wp\/v2\/product"}],"about":[{"href":"https:\/\/sezona.lv\/en\/wp-json\/wp\/v2\/types\/product"}],"wp:featuredmedia":[{"embeddable":true,"href":"https:\/\/sezona.lv\/en\/wp-json\/wp\/v2\/media\/104108"}],"wp:attachment":[{"href":"https:\/\/sezona.lv\/en\/wp-json\/wp\/v2\/media?parent=104107"}],"wp:term":[{"taxonomy":"product_brand","embeddable":true,"href":"https:\/\/sezona.lv\/en\/wp-json\/wp\/v2\/product_brand?post=104107"},{"taxonomy":"product_cat","embeddable":true,"href":"https:\/\/sezona.lv\/en\/wp-json\/wp\/v2\/product_cat?post=104107"},{"taxonomy":"product_tag","embeddable":true,"href":"https:\/\/sezona.lv\/en\/wp-json\/wp\/v2\/product_tag?post=104107"}],"curies":[{"name":"wp","href":"https:\/\/api.w.org\/{rel}","templated":true}]}}