{"id":104116,"date":"2025-08-28T10:45:02","date_gmt":"2025-08-28T07:45:02","guid":{"rendered":"https:\/\/www3.sezona.lv\/?post_type=product&#038;p=104116"},"modified":"2025-08-28T10:49:05","modified_gmt":"2025-08-28T07:49:05","slug":"patagonia-jaka-r1-air-full-zip-hoody-m","status":"publish","type":"product","link":"https:\/\/sezona.lv\/en\/products\/patagonia-jaka-r1-air-full-zip-hoody-m\/","title":{"rendered":"Patagonia jaka R1 AIR Full-Zip Hoody M"},"content":{"rendered":"<p>R1\u00ae Air Full-Zip Hoody ir viegla, \u013coti elpojo\u0161a un \u0101tri \u017e\u016bsto\u0161a tehnisk\u0101 fl\u012bsa jaka ar kapuci, kas paredz\u0113ta v\u0113siem laikapst\u0101k\u013ciem.<br \/>Pilna garuma r\u0101v\u0113jsl\u0113dz\u0113js nodro\u0161ina \u0113rtu uzvilk\u0161anu, novilk\u0161anu un ventil\u0101ciju, savuk\u0101rt 100% p\u0101rstr\u0101ds poliestera audums garant\u0113 komfortu kust\u012bb\u0101.<br \/>Ra\u017eota Fair Trade Certified\u2122 sertific\u0113t\u0101 r\u016bpn\u012bc\u0101.&#013;<\/p>\n<h4>Specifik\u0101cija:<\/h4>\n<p>&#013;<\/p>\n<table width=\"631\">&#013;<\/p>\n<tbody>&#013;<\/p>\n<tr>&#013;<\/p>\n<td><strong>Materi\u0101ls:<\/strong><\/td>\n<p>&#013;<\/p>\n<td>5.7-oz 100% recycled polyester jacquard fleece with hollow-core yarns<br \/>Fabric is certified as bluesign\u00ae approved<br \/>Made in a Fair Trade Certified\u2122 factory<\/td>\n<p>&#013;<br \/>\n<\/tr>\n<p>&#013;<\/p>\n<tr>&#013;<\/p>\n<td><strong>Piegriezums:<\/strong><\/td>\n<p>&#013;<\/p>\n<td>Slim<\/td>\n<p>&#013;<br \/>\n<\/tr>\n<p>&#013;<\/p>\n<tr>&#013;<\/p>\n<td><strong>Svars:<\/strong><\/td>\n<p>&#013;<\/p>\n<td>369g<\/td>\n<p>&#013;<br \/>\n<\/tr>\n<p>&#013;<br \/>\n<\/tbody>\n<p>&#013;<br \/>\n<\/table>\n<p>&#013;<br \/>\n<span style=\"text-decoration: underline\"><strong>Gais\u012bgs, silts un elpojo\u0161s audums<\/strong><\/span><br \/>Izgatavots no 100% p\u0101rstr\u0101d\u0101ta poliestera \u017eakarda fl\u012bsa, kas efekt\u012bvi vada mitrumu, \u0101tri \u017e\u016bst un lieliski elpo, padarot \u0161o ap\u0123\u0113rbu piem\u0113rotu aktivit\u0101t\u0113m v\u0113s\u0101 laik\u0101.<\/p>\n<p><span style=\"text-decoration: underline\"><strong>Viegls un kompakti kompres\u0113jams zigzaga ad\u012bjums<\/strong><\/span><br \/>Zigzaga ad\u012bjuma raksts uzlabo gaisa cirkul\u0101ciju un samazina apjomu<\/p>\n<p><span style=\"text-decoration: underline\"><strong>Pilna garuma r\u0101v\u0113jsl\u0113dz\u0113js un kapuce<\/strong><\/span><br \/>Pilna garuma r\u0101v\u0113jsl\u0113dz\u0113js nodro\u0161ina \u0113rtu uzvilk\u0161anu un ventil\u0101ciju. Piegulo\u0161\u0101 kapuce \u0113rti der zem \u0137iver\u0113m vai cit\u0101m virskapuc\u0113m.<\/p>\n<p><span style=\"text-decoration: underline\"><strong>Nob\u012bd\u012btas plecu \u0161uves<\/strong><\/span><br \/>Nob\u012bd\u012btas \u0161uves uz pleciem nodro\u0161ina komfortu zem mugursomas lenc\u0113m.<\/p>\n<p><span style=\"text-decoration: underline\"><strong>Kabatas<\/strong><\/span><br \/>Viena kr\u016b\u0161u kabata ar r\u0101v\u0113jsl\u0113dz\u0113ju s\u012bkumiem un divas priek\u0161\u0113j\u0101s kabatas ar minim\u0101liem r\u0101v\u0113jsl\u0113dz\u0113jiem, lai samazin\u0101tu apjomu.<\/p>\n<p><span style=\"text-decoration: underline\"><strong>Atbalsts cilv\u0113kiem, kuri izgatavoja \u0161o produktu<\/strong><\/span><br \/>Ra\u017eots Fair Trade Certified\u2122 r\u016bpn\u012bc\u0101, kas noz\u012bm\u0113, ka cilv\u0113ki, kas izgatavoja \u0161o produktu, nopeln\u012bja god\u012bgu samaksu par savu darbu<\/p>\n","protected":false},"excerpt":{"rendered":"<p>R1\u00ae Air Full-Zip Hoody ir viegla, \u013coti elpojo\u0161a un \u0101tri \u017e\u016bsto\u0161a tehnisk\u0101 fl\u012bsa jaka ar kapuci, kas paredz\u0113ta v\u0113siem laikapst\u0101k\u013ciem.Pilna garuma r\u0101v\u0113jsl\u0113dz\u0113js nodro\u0161ina \u0113rtu uzvilk\u0161anu, novilk\u0161anu un ventil\u0101ciju, savuk\u0101rt 100% p\u0101rstr\u0101ds poliestera audums garant\u0113 komfortu kust\u012bb\u0101.Ra\u017eota Fair Trade Certified\u2122 sertific\u0113t\u0101 r\u016bpn\u012bc\u0101.&#013; Specifik\u0101cija: &#013; &#013; &#013; &#013; Materi\u0101ls: &#013; 5.7-oz 100% recycled polyester jacquard fleece with [&hellip;]<\/p>\n","protected":false},"featured_media":104113,"template":"","meta":[],"product_brand":[5291],"product_cat":[3003],"product_tag":[],"class_list":{"0":"post-104116","1":"product","2":"type-product","3":"status-publish","4":"has-post-thumbnail","6":"product_brand-patagonia","7":"product_cat-flisa-jakas","9":"first","10":"instock","11":"purchasable","12":"product-type-simple"},"_links":{"self":[{"href":"https:\/\/sezona.lv\/en\/wp-json\/wp\/v2\/product\/104116","targetHints":{"allow":["GET"]}}],"collection":[{"href":"https:\/\/sezona.lv\/en\/wp-json\/wp\/v2\/product"}],"about":[{"href":"https:\/\/sezona.lv\/en\/wp-json\/wp\/v2\/types\/product"}],"wp:featuredmedia":[{"embeddable":true,"href":"https:\/\/sezona.lv\/en\/wp-json\/wp\/v2\/media\/104113"}],"wp:attachment":[{"href":"https:\/\/sezona.lv\/en\/wp-json\/wp\/v2\/media?parent=104116"}],"wp:term":[{"taxonomy":"product_brand","embeddable":true,"href":"https:\/\/sezona.lv\/en\/wp-json\/wp\/v2\/product_brand?post=104116"},{"taxonomy":"product_cat","embeddable":true,"href":"https:\/\/sezona.lv\/en\/wp-json\/wp\/v2\/product_cat?post=104116"},{"taxonomy":"product_tag","embeddable":true,"href":"https:\/\/sezona.lv\/en\/wp-json\/wp\/v2\/product_tag?post=104116"}],"curies":[{"name":"wp","href":"https:\/\/api.w.org\/{rel}","templated":true}]}}