{"id":104127,"date":"2025-08-28T10:45:02","date_gmt":"2025-08-28T07:45:02","guid":{"rendered":"https:\/\/www3.sezona.lv\/?post_type=product&#038;p=104127"},"modified":"2025-08-28T10:49:02","modified_gmt":"2025-08-28T07:49:02","slug":"patagonia-krekls-l-s-capilene-cool-daily-graphic-shirt-m-4","status":"publish","type":"product","link":"https:\/\/sezona.lv\/en\/products\/patagonia-krekls-l-s-capilene-cool-daily-graphic-shirt-m-4\/","title":{"rendered":"Patagonia krekls L\/S Capilene Cool Daily Graphic Shirt M"},"content":{"rendered":"<p>Capilene\u00ae Cool Daily krekls ir Patagonia visdaudzpus\u012bg\u0101kais tehniskais krekls, piem\u0113rots gan p\u0101rg\u0101jieniem, gan \u016bdens aktivit\u0101t\u0113m. Izgatavots no 50\u2013100% p\u0101rstr\u0101d\u0101ta poliestera, tas \u0101tri \u017e\u016bst, ir elast\u012bgs un nodro\u0161ina izcilu kust\u012bbu br\u012bv\u012bbu un komfortu visas dienas garum\u0101.<br \/>Pateicoties HeiQ\u00ae Mint smar\u017eu kontroles tehnolo\u0123ijai, krekls saglab\u0101 svaigumu ar\u012b akt\u012bvas slodzes laik\u0101. Ide\u0101li piem\u0113rots main\u012bgiem laikapst\u0101k\u013ciem \u2013 no v\u0113siem r\u012btiem l\u012bdz karst\u0101m p\u0113cpusdien\u0101m.<br \/>Ra\u017eots Fair Trade Certified\u2122 r\u016bpn\u012bc\u0101, atbalstot god\u012bgus darba apst\u0101k\u013cus un ilgtsp\u0113j\u012bgu ra\u017eo\u0161anu.&#013;<\/p>\n<h4>Specifik\u0101cija:<\/h4>\n<p>&#013;<\/p>\n<table width=\"631\">&#013;<\/p>\n<tbody>&#013;<\/p>\n<tr>&#013;<\/p>\n<td><strong>Materi\u0101ls:<\/strong><\/td>\n<p>&#013;<\/p>\n<td>3.7-oz 100% recycled polyester (heathers and cross-dyes: 50% recycled) jersey with HeiQ\u00ae Mint odor control and a wicking finish<br \/>Made in a Fair Trade Certified\u2122 factory<\/td>\n<p>&#013;<br \/>\n<\/tr>\n<p>&#013;<\/p>\n<tr>&#013;<\/p>\n<td><strong>Piegriezums:<\/strong><\/td>\n<p>&#013;<\/p>\n<td>Regular<\/td>\n<p>&#013;<br \/>\n<\/tr>\n<p>&#013;<\/p>\n<tr>&#013;<\/p>\n<td><strong>Svars:<\/strong><\/td>\n<p>&#013;<\/p>\n<td>153g<\/td>\n<p>&#013;<br \/>\n<\/tr>\n<p>&#013;<br \/>\n<\/tbody>\n<p>&#013;<br \/>\n<\/table>\n<p>&#013;<br \/>\n<span style=\"text-decoration: underline\"><strong>Viegls, maigs un elast\u012bgs audums<\/strong><\/span><br \/>Elast\u012bgs materi\u0101ls nodro\u0161ina komfortu gan uz zemes, gan uz \u016bdens \u2014 ide\u0101li akt\u012bvam dz\u012bvesveidam.<\/p>\n<p><span style=\"text-decoration: underline\"><strong>Smar\u017eu kontrole un mitruma izvad\u012b\u0161ana<\/strong><\/span><br \/>HeiQ\u00ae Mint smar\u017eu kontroles tehnolo\u0123iju, lai saglab\u0101tu svaigumu visas dienas garum\u0101.Materi\u0101lam piem\u012bt labas mitruma p\u0101rvald\u012b\u0161anas \u012bpa\u0161\u012bbas.<\/p>\n<p><span style=\"text-decoration: underline\"><strong>Maz\u0101k \u0161uvju \u2013 maz\u0101ks noberzumu risks<\/strong><\/span><br \/>Minim\u0101la \u0161\u016b\u0161ana un v\u012b\u013cu daudzums pal\u012bdz samazin\u0101t \u0101das kairin\u0101jumu pat intens\u012bvas kust\u012bbas laik\u0101.<\/p>\n<p><span style=\"text-decoration: underline\"><strong>Atbalsts cilv\u0113kiem, kuri izgatavoja \u0161o produktu<\/strong><\/span><br \/>Ra\u017eots Fair Trade Certified\u2122 r\u016bpn\u012bc\u0101, kas noz\u012bm\u0113, ka cilv\u0113ki, kas izgatavoja \u0161o produktu, nopeln\u012bja god\u012bgu samaksu par savu darbu<\/p>\n","protected":false},"excerpt":{"rendered":"<p>Capilene\u00ae Cool Daily krekls ir Patagonia visdaudzpus\u012bg\u0101kais tehniskais krekls, piem\u0113rots gan p\u0101rg\u0101jieniem, gan \u016bdens aktivit\u0101t\u0113m. Izgatavots no 50\u2013100% p\u0101rstr\u0101d\u0101ta poliestera, tas \u0101tri \u017e\u016bst, ir elast\u012bgs un nodro\u0161ina izcilu kust\u012bbu br\u012bv\u012bbu un komfortu visas dienas garum\u0101.Pateicoties HeiQ\u00ae Mint smar\u017eu kontroles tehnolo\u0123ijai, krekls saglab\u0101 svaigumu ar\u012b akt\u012bvas slodzes laik\u0101. Ide\u0101li piem\u0113rots main\u012bgiem laikapst\u0101k\u013ciem \u2013 no v\u0113siem r\u012btiem [&hellip;]<\/p>\n","protected":false},"featured_media":104128,"template":"","meta":[],"product_brand":[5291],"product_cat":[967],"product_tag":[],"class_list":{"0":"post-104127","1":"product","2":"type-product","3":"status-publish","4":"has-post-thumbnail","6":"product_brand-patagonia","7":"product_cat-bez-kategorijas","9":"first","10":"instock","11":"purchasable","12":"product-type-simple"},"_links":{"self":[{"href":"https:\/\/sezona.lv\/en\/wp-json\/wp\/v2\/product\/104127","targetHints":{"allow":["GET"]}}],"collection":[{"href":"https:\/\/sezona.lv\/en\/wp-json\/wp\/v2\/product"}],"about":[{"href":"https:\/\/sezona.lv\/en\/wp-json\/wp\/v2\/types\/product"}],"wp:featuredmedia":[{"embeddable":true,"href":"https:\/\/sezona.lv\/en\/wp-json\/wp\/v2\/media\/104128"}],"wp:attachment":[{"href":"https:\/\/sezona.lv\/en\/wp-json\/wp\/v2\/media?parent=104127"}],"wp:term":[{"taxonomy":"product_brand","embeddable":true,"href":"https:\/\/sezona.lv\/en\/wp-json\/wp\/v2\/product_brand?post=104127"},{"taxonomy":"product_cat","embeddable":true,"href":"https:\/\/sezona.lv\/en\/wp-json\/wp\/v2\/product_cat?post=104127"},{"taxonomy":"product_tag","embeddable":true,"href":"https:\/\/sezona.lv\/en\/wp-json\/wp\/v2\/product_tag?post=104127"}],"curies":[{"name":"wp","href":"https:\/\/api.w.org\/{rel}","templated":true}]}}