{"id":104134,"date":"2025-08-28T10:45:01","date_gmt":"2025-08-28T07:45:01","guid":{"rendered":"https:\/\/www3.sezona.lv\/?post_type=product&#038;p=104134"},"modified":"2025-08-28T10:49:06","modified_gmt":"2025-08-28T07:49:06","slug":"patagonia-metelis-jackson-glacier-parka-w-3","status":"publish","type":"product","link":"https:\/\/sezona.lv\/en\/products\/patagonia-metelis-jackson-glacier-parka-w-3\/","title":{"rendered":"Patagonia m\u0113telis JACKSON Glacier Parka W"},"content":{"rendered":"<p>Jackson Glacier Parka ir rad\u012bta siltumam un aizsardz\u012bbai pret lietu un v\u0113ju. Izgatavota no 100% p\u0101rstr\u0101d\u0101ta poliestera un pild\u012bta ar augstas kvalit\u0101tes 700-fill p\u0101rstr\u0101d\u0101t\u0101m d\u016bn\u0101m \u2014 \u012bpa\u0161u mais\u012bjumu no atg\u016bt\u0101m p\u012b\u013cu un zosu d\u016bn\u0101m un \u016bdensputnu spalv\u0101m, kas ieg\u016btas no p\u0101rstr\u0101d\u0101tiem d\u016bnu izstr\u0101d\u0101jumiem. \u0160\u012b jaka apvieno tehnisk\u0101s \u012bpa\u0161\u012bbas ar ikdieni\u0161\u0137u stilu, nodro\u0161inot siltumu un sausumu katru dienu. Ra\u017eota r\u016bpn\u012bc\u0101, kas sertific\u0113ta ar Fair Trade Certified\u2122.&#013;<\/p>\n<h4>Specifik\u0101cija:<\/h4>\n<p>&#013;<\/p>\n<table width=\"631\">&#013;<\/p>\n<tbody>&#013;<\/p>\n<tr>&#013;<\/p>\n<td><strong>Materi\u0101ls:<\/strong><\/td>\n<p>&#013;<\/p>\n<td><span style=\"text-decoration: underline\">H2No\u00ae Performance Standard shell<\/span><br \/>2-layer, 3.6-oz 75-denier 100% recycled polyester with a durable water repellent (DWR) finish made without intentionally added PFAS<br \/><span style=\"text-decoration: underline\">Lining<\/span><br \/>2.2-oz 100% recycled polyester taffeta with a DWR finish made without intentionally added PFAS<br \/><span style=\"text-decoration: underline\">Pocket bags<\/span><br \/>5.3-oz 100% recycled polyester brushed tricot<br \/><span style=\"text-decoration: underline\">Insulation<\/span><br \/>700-fill-power 100% Recycled Down (a blend of duck and goose down and waterfowl feathers reclaimed from down products)<br \/>Fabrics are certified as bluesign\u00ae approved<br \/>Made in a Fair Trade Certified\u2122 factory<\/td>\n<p>&#013;<br \/>\n<\/tr>\n<p>&#013;<\/p>\n<tr>&#013;<\/p>\n<td><strong>Svars:<\/strong><\/td>\n<p>&#013;<\/p>\n<td>1066g<\/td>\n<p>&#013;<br \/>\n<\/tr>\n<p>&#013;<\/p>\n<tr>&#013;<\/p>\n<td><strong>Mitrumiztur\u012bba:<\/strong><\/td>\n<p>&#013;<\/p>\n<td><strong>20 000 mm<\/strong><\/td>\n<p>&#013;<br \/>\n<\/tr>\n<p>&#013;<br \/>\n<\/tbody>\n<p>&#013;<br \/>\n<\/table>\n<p>&#013;<br \/>\n<span style=\"text-decoration: underline\"><strong>P\u0101rstr\u0101d\u0101ta poliestera 2-sl\u0101\u0146u \u0101r\u0113jais materi\u0101ls un p\u0101rstr\u0101d\u0101tu d\u016bnu Siltin\u0101jums\u00a0<\/strong><\/span><br \/>\u0100r\u0113jais sl\u0101nis izgatavots no \u016bdensnecaurlaid\u012bga, elpojo\u0161a un v\u0113ju aizsarg\u0101jo\u0161a H2No\u00ae Performance Standard 2-sl\u0101\u0146u 100% p\u0101rstr\u0101d\u0101ta poliestera auduma; pild\u012bts ar 700-fill p\u0101rstr\u0101d\u0101t\u0101m d\u016bn\u0101m \u2014 \u012bpa\u0161u mais\u012bjumu no p\u012b\u013cu un zosu d\u016bn\u0101m un \u016bdensputnu spalv\u0101m, kas atg\u016btas no d\u016bnu izstr\u0101d\u0101jumiem.<\/p>\n<p><span style=\"text-decoration: underline\"><strong>Divvirzienu \u016bdensiztur\u012bgs r\u0101v\u0113jsl\u0113dz\u0113js priek\u0161pus\u0113<\/strong><\/span><br \/>\u016adensiztur\u012bgs divvirzienu r\u0101v\u0113jsl\u0113dz\u0113js pastiprina jakas aizsardz\u012bbu pret laikapst\u0101k\u013ciem.<\/p>\n<p><span style=\"text-decoration: underline\"><strong>Kabatas<\/strong><\/span><br \/>Divas pla\u0161as kabatas rok\u0101m ar sl\u0113ptiem r\u0101v\u0113jsl\u0113dz\u0113jiem, odere no \u012bpa\u0161i m\u012bksta trikot\u0101\u017eas auduma siltuma saglab\u0101\u0161anai; viena iek\u0161\u0113j\u0101 r\u0101v\u0113jsl\u0113dz\u0113ja kabata, kas piem\u0113rota elektronikai.<\/p>\n<p><span style=\"text-decoration: underline\"><strong>Regul\u0113jama, siltin\u0101ta kapuce<\/strong><\/span><br \/>Fiks\u0113ta, siltin\u0101ta kapuce ar sl\u0113pt\u0101m regul\u0113\u0161anas aukl\u0101m, kas nodro\u0161ina aizsardz\u012bbu un siltumu.<\/p>\n<p><span style=\"text-decoration: underline\"><strong>Siltin\u0101tas man\u0161etes<\/strong><\/span><br \/>Nov\u0113r\u0161 sniega iek\u013c\u016b\u0161anu un pal\u012bdz saglab\u0101t siltumu.<\/p>\n<p><span style=\"text-decoration: underline\"><strong>Atbalsts cilv\u0113kiem, kuri izgatavoja \u0161o produktu<\/strong><\/span><br \/>Ra\u017eots Fair Trade Certified\u2122 r\u016bpn\u012bc\u0101, kas noz\u012bm\u0113, ka cilv\u0113ki, kas izgatavoja \u0161o produktu, nopeln\u012bja god\u012bgu samaksu par savu darbu<\/p>\n","protected":false},"excerpt":{"rendered":"<p>Jackson Glacier Parka ir rad\u012bta siltumam un aizsardz\u012bbai pret lietu un v\u0113ju. Izgatavota no 100% p\u0101rstr\u0101d\u0101ta poliestera un pild\u012bta ar augstas kvalit\u0101tes 700-fill p\u0101rstr\u0101d\u0101t\u0101m d\u016bn\u0101m \u2014 \u012bpa\u0161u mais\u012bjumu no atg\u016bt\u0101m p\u012b\u013cu un zosu d\u016bn\u0101m un \u016bdensputnu spalv\u0101m, kas ieg\u016btas no p\u0101rstr\u0101d\u0101tiem d\u016bnu izstr\u0101d\u0101jumiem. \u0160\u012b jaka apvieno tehnisk\u0101s \u012bpa\u0161\u012bbas ar ikdieni\u0161\u0137u stilu, nodro\u0161inot siltumu un sausumu [&hellip;]<\/p>\n","protected":false},"featured_media":104133,"template":"","meta":[],"product_brand":[5291],"product_cat":[5250],"product_tag":[],"class_list":{"0":"post-104134","1":"product","2":"type-product","3":"status-publish","4":"has-post-thumbnail","6":"product_brand-patagonia","7":"product_cat-meteli","9":"first","10":"instock","11":"purchasable","12":"product-type-simple"},"_links":{"self":[{"href":"https:\/\/sezona.lv\/en\/wp-json\/wp\/v2\/product\/104134","targetHints":{"allow":["GET"]}}],"collection":[{"href":"https:\/\/sezona.lv\/en\/wp-json\/wp\/v2\/product"}],"about":[{"href":"https:\/\/sezona.lv\/en\/wp-json\/wp\/v2\/types\/product"}],"wp:featuredmedia":[{"embeddable":true,"href":"https:\/\/sezona.lv\/en\/wp-json\/wp\/v2\/media\/104133"}],"wp:attachment":[{"href":"https:\/\/sezona.lv\/en\/wp-json\/wp\/v2\/media?parent=104134"}],"wp:term":[{"taxonomy":"product_brand","embeddable":true,"href":"https:\/\/sezona.lv\/en\/wp-json\/wp\/v2\/product_brand?post=104134"},{"taxonomy":"product_cat","embeddable":true,"href":"https:\/\/sezona.lv\/en\/wp-json\/wp\/v2\/product_cat?post=104134"},{"taxonomy":"product_tag","embeddable":true,"href":"https:\/\/sezona.lv\/en\/wp-json\/wp\/v2\/product_tag?post=104134"}],"curies":[{"name":"wp","href":"https:\/\/api.w.org\/{rel}","templated":true}]}}