{"id":104152,"date":"2025-08-28T10:44:58","date_gmt":"2025-08-28T07:44:58","guid":{"rendered":"https:\/\/www3.sezona.lv\/?post_type=product&#038;p=104152"},"modified":"2025-08-28T10:49:10","modified_gmt":"2025-08-28T07:49:10","slug":"jaka-alpine-guide-primaloft-hoody-w-3","status":"publish","type":"product","link":"https:\/\/sezona.lv\/en\/products\/jaka-alpine-guide-primaloft-hoody-w-3\/","title":{"rendered":"Jaka ALPINE GUIDE Primaloft Hoody W"},"content":{"rendered":"<p>Viegla, siltin\u0101ta sievie\u0161u jaka, kas veidota alp\u012bnisma vajadz\u012bb\u0101m. Izmantoto materi\u0101lu salikums un piegriezums garant\u0113 vieglumu, siltumu un nep\u0101rsp\u0113jamu kust\u012bbu br\u012bv\u012bbu. Kompakti sapakojama.&#013;<\/p>\n<p><strong>Vapovent\u2122 Light<\/strong> ir uzlabota ori\u0123in\u0101l\u0101s Vapovent\u2122 tr\u012bssl\u0101\u0146u tehnolo\u0123ijas versija, izstr\u0101d\u0101ta tie\u0161i akt\u012bvam ap\u0123\u0113rbam. Jaun\u0101 divsl\u0101\u0146u konstrukcija nodro\u0161ina izcilu elpojam\u012bbu, siltumizol\u0101ciju un vieglumu. Ap\u0123\u0113rba iek\u0161pus\u0113 iestr\u0101d\u0101ts tr\u012bsdimensiju sieti\u0146veida materi\u0101ls, kas efekt\u012bvi notur \u0137erme\u0146a siltumu, vienlaikus \u013caujot mitrumam br\u012bvi izpl\u016bst uz \u0101rpusi, kur, pateicoties perfor\u0113tam \u0101r\u0113jam materi\u0101lam, sviedri \u0101tri iztvaiko, nodro\u0161inot sausuma saj\u016btu un komfortu pat intens\u012bvu kust\u012bbu laik\u0101.<\/p>\n<p>&#013;<\/p>\n<h4>Specifik\u0101cija:<\/h4>\n<p>&#013;<\/p>\n<table width=\"616\">&#013;<\/p>\n<tbody>&#013;<\/p>\n<tr>&#013;<\/p>\n<td><strong>Materi\u0101ls:<\/strong><\/td>\n<p>&#013;<\/p>\n<td>Back panel: (MSL04) 100% Recycled Polyester <br \/>Main lining: (WSL03) 100% Recycled Polyamide <br \/>Back, side and underarm lining: (MSL02) 100% Recycled Polyester <br \/>Main padding: PrimaLoft\u00ae Gold Insulation 100% Recycled Polyester (60 g) <br \/>Sleeves and hood padding: PrimaLoft\u00ae Gold Insulation 100% Recycled Polyester (40 g)<\/td>\n<p>&#013;<br \/>\n<\/tr>\n<p>&#013;<\/p>\n<tr>&#013;<\/p>\n<td><strong>Svars:<\/strong><\/td>\n<p>&#013;<\/p>\n<td>350g<\/td>\n<p>&#013;<br \/>\n<\/tr>\n<p>&#013;<\/p>\n<tr>&#013;<\/p>\n<td><strong>Piegriezums:<\/strong><\/td>\n<p>&#013;<\/p>\n<td>Regular fit<\/td>\n<p>&#013;<br \/>\n<\/tr>\n<p>&#013;<br \/>\n<\/tbody>\n<p>&#013;<br \/>\n<\/table>\n<p>&#013;<\/p>\n<ul>&#013;<\/p>\n<li>Sieti\u0146veida kabata iek\u0161pus\u0113<\/li>\n<p>&#013;<\/p>\n<li>Ide\u0101ls l\u012bdzsvars starp siltumu un vieglumu, pateicoties Primaloft\u00ae Gold un Pertex\u00ae Quantum audumiem<\/li>\n<p>&#013;<\/p>\n<li>2 kabatas ar r\u0101v\u0113jsl\u0113dz\u0113ju priek\u0161\u0101\u00a0<\/li>\n<p>&#013;<\/p>\n<li>Ergonomiska dizaina kapuce \u2014 siltin\u0101ta, regul\u0113jama un sader\u012bga lieto\u0161anai ar \u0137iveri<\/li>\n<p>&#013;<\/p>\n<li>Vapovent\u2122 Light konstrukcija maksim\u0101li labai ventil\u0101cijai<\/li>\n<p>&#013;\n<\/ul>\n","protected":false},"excerpt":{"rendered":"<p>Viegla, siltin\u0101ta sievie\u0161u jaka, kas veidota alp\u012bnisma vajadz\u012bb\u0101m. Izmantoto materi\u0101lu salikums un piegriezums garant\u0113 vieglumu, siltumu un nep\u0101rsp\u0113jamu kust\u012bbu br\u012bv\u012bbu. Kompakti sapakojama.&#013; Vapovent\u2122 Light ir uzlabota ori\u0123in\u0101l\u0101s Vapovent\u2122 tr\u012bssl\u0101\u0146u tehnolo\u0123ijas versija, izstr\u0101d\u0101ta tie\u0161i akt\u012bvam ap\u0123\u0113rbam. Jaun\u0101 divsl\u0101\u0146u konstrukcija nodro\u0161ina izcilu elpojam\u012bbu, siltumizol\u0101ciju un vieglumu. Ap\u0123\u0113rba iek\u0161pus\u0113 iestr\u0101d\u0101ts tr\u012bsdimensiju sieti\u0146veida materi\u0101ls, kas efekt\u012bvi notur \u0137erme\u0146a siltumu, [&hellip;]<\/p>\n","protected":false},"featured_media":104150,"template":"","meta":[],"product_brand":[5279],"product_cat":[5249],"product_tag":[],"class_list":{"0":"post-104152","1":"product","2":"type-product","3":"status-publish","4":"has-post-thumbnail","6":"product_brand-la-sportiva-alpine-tech","7":"product_cat-siltinatas-jakas","9":"first","10":"instock","11":"purchasable","12":"product-type-simple"},"_links":{"self":[{"href":"https:\/\/sezona.lv\/en\/wp-json\/wp\/v2\/product\/104152","targetHints":{"allow":["GET"]}}],"collection":[{"href":"https:\/\/sezona.lv\/en\/wp-json\/wp\/v2\/product"}],"about":[{"href":"https:\/\/sezona.lv\/en\/wp-json\/wp\/v2\/types\/product"}],"wp:featuredmedia":[{"embeddable":true,"href":"https:\/\/sezona.lv\/en\/wp-json\/wp\/v2\/media\/104150"}],"wp:attachment":[{"href":"https:\/\/sezona.lv\/en\/wp-json\/wp\/v2\/media?parent=104152"}],"wp:term":[{"taxonomy":"product_brand","embeddable":true,"href":"https:\/\/sezona.lv\/en\/wp-json\/wp\/v2\/product_brand?post=104152"},{"taxonomy":"product_cat","embeddable":true,"href":"https:\/\/sezona.lv\/en\/wp-json\/wp\/v2\/product_cat?post=104152"},{"taxonomy":"product_tag","embeddable":true,"href":"https:\/\/sezona.lv\/en\/wp-json\/wp\/v2\/product_tag?post=104152"}],"curies":[{"name":"wp","href":"https:\/\/api.w.org\/{rel}","templated":true}]}}