{"id":104161,"date":"2025-08-28T10:44:54","date_gmt":"2025-08-28T07:44:54","guid":{"rendered":"https:\/\/www3.sezona.lv\/?post_type=product&#038;p=104161"},"modified":"2025-08-28T10:49:14","modified_gmt":"2025-08-28T07:49:14","slug":"jaka-chill-thermal-hoody-m","status":"publish","type":"product","link":"https:\/\/sezona.lv\/en\/products\/jaka-chill-thermal-hoody-m\/","title":{"rendered":"Jaka CHILL Thermal Hoody M"},"content":{"rendered":"<p>Viegla jaka no Techstretch Light fl\u012bsa materi\u0101la. Tr\u012bsdimension\u0101la auduma strukt\u016bra vieglumam un lab\u0101kai ventil\u0101cijai.&#013;<\/p>\n<p><strong>Polygiene\u00ae<\/strong> tehnolo\u0123ija ir iztur\u012bga, efekt\u012bva un ilgtsp\u0113j\u012bga tekstilizstr\u0101d\u0101jumu apstr\u0101de, kur\u0101 tiek izmantots dabiski ieg\u016bts sudraba s\u0101ls, lai aptur\u0113tu smaku izraiso\u0161o bakt\u0113riju aug\u0161anu. Rezult\u0101ts? J\u016bs varat ap\u0123\u0113rbu valk\u0101t ilg\u0101k un mazg\u0101t ret\u0101k.<\/p>\n<p>&#013;<\/p>\n<p>Viegls audums <strong>TECHSTRETCH\u2122LIGHT<\/strong> sniedz jums kust\u012bbu br\u012bv\u012bbu. Tas ir izgatavots no otrreiz\u0113ji p\u0101rstr\u0101d\u0101ta poliestera no p\u0113cpat\u0113ri\u0146a PET pudel\u0113m, GRS sertific\u0113ts. Pateicoties \u012bpa\u0161ajai 3D konstrukcijai, \u0161is audums uztur siltumu un optim\u0101li p\u0101rvalda mitrumu.<\/p>\n<p>&#013;<\/p>\n<h4>Specifik\u0101cija:<\/h4>\n<p>&#013;<\/p>\n<table style=\"height: 42px\" width=\"569\">&#013;<\/p>\n<tbody>&#013;<\/p>\n<tr>&#013;<\/p>\n<td><strong>Materi\u0101ls:<\/strong><\/td>\n<p>&#013;<\/p>\n<td>Main fabric: (FSH01) 92% Recycled Polyester, 8% Elastane<br \/>Other fabrics: Pocket bag: (MSL02) 100% Recycled Polyester<\/td>\n<p>&#013;<br \/>\n<\/tr>\n<p>&#013;<\/p>\n<tr>&#013;<\/p>\n<td><strong>Svars:<\/strong><\/td>\n<p>&#013;<\/p>\n<td>346g<\/td>\n<p>&#013;<br \/>\n<\/tr>\n<p>&#013;<\/p>\n<tr>&#013;<\/p>\n<td><strong>Piegriezums:<\/strong><\/td>\n<p>&#013;<\/p>\n<td>Regular<\/td>\n<p>&#013;<br \/>\n<\/tr>\n<p>&#013;<br \/>\n<\/tbody>\n<p>&#013;<br \/>\n<\/table>\n<p>&#013;<\/p>\n<ul>&#013;<\/p>\n<li>2 s\u0101nu kabatas ar r\u0101v\u0113jsl\u0113dz\u0113jiem dro\u0161ai mantu glab\u0101\u0161anai un 1 kr\u016b\u0161u kabata ar r\u0101v\u0113jsl\u0113dz\u0113ju<\/li>\n<p>&#013;<\/p>\n<li>\u012ak\u0161\u0137u cilpi\u0146as papildu komfortam un lab\u0101kai piegul\u0113\u0161anai<\/li>\n<p>&#013;<\/p>\n<li>Polygiene\u00ae antibakteri\u0101l\u0101 apstr\u0101de svaiguma saj\u016btai ilg\u0101k<\/li>\n<p>&#013;<\/p>\n<li>Elast\u012bgs TechStretch\u2122 Light audums maksim\u0101lai kust\u012bbu br\u012bv\u012bbai<\/li>\n<p>&#013;\n<\/ul>\n","protected":false},"excerpt":{"rendered":"<p>Viegla jaka no Techstretch Light fl\u012bsa materi\u0101la. Tr\u012bsdimension\u0101la auduma strukt\u016bra vieglumam un lab\u0101kai ventil\u0101cijai.&#013; Polygiene\u00ae tehnolo\u0123ija ir iztur\u012bga, efekt\u012bva un ilgtsp\u0113j\u012bga tekstilizstr\u0101d\u0101jumu apstr\u0101de, kur\u0101 tiek izmantots dabiski ieg\u016bts sudraba s\u0101ls, lai aptur\u0113tu smaku izraiso\u0161o bakt\u0113riju aug\u0161anu. Rezult\u0101ts? J\u016bs varat ap\u0123\u0113rbu valk\u0101t ilg\u0101k un mazg\u0101t ret\u0101k. &#013; Viegls audums TECHSTRETCH\u2122LIGHT sniedz jums kust\u012bbu br\u012bv\u012bbu. Tas ir [&hellip;]<\/p>\n","protected":false},"featured_media":104160,"template":"","meta":[],"product_brand":[5122],"product_cat":[3003],"product_tag":[],"class_list":{"0":"post-104161","1":"product","2":"type-product","3":"status-publish","4":"has-post-thumbnail","6":"product_brand-la-sportiva","7":"product_cat-flisa-jakas","9":"first","10":"instock","11":"purchasable","12":"product-type-simple"},"_links":{"self":[{"href":"https:\/\/sezona.lv\/en\/wp-json\/wp\/v2\/product\/104161","targetHints":{"allow":["GET"]}}],"collection":[{"href":"https:\/\/sezona.lv\/en\/wp-json\/wp\/v2\/product"}],"about":[{"href":"https:\/\/sezona.lv\/en\/wp-json\/wp\/v2\/types\/product"}],"wp:featuredmedia":[{"embeddable":true,"href":"https:\/\/sezona.lv\/en\/wp-json\/wp\/v2\/media\/104160"}],"wp:attachment":[{"href":"https:\/\/sezona.lv\/en\/wp-json\/wp\/v2\/media?parent=104161"}],"wp:term":[{"taxonomy":"product_brand","embeddable":true,"href":"https:\/\/sezona.lv\/en\/wp-json\/wp\/v2\/product_brand?post=104161"},{"taxonomy":"product_cat","embeddable":true,"href":"https:\/\/sezona.lv\/en\/wp-json\/wp\/v2\/product_cat?post=104161"},{"taxonomy":"product_tag","embeddable":true,"href":"https:\/\/sezona.lv\/en\/wp-json\/wp\/v2\/product_tag?post=104161"}],"curies":[{"name":"wp","href":"https:\/\/api.w.org\/{rel}","templated":true}]}}