{"id":104167,"date":"2025-08-28T10:44:53","date_gmt":"2025-08-28T07:44:53","guid":{"rendered":"https:\/\/www3.sezona.lv\/?post_type=product&#038;p=104167"},"modified":"2025-08-28T10:49:15","modified_gmt":"2025-08-28T07:49:15","slug":"jaka-descender-storm-jkt-m","status":"publish","type":"product","link":"https:\/\/sezona.lv\/en\/products\/jaka-descender-storm-jkt-m\/","title":{"rendered":"Jaka DESCENDER Storm JKT M"},"content":{"rendered":"<p>Descender Storm Jacket no Techstretch Storm fl\u012bsa materi\u0101la, kas pasarg\u0101s no v\u0113ja un tam ir mitrumu atgr\u016bdo\u0161as \u012bpa\u0161\u012bbas.&#013;<\/p>\n<p><strong>TECHSTRETCH\u2122 STORM<\/strong> unik\u0101l\u0101 patent\u0113t\u0101 viena sl\u0101\u0146a auduma tehnolo\u0123ija, kas apvieno softshell un fl\u012bsu vien\u0101 materi\u0101l\u0101, ieg\u016bstot ide\u0101lu l\u012bdzsvaru starp materi\u0101la elpojam\u012bbu, v\u0113ja pretest\u012bbu un \u016bdens atgr\u016b\u0161anu. Pateicoties viena sl\u0101\u0146a konstrukcijai audums ir viegl\u0101ks un maz\u0101k apjom\u012bg\u0101ks. M\u012bksta fl\u012bsa iek\u0161puse siltuma izol\u0113\u0161anai.<\/p>\n<p>&#013;<\/p>\n<p><strong>Polygiene\u00ae<\/strong> tehnolo\u0123ija ir iztur\u012bga, efekt\u012bva un ilgtsp\u0113j\u012bga tekstilizstr\u0101d\u0101jumu apstr\u0101de, kur\u0101 tiek izmantots dabiski ieg\u016bts sudraba s\u0101ls, lai aptur\u0113tu smaku izraiso\u0161o bakt\u0113riju aug\u0161anu. Rezult\u0101ts? J\u016bs varat ap\u0123\u0113rbu valk\u0101t ilg\u0101k un mazg\u0101t ret\u0101k.<\/p>\n<p>&#013;<\/p>\n<h4>Specifik\u0101cija:<\/h4>\n<p>&#013;<\/p>\n<table style=\"height: 61px\" width=\"575\">&#013;<\/p>\n<tbody>&#013;<\/p>\n<tr>&#013;<\/p>\n<td><strong>Materi\u0101ls<\/strong>:<\/td>\n<p>&#013;<\/p>\n<td>main: WSH03 91% recycled polyester 9% elastane&gt;sleeves cuffs: KSH09 83% recycled polyester 17% elastane&gt;chest pocket: WSM08 85% recycled polyamide 15% elastane&gt;pocket bags: MSL02 100% recycled polyester<\/td>\n<p>&#013;<br \/>\n<\/tr>\n<p>&#013;<\/p>\n<tr>&#013;<\/p>\n<td><strong>Svars<\/strong>:<\/td>\n<p>&#013;<\/p>\n<td>445g<\/td>\n<p>&#013;<br \/>\n<\/tr>\n<p>&#013;<\/p>\n<tr>&#013;<\/p>\n<td><strong>Piegriezums:<\/strong><\/td>\n<p>&#013;<\/p>\n<td>Regular<\/td>\n<p>&#013;<br \/>\n<\/tr>\n<p>&#013;<br \/>\n<\/tbody>\n<p>&#013;<br \/>\n<\/table>\n<p>&#013;<\/p>\n<ul>&#013;<\/p>\n<li>Antibakteri\u0101la apstr\u0101de<\/li>\n<p>&#013;<\/p>\n<li>Kr\u016b\u0161u kabata ar r\u0101v\u0113jsl\u0113dz\u0113ju<\/li>\n<p>&#013;<\/p>\n<li>Elast\u012bgas man\u017eetes<\/li>\n<p>&#013;<\/p>\n<li>2 kabatas ar r\u0101v\u0113jsl\u0113dz\u0113ju<\/li>\n<p>&#013;<\/p>\n<li>V\u0113ja iztur\u012bgs<\/li>\n<p>&#013;\n<\/ul>\n","protected":false},"excerpt":{"rendered":"<p>Descender Storm Jacket no Techstretch Storm fl\u012bsa materi\u0101la, kas pasarg\u0101s no v\u0113ja un tam ir mitrumu atgr\u016bdo\u0161as \u012bpa\u0161\u012bbas.&#013; TECHSTRETCH\u2122 STORM unik\u0101l\u0101 patent\u0113t\u0101 viena sl\u0101\u0146a auduma tehnolo\u0123ija, kas apvieno softshell un fl\u012bsu vien\u0101 materi\u0101l\u0101, ieg\u016bstot ide\u0101lu l\u012bdzsvaru starp materi\u0101la elpojam\u012bbu, v\u0113ja pretest\u012bbu un \u016bdens atgr\u016b\u0161anu. Pateicoties viena sl\u0101\u0146a konstrukcijai audums ir viegl\u0101ks un maz\u0101k apjom\u012bg\u0101ks. M\u012bksta [&hellip;]<\/p>\n","protected":false},"featured_media":104164,"template":"","meta":[],"product_brand":[5122],"product_cat":[2845],"product_tag":[],"class_list":{"0":"post-104167","1":"product","2":"type-product","3":"status-publish","4":"has-post-thumbnail","6":"product_brand-la-sportiva","7":"product_cat-apgerbs","9":"first","10":"instock","11":"purchasable","12":"product-type-simple"},"_links":{"self":[{"href":"https:\/\/sezona.lv\/en\/wp-json\/wp\/v2\/product\/104167","targetHints":{"allow":["GET"]}}],"collection":[{"href":"https:\/\/sezona.lv\/en\/wp-json\/wp\/v2\/product"}],"about":[{"href":"https:\/\/sezona.lv\/en\/wp-json\/wp\/v2\/types\/product"}],"wp:featuredmedia":[{"embeddable":true,"href":"https:\/\/sezona.lv\/en\/wp-json\/wp\/v2\/media\/104164"}],"wp:attachment":[{"href":"https:\/\/sezona.lv\/en\/wp-json\/wp\/v2\/media?parent=104167"}],"wp:term":[{"taxonomy":"product_brand","embeddable":true,"href":"https:\/\/sezona.lv\/en\/wp-json\/wp\/v2\/product_brand?post=104167"},{"taxonomy":"product_cat","embeddable":true,"href":"https:\/\/sezona.lv\/en\/wp-json\/wp\/v2\/product_cat?post=104167"},{"taxonomy":"product_tag","embeddable":true,"href":"https:\/\/sezona.lv\/en\/wp-json\/wp\/v2\/product_tag?post=104167"}],"curies":[{"name":"wp","href":"https:\/\/api.w.org\/{rel}","templated":true}]}}