{"id":104168,"date":"2025-08-28T10:44:53","date_gmt":"2025-08-28T07:44:53","guid":{"rendered":"https:\/\/www3.sezona.lv\/?post_type=product&#038;p=104168"},"modified":"2025-08-28T10:49:15","modified_gmt":"2025-08-28T07:49:15","slug":"jaka-supercouloir-1000-down-jkt-m","status":"publish","type":"product","link":"https:\/\/sezona.lv\/en\/products\/jaka-supercouloir-1000-down-jkt-m\/","title":{"rendered":"Jaka SUPERCOULOIR 1000 Down JKT M"},"content":{"rendered":"<p>Viegla, silta un kompakti sapakojama jaka ar 1000 CU.IN. d\u016bnu siltin\u0101jumu. Veidota tehnisk\u0101 alp\u012bnisma vajadz\u012bb\u0101m, piegriezums neierobe\u0161o kust\u012bbu br\u012bv\u012bbu.&#013;<\/p>\n<h4>Specifik\u0101cija:<\/h4>\n<p>&#013;<\/p>\n<table width=\"619\">&#013;<\/p>\n<tbody>&#013;<\/p>\n<tr>&#013;<\/p>\n<td><strong>Materi\u0101ls:<\/strong><\/td>\n<p>&#013;<\/p>\n<td>Main fabric: (WSL1 (base layer)2) Pertex\u00ae Quantum 100% Recycled Polyamide<br \/>Sleeves, front chest lateral inserts and upper side insert: (WSL09) 86% Recycled Polyamide 14% Polyester<br \/>Lining: (WSL1 (base layer)2) 100% Recycled Polyamide<br \/>Filling: 100% Piumino Oca Pure White[90% Down, 10% Feathers] (150g)<\/td>\n<p>&#013;<br \/>\n<\/tr>\n<p>&#013;<\/p>\n<tr>&#013;<\/p>\n<td><strong>Siltin\u0101jums:<\/strong><\/td>\n<p>&#013;<\/p>\n<td>fillpower 950 cuin USA standard<\/td>\n<p>&#013;<br \/>\n<\/tr>\n<p>&#013;<\/p>\n<tr>&#013;<\/p>\n<td><strong>Svars:<\/strong><\/td>\n<p>&#013;<\/p>\n<td>440g<\/td>\n<p>&#013;<br \/>\n<\/tr>\n<p>&#013;<\/p>\n<tr>&#013;<\/p>\n<td><strong>Piegriezums:<\/strong><\/td>\n<p>&#013;<\/p>\n<td>Regular<\/td>\n<p>&#013;<br \/>\n<\/tr>\n<p>&#013;<br \/>\n<\/tbody>\n<p>&#013;<br \/>\n<\/table>\n<p>&#013;<\/p>\n<ul>&#013;<\/p>\n<li>2 vid\u0113ji augstas kabatas ar r\u0101v\u0113jsl\u0113dz\u0113ju priek\u0161\u0101<\/li>\n<p>&#013;<\/p>\n<li>Siltin\u0101ta, ergonomiskas formas kapuce. Regul\u0113jama un savietojama ar \u0137iveri<\/li>\n<p>&#013;<\/p>\n<li>Pertex\u00aeQuantum v\u0113ju aizturo\u0161s materi\u0101ls ar mitrumu atgr\u016bdo\u0161u DWR C0 p\u0101rkl\u0101jumu<\/li>\n<p>&#013;<\/p>\n<li>T\u012bkli\u0146kabata iek\u0161pus\u0113 jakas sapako\u0161anai<\/li>\n<p>&#013;<\/p>\n<li>Pure white d\u016bnu siltin\u0101jums (thermal power 1000 CU.IN.) neticamam siltumam<\/li>\n<p>&#013;\n<\/ul>\n","protected":false},"excerpt":{"rendered":"<p>Viegla, silta un kompakti sapakojama jaka ar 1000 CU.IN. d\u016bnu siltin\u0101jumu. Veidota tehnisk\u0101 alp\u012bnisma vajadz\u012bb\u0101m, piegriezums neierobe\u0161o kust\u012bbu br\u012bv\u012bbu.&#013; Specifik\u0101cija: &#013; &#013; &#013; &#013; Materi\u0101ls: &#013; Main fabric: (WSL1 (base layer)2) Pertex\u00ae Quantum 100% Recycled PolyamideSleeves, front chest lateral inserts and upper side insert: (WSL09) 86% Recycled Polyamide 14% PolyesterLining: (WSL1 (base layer)2) 100% Recycled [&hellip;]<\/p>\n","protected":false},"featured_media":104169,"template":"","meta":[],"product_brand":[5279],"product_cat":[2998],"product_tag":[],"class_list":{"0":"post-104168","1":"product","2":"type-product","3":"status-publish","4":"has-post-thumbnail","6":"product_brand-la-sportiva-alpine-tech","7":"product_cat-dunu-jakas","9":"first","10":"instock","11":"purchasable","12":"product-type-simple"},"_links":{"self":[{"href":"https:\/\/sezona.lv\/en\/wp-json\/wp\/v2\/product\/104168","targetHints":{"allow":["GET"]}}],"collection":[{"href":"https:\/\/sezona.lv\/en\/wp-json\/wp\/v2\/product"}],"about":[{"href":"https:\/\/sezona.lv\/en\/wp-json\/wp\/v2\/types\/product"}],"wp:featuredmedia":[{"embeddable":true,"href":"https:\/\/sezona.lv\/en\/wp-json\/wp\/v2\/media\/104169"}],"wp:attachment":[{"href":"https:\/\/sezona.lv\/en\/wp-json\/wp\/v2\/media?parent=104168"}],"wp:term":[{"taxonomy":"product_brand","embeddable":true,"href":"https:\/\/sezona.lv\/en\/wp-json\/wp\/v2\/product_brand?post=104168"},{"taxonomy":"product_cat","embeddable":true,"href":"https:\/\/sezona.lv\/en\/wp-json\/wp\/v2\/product_cat?post=104168"},{"taxonomy":"product_tag","embeddable":true,"href":"https:\/\/sezona.lv\/en\/wp-json\/wp\/v2\/product_tag?post=104168"}],"curies":[{"name":"wp","href":"https:\/\/api.w.org\/{rel}","templated":true}]}}