{"id":104172,"date":"2025-08-28T10:44:54","date_gmt":"2025-08-28T07:44:54","guid":{"rendered":"https:\/\/www3.sezona.lv\/?post_type=product&#038;p=104172"},"modified":"2025-08-28T10:49:15","modified_gmt":"2025-08-28T07:49:15","slug":"ekipejuma-karabine-micro-vault-lock","status":"publish","type":"product","link":"https:\/\/sezona.lv\/en\/products\/ekipejuma-karabine-micro-vault-lock\/","title":{"rendered":"Ekip\u0113juma karab\u012bne Micro Vault Lock"},"content":{"rendered":"<p>Micro Vault ekip\u0113juma karab\u012bne \u2013 dro\u0161a mantu uzglab\u0101\u0161ana jebkur\u0101 situ\u0101cij\u0101. Neatkar\u012bgi no t\u0101, vai tas ir atsl\u0113g\u0101m kemper\u012b, m\u0113te\u013ciem priek\u0161telp\u0101, instrumentiem darbn\u012bc\u0101 vai ekip\u0113jumam pie jostas \u2013 Micro Vault karab\u012bne nodro\u0161ina uzticamu un dro\u0161u glab\u0101\u0161anu. Pietiekami liela, lai taj\u0101 ievietotu divas pilna izm\u0113ra karab\u012bnes. Skr\u016bv\u0113jama aizdare.&#013;<\/p>\n<p><\/p>\n","protected":false},"excerpt":{"rendered":"<p>Micro Vault ekip\u0113juma karab\u012bne \u2013 dro\u0161a mantu uzglab\u0101\u0161ana jebkur\u0101 situ\u0101cij\u0101. Neatkar\u012bgi no t\u0101, vai tas ir atsl\u0113g\u0101m kemper\u012b, m\u0113te\u013ciem priek\u0161telp\u0101, instrumentiem darbn\u012bc\u0101 vai ekip\u0113jumam pie jostas \u2013 Micro Vault karab\u012bne nodro\u0161ina uzticamu un dro\u0161u glab\u0101\u0161anu. Pietiekami liela, lai taj\u0101 ievietotu divas pilna izm\u0113ra karab\u012bnes. Skr\u016bv\u0113jama aizdare.&#013;<\/p>\n","protected":false},"featured_media":104173,"template":"","meta":[],"product_brand":[965],"product_cat":[3149],"product_tag":[],"class_list":{"0":"post-104172","1":"product","2":"type-product","3":"status-publish","4":"has-post-thumbnail","6":"product_brand-dmm","7":"product_cat-karabines","9":"first","10":"instock","11":"purchasable","12":"product-type-simple"},"_links":{"self":[{"href":"https:\/\/sezona.lv\/en\/wp-json\/wp\/v2\/product\/104172","targetHints":{"allow":["GET"]}}],"collection":[{"href":"https:\/\/sezona.lv\/en\/wp-json\/wp\/v2\/product"}],"about":[{"href":"https:\/\/sezona.lv\/en\/wp-json\/wp\/v2\/types\/product"}],"wp:featuredmedia":[{"embeddable":true,"href":"https:\/\/sezona.lv\/en\/wp-json\/wp\/v2\/media\/104173"}],"wp:attachment":[{"href":"https:\/\/sezona.lv\/en\/wp-json\/wp\/v2\/media?parent=104172"}],"wp:term":[{"taxonomy":"product_brand","embeddable":true,"href":"https:\/\/sezona.lv\/en\/wp-json\/wp\/v2\/product_brand?post=104172"},{"taxonomy":"product_cat","embeddable":true,"href":"https:\/\/sezona.lv\/en\/wp-json\/wp\/v2\/product_cat?post=104172"},{"taxonomy":"product_tag","embeddable":true,"href":"https:\/\/sezona.lv\/en\/wp-json\/wp\/v2\/product_tag?post=104172"}],"curies":[{"name":"wp","href":"https:\/\/api.w.org\/{rel}","templated":true}]}}