{"id":104174,"date":"2025-08-28T10:44:52","date_gmt":"2025-08-28T07:44:52","guid":{"rendered":"https:\/\/www3.sezona.lv\/?post_type=product&#038;p=104174"},"modified":"2025-08-28T10:49:17","modified_gmt":"2025-08-28T07:49:17","slug":"ekipejuma-karabine-vault-lock","status":"publish","type":"product","link":"https:\/\/sezona.lv\/en\/products\/ekipejuma-karabine-vault-lock\/","title":{"rendered":"Ekip\u0113juma karab\u012bne Vault Lock"},"content":{"rendered":"<p>Vault ir dro\u0161a un iztur\u012bga ekip\u0113juma karab\u012bne, ko var izmantot visam \u2013 s\u0101kot no k\u0101p\u0161anas sist\u0113m\u0101m un ekip\u0113juma som\u0101m l\u012bdz pat transportl\u012bdzek\u013ciem.<br \/>Divda\u013c\u012bgs alum\u012bnija sakaus\u0113juma korpuss nostiprin\u0101ts ar ner\u016bs\u0113jo\u0161\u0101 t\u0113rauda skr\u016bvi, nodro\u0161ina uzticamu risin\u0101jumu ekip\u0113juma glab\u0101\u0161anai, organiz\u0113\u0161anai un p\u0101rvieto\u0161anai.<br \/>Lietojama ar vienu roku.&#013;<\/p>\n","protected":false},"excerpt":{"rendered":"<p>Vault ir dro\u0161a un iztur\u012bga ekip\u0113juma karab\u012bne, ko var izmantot visam \u2013 s\u0101kot no k\u0101p\u0161anas sist\u0113m\u0101m un ekip\u0113juma som\u0101m l\u012bdz pat transportl\u012bdzek\u013ciem.Divda\u013c\u012bgs alum\u012bnija sakaus\u0113juma korpuss nostiprin\u0101ts ar ner\u016bs\u0113jo\u0161\u0101 t\u0113rauda skr\u016bvi, nodro\u0161ina uzticamu risin\u0101jumu ekip\u0113juma glab\u0101\u0161anai, organiz\u0113\u0161anai un p\u0101rvieto\u0161anai.Lietojama ar vienu roku.&#013;<\/p>\n","protected":false},"featured_media":104175,"template":"","meta":[],"product_brand":[965],"product_cat":[3149],"product_tag":[],"class_list":{"0":"post-104174","1":"product","2":"type-product","3":"status-publish","4":"has-post-thumbnail","6":"product_brand-dmm","7":"product_cat-karabines","9":"first","10":"instock","11":"purchasable","12":"product-type-simple"},"_links":{"self":[{"href":"https:\/\/sezona.lv\/en\/wp-json\/wp\/v2\/product\/104174","targetHints":{"allow":["GET"]}}],"collection":[{"href":"https:\/\/sezona.lv\/en\/wp-json\/wp\/v2\/product"}],"about":[{"href":"https:\/\/sezona.lv\/en\/wp-json\/wp\/v2\/types\/product"}],"wp:featuredmedia":[{"embeddable":true,"href":"https:\/\/sezona.lv\/en\/wp-json\/wp\/v2\/media\/104175"}],"wp:attachment":[{"href":"https:\/\/sezona.lv\/en\/wp-json\/wp\/v2\/media?parent=104174"}],"wp:term":[{"taxonomy":"product_brand","embeddable":true,"href":"https:\/\/sezona.lv\/en\/wp-json\/wp\/v2\/product_brand?post=104174"},{"taxonomy":"product_cat","embeddable":true,"href":"https:\/\/sezona.lv\/en\/wp-json\/wp\/v2\/product_cat?post=104174"},{"taxonomy":"product_tag","embeddable":true,"href":"https:\/\/sezona.lv\/en\/wp-json\/wp\/v2\/product_tag?post=104174"}],"curies":[{"name":"wp","href":"https:\/\/api.w.org\/{rel}","templated":true}]}}