{"id":104178,"date":"2025-08-28T10:44:53","date_gmt":"2025-08-28T07:44:53","guid":{"rendered":"https:\/\/www3.sezona.lv\/?post_type=product&#038;p=104178"},"modified":"2025-08-28T10:49:16","modified_gmt":"2025-08-28T07:49:16","slug":"karabine-shadow-hms-kwiklock","status":"publish","type":"product","link":"https:\/\/sezona.lv\/en\/products\/karabine-shadow-hms-kwiklock\/","title":{"rendered":"Karab\u012bne Shadow HMS Kwiklock"},"content":{"rendered":"<p>Shadow HMS Kwiklock liela, ta\u010du viegla karab\u012bne ar lielu atv\u0113rumu un 2-pak\u0101pju muftu.&#013;<\/p>\n<h4>Specifik\u0101cija:<\/h4>\n<p>&#013;<\/p>\n<table>&#013;<\/p>\n<tbody>&#013;<\/p>\n<tr>&#013;<\/p>\n<td><strong>Materi\u0101ls:<\/strong><\/td>\n<p>&#013;<\/p>\n<td>Alum\u012bnijs<\/td>\n<p>&#013;<br \/>\n<\/tr>\n<p>&#013;<\/p>\n<tr>&#013;<\/p>\n<td><strong>Svars:<\/strong><\/td>\n<p>&#013;<\/p>\n<td>77 grami<\/td>\n<p>&#013;<br \/>\n<\/tr>\n<p>&#013;<\/p>\n<tr>&#013;<\/p>\n<td><strong>Izm\u0113rs:<\/strong><\/td>\n<p>&#013;<\/p>\n<td>77 x 115mm<\/td>\n<p>&#013;<br \/>\n<\/tr>\n<p>&#013;<\/p>\n<tr>&#013;<\/p>\n<td><strong>Iztur\u012bba (\u2194 ass):<\/strong><\/td>\n<p>&#013;<\/p>\n<td>26 kN<\/td>\n<p>&#013;<br \/>\n<\/tr>\n<p>&#013;<\/p>\n<tr>&#013;<\/p>\n<td><strong>Iztur\u012bba (\u2195 ass):<\/strong><\/td>\n<p>&#013;<\/p>\n<td>9 kN<\/td>\n<p>&#013;<br \/>\n<\/tr>\n<p>&#013;<\/p>\n<tr>&#013;<\/p>\n<td><strong>Iztur\u012bba (atv\u0113rta):<\/strong><\/td>\n<p>&#013;<\/p>\n<td>7 kN<\/td>\n<p>&#013;<br \/>\n<\/tr>\n<p>&#013;<\/p>\n<tr>&#013;<\/p>\n<td><strong>Atv\u0113rums:<\/strong><\/td>\n<p>&#013;<\/p>\n<td>21 mm<\/td>\n<p>&#013;<br \/>\n<\/tr>\n<p>&#013;<\/p>\n<tr>&#013;<\/p>\n<td><strong>Sertifik\u0101ts:<\/strong><\/td>\n<p>&#013;<\/p>\n<td>EN12275:2013 B\/H,<br \/>EN362:2004 B<\/td>\n<p>&#013;<br \/>\n<\/tr>\n<p>&#013;<br \/>\n<\/tbody>\n<p>&#013;<br \/>\n<\/table>\n","protected":false},"excerpt":{"rendered":"<p>Shadow HMS Kwiklock liela, ta\u010du viegla karab\u012bne ar lielu atv\u0113rumu un 2-pak\u0101pju muftu.&#013; Specifik\u0101cija: &#013; &#013; &#013; &#013; Materi\u0101ls: &#013; Alum\u012bnijs &#013; &#013; &#013; Svars: &#013; 77 grami &#013; &#013; &#013; Izm\u0113rs: &#013; 77 x 115mm &#013; &#013; &#013; Iztur\u012bba (\u2194 ass): &#013; 26 kN &#013; &#013; &#013; Iztur\u012bba (\u2195 ass): &#013; 9 kN &#013; [&hellip;]<\/p>\n","protected":false},"featured_media":104179,"template":"","meta":[],"product_brand":[965],"product_cat":[3149],"product_tag":[],"class_list":{"0":"post-104178","1":"product","2":"type-product","3":"status-publish","4":"has-post-thumbnail","6":"product_brand-dmm","7":"product_cat-karabines","9":"first","10":"instock","11":"purchasable","12":"product-type-simple"},"_links":{"self":[{"href":"https:\/\/sezona.lv\/en\/wp-json\/wp\/v2\/product\/104178","targetHints":{"allow":["GET"]}}],"collection":[{"href":"https:\/\/sezona.lv\/en\/wp-json\/wp\/v2\/product"}],"about":[{"href":"https:\/\/sezona.lv\/en\/wp-json\/wp\/v2\/types\/product"}],"wp:featuredmedia":[{"embeddable":true,"href":"https:\/\/sezona.lv\/en\/wp-json\/wp\/v2\/media\/104179"}],"wp:attachment":[{"href":"https:\/\/sezona.lv\/en\/wp-json\/wp\/v2\/media?parent=104178"}],"wp:term":[{"taxonomy":"product_brand","embeddable":true,"href":"https:\/\/sezona.lv\/en\/wp-json\/wp\/v2\/product_brand?post=104178"},{"taxonomy":"product_cat","embeddable":true,"href":"https:\/\/sezona.lv\/en\/wp-json\/wp\/v2\/product_cat?post=104178"},{"taxonomy":"product_tag","embeddable":true,"href":"https:\/\/sezona.lv\/en\/wp-json\/wp\/v2\/product_tag?post=104178"}],"curies":[{"name":"wp","href":"https:\/\/api.w.org\/{rel}","templated":true}]}}