{"id":104180,"date":"2025-08-28T10:44:53","date_gmt":"2025-08-28T07:44:53","guid":{"rendered":"https:\/\/www3.sezona.lv\/?post_type=product&#038;p=104180"},"modified":"2025-08-28T10:49:16","modified_gmt":"2025-08-28T07:49:16","slug":"trisis-micro-pulley","status":"publish","type":"product","link":"https:\/\/sezona.lv\/en\/products\/trisis-micro-pulley\/","title":{"rendered":"Tr\u012bsis Micro Pulley"},"content":{"rendered":"<p>Viegls, mikro izm\u0113ra tr\u012bsis, savietojams ar DMM XSRE karab\u012bn\u0113m.<br \/>Izstr\u0101des gait\u0101 test\u0113ts l\u012bdz 15 kN iztur\u012bbai. Savietojams ar virv\u0113m diametr\u0101 no 2 l\u012bdz 6 mm.<br \/>Savietojams gan ar kompaktaj\u0101m XSRE karab\u012bn\u0113m, gan ar pilna izm\u0113ra karab\u012bn\u0113m \u2013 ja nepiecie\u0161ama liel\u0101ka iztur\u012bba.&#013;<\/p>\n<h4>Specifik\u0101cija:<\/h4>\n<p>&#013;<\/p>\n<table width=\"626\">&#013;<\/p>\n<tbody>&#013;<\/p>\n<tr>&#013;<\/p>\n<td><strong>Svars:<\/strong><\/td>\n<p>&#013;<\/p>\n<td>17g<\/td>\n<p>&#013;<br \/>\n<\/tr>\n<p>&#013;<\/p>\n<tr>&#013;<\/p>\n<td><strong>Dimensijas:<\/strong><\/td>\n<p>&#013;<\/p>\n<td>48 x 23 x 12mm<\/td>\n<p>&#013;<br \/>\n<\/tr>\n<p>&#013;<\/p>\n<tr>&#013;<\/p>\n<td><strong>Virves diametrs:<\/strong><\/td>\n<p>&#013;<\/p>\n<td>2-6 mm<\/td>\n<p>&#013;<br \/>\n<\/tr>\n<p>&#013;<\/p>\n<tr>&#013;<\/p>\n<td><strong>Sertifik\u0101cija:<\/strong><\/td>\n<p>&#013;<\/p>\n<td>EN12278:2007<\/td>\n<p>&#013;<br \/>\n<\/tr>\n<p>&#013;<\/p>\n<tr>&#013;<\/p>\n<td><strong>Iztur\u012bba:<\/strong><\/td>\n<p>&#013;<\/p>\n<td>Minimum Breaking Strength (MBS) 15kN\u00a0<\/td>\n<p>&#013;<br \/>\n<\/tr>\n<p>&#013;<br \/>\n<\/tbody>\n<p>&#013;<br \/>\n<\/table>\n","protected":false},"excerpt":{"rendered":"<p>Viegls, mikro izm\u0113ra tr\u012bsis, savietojams ar DMM XSRE karab\u012bn\u0113m.Izstr\u0101des gait\u0101 test\u0113ts l\u012bdz 15 kN iztur\u012bbai. Savietojams ar virv\u0113m diametr\u0101 no 2 l\u012bdz 6 mm.Savietojams gan ar kompaktaj\u0101m XSRE karab\u012bn\u0113m, gan ar pilna izm\u0113ra karab\u012bn\u0113m \u2013 ja nepiecie\u0161ama liel\u0101ka iztur\u012bba.&#013; Specifik\u0101cija: &#013; &#013; &#013; &#013; Svars: &#013; 17g &#013; &#013; &#013; Dimensijas: &#013; 48 x 23 [&hellip;]<\/p>\n","protected":false},"featured_media":104181,"template":"","meta":[],"product_brand":[965],"product_cat":[3155],"product_tag":[],"class_list":{"0":"post-104180","1":"product","2":"type-product","3":"status-publish","4":"has-post-thumbnail","6":"product_brand-dmm","7":"product_cat-trisi","9":"first","10":"instock","11":"purchasable","12":"product-type-simple"},"_links":{"self":[{"href":"https:\/\/sezona.lv\/en\/wp-json\/wp\/v2\/product\/104180","targetHints":{"allow":["GET"]}}],"collection":[{"href":"https:\/\/sezona.lv\/en\/wp-json\/wp\/v2\/product"}],"about":[{"href":"https:\/\/sezona.lv\/en\/wp-json\/wp\/v2\/types\/product"}],"wp:featuredmedia":[{"embeddable":true,"href":"https:\/\/sezona.lv\/en\/wp-json\/wp\/v2\/media\/104181"}],"wp:attachment":[{"href":"https:\/\/sezona.lv\/en\/wp-json\/wp\/v2\/media?parent=104180"}],"wp:term":[{"taxonomy":"product_brand","embeddable":true,"href":"https:\/\/sezona.lv\/en\/wp-json\/wp\/v2\/product_brand?post=104180"},{"taxonomy":"product_cat","embeddable":true,"href":"https:\/\/sezona.lv\/en\/wp-json\/wp\/v2\/product_cat?post=104180"},{"taxonomy":"product_tag","embeddable":true,"href":"https:\/\/sezona.lv\/en\/wp-json\/wp\/v2\/product_tag?post=104180"}],"curies":[{"name":"wp","href":"https:\/\/api.w.org\/{rel}","templated":true}]}}