{"id":104182,"date":"2025-08-28T10:44:53","date_gmt":"2025-08-28T07:44:53","guid":{"rendered":"https:\/\/www3.sezona.lv\/?post_type=product&#038;p=104182"},"modified":"2025-08-28T10:49:16","modified_gmt":"2025-08-28T07:49:16","slug":"mugursoma-raptor-10-with-reservoir","status":"publish","type":"product","link":"https:\/\/sezona.lv\/en\/products\/mugursoma-raptor-10-with-reservoir\/","title":{"rendered":"Mugursoma RAPTOR 10 with reservoir"},"content":{"rendered":"<p>Raptor 10 mugursoma ar\u00a0<span class=\"tlid-translation translation\">2,5 litru dzer\u0161anas sist\u0113mu, kas \u0101tri un viegli uzpild\u0101ma. Dzer\u0161anas sist\u0113mas \u0161\u013cauci\u0146u iesp\u0113jams likt p\u0101r jebkuru plecu un uzgalis stiprin\u0101ms pie kr\u016b\u0161u siksni\u0146as ar magn\u0113ta pal\u012bdz\u012bbu. <span class=\"tlid-translation translation\">AirScape \u2122<\/span> ventil\u0113jams muguras panelis, BioStretch\u2122 plecu siksnas un gurnu josta ar labu ventil\u0101ciju.<span class=\"tlid-translation translation\"><span title=\"\">\u00a0LidLock\u2122 stiprin\u0101jums velo \u0137iverei.\u00a0<br \/><span class=\"tlid-translation translation\"><span title=\"\">ToolWrap \u2122 instrumentu organizators,<\/span>\u00a0a<span title=\"\">tstarojo\u0161i elementi\u00a0 un stiprin\u0101jums LED gaismi\u0146ai. <\/span><\/span><\/span><\/span> <\/span>&#013;<\/p>\n<h4><span class=\"tlid-translation translation\"><span class=\"tlid-translation translation\"><span title=\"\"><span class=\"tlid-translation translation\"><span title=\"\">Specifik\u0101cija:<\/span><\/span><\/span><\/span><\/span><\/h4>\n<p>&#013;<\/p>\n<table style=\"height: 61px\" width=\"570\">&#013;<\/p>\n<tbody>&#013;<\/p>\n<tr>&#013;<\/p>\n<td><strong>Tilpums:<\/strong><\/td>\n<p>&#013;<\/p>\n<td>10L<\/td>\n<p>&#013;<br \/>\n<\/tr>\n<p>&#013;<\/p>\n<tr>&#013;<\/p>\n<td><strong>Svars:<\/strong><\/td>\n<p>&#013;<\/p>\n<td>790g<\/td>\n<p>&#013;<br \/>\n<\/tr>\n<p>&#013;<\/p>\n<tr>&#013;<\/p>\n<td><strong>Izm\u0113rs:<\/strong><\/td>\n<p>&#013;<\/p>\n<td>47.5H X 25W X 23D CM<\/td>\n<p>&#013;<br \/>\n<\/tr>\n<p>&#013;<\/p>\n<tr>&#013;<\/p>\n<td><strong>Materi\u0101ls:<\/strong><\/td>\n<p>&#013;<\/p>\n<td><span style=\"text-decoration: underline\">MAIN<\/span><br \/>bluesign\u00ae APPROVED, 100% recycled 210D dobby nylon, DWR treatment made without PFAS<br \/><span style=\"text-decoration: underline\">BOTTOM<\/span><br \/>bluesign\u00ae APPROVED, 100% recycled 420D nylon, DWR treatment made without PFAS<\/td>\n<p>&#013;<br \/>\n<\/tr>\n<p>&#013;<br \/>\n<\/tbody>\n<p>&#013;<br \/>\n<\/table>\n<p>&#013;<\/p>\n<ul>&#013;<\/p>\n<li>Elast\u012bgas sieti\u0146veida kabatas ar r\u0101v\u0113jsl\u0113dz\u0113ju uz gurnu jostas nodro\u0161ina piek\u013cuvi nepiecie\u0161am\u0101m liet\u0101m, esot ce\u013c\u0101<\/li>\n<p>&#013;<\/p>\n<li>Dzer\u0161anas sist\u0113mas kabata ar tie\u0161o piek\u013cuvi un r\u0101v\u0113jsl\u0113dz\u0113ja aizdari<\/li>\n<p>&#013;<\/p>\n<li>Komplekt\u0101 iek\u013cauts Osprey Hydraulics 2,5 L LT dzer\u0161anas sist\u0113ma<\/li>\n<p>&#013;<\/p>\n<li>Atsevi\u0161\u0137s nodal\u012bjums ar no\u0146emamu instrumentu rull\u012bti organiz\u0101cijai<\/li>\n<p>&#013;<\/p>\n<li>Vieta elektrisk\u0101 velosip\u0113da bagterijai un l\u0101d\u0113t\u0101jam\u00a0<\/li>\n<p>&#013;<\/p>\n<li>Kabata saulesbrill\u0113m\u00a0<\/li>\n<p>&#013;<\/p>\n<li>Klipsis atsl\u0113gu piestiprin\u0101\u0161anai\u00a0<\/li>\n<p>&#013;<\/p>\n<li>Aug\u0161\u0113j\u0101s un apak\u0161\u0113j\u0101s kompresijas siksnas<\/li>\n<p>&#013;<\/p>\n<li>LidLock \u0137iveres stiprin\u0101jums\u00a0<\/li>\n<p>&#013;<\/p>\n<li>Vieta LED lampi\u0146as piestiprin\u0101\u0161anai<\/li>\n<p>&#013;<\/p>\n<li>Atstarojo\u0161i elementi redzam\u012bbai<\/li>\n<p>&#013;\n<\/ul>\n","protected":false},"excerpt":{"rendered":"<p>Raptor 10 mugursoma ar\u00a02,5 litru dzer\u0161anas sist\u0113mu, kas \u0101tri un viegli uzpild\u0101ma. Dzer\u0161anas sist\u0113mas \u0161\u013cauci\u0146u iesp\u0113jams likt p\u0101r jebkuru plecu un uzgalis stiprin\u0101ms pie kr\u016b\u0161u siksni\u0146as ar magn\u0113ta pal\u012bdz\u012bbu. AirScape \u2122 ventil\u0113jams muguras panelis, BioStretch\u2122 plecu siksnas un gurnu josta ar labu ventil\u0101ciju.\u00a0LidLock\u2122 stiprin\u0101jums velo \u0137iverei.\u00a0ToolWrap \u2122 instrumentu organizators,\u00a0atstarojo\u0161i elementi\u00a0 un stiprin\u0101jums LED gaismi\u0146ai. &#013; [&hellip;]<\/p>\n","protected":false},"featured_media":104183,"template":"","meta":[],"product_brand":[929],"product_cat":[5261],"product_tag":[],"class_list":{"0":"post-104182","1":"product","2":"type-product","3":"status-publish","4":"has-post-thumbnail","6":"product_brand-osprey","7":"product_cat-multisporta-mugursomas","9":"first","10":"instock","11":"purchasable","12":"product-type-simple"},"_links":{"self":[{"href":"https:\/\/sezona.lv\/en\/wp-json\/wp\/v2\/product\/104182","targetHints":{"allow":["GET"]}}],"collection":[{"href":"https:\/\/sezona.lv\/en\/wp-json\/wp\/v2\/product"}],"about":[{"href":"https:\/\/sezona.lv\/en\/wp-json\/wp\/v2\/types\/product"}],"wp:featuredmedia":[{"embeddable":true,"href":"https:\/\/sezona.lv\/en\/wp-json\/wp\/v2\/media\/104183"}],"wp:attachment":[{"href":"https:\/\/sezona.lv\/en\/wp-json\/wp\/v2\/media?parent=104182"}],"wp:term":[{"taxonomy":"product_brand","embeddable":true,"href":"https:\/\/sezona.lv\/en\/wp-json\/wp\/v2\/product_brand?post=104182"},{"taxonomy":"product_cat","embeddable":true,"href":"https:\/\/sezona.lv\/en\/wp-json\/wp\/v2\/product_cat?post=104182"},{"taxonomy":"product_tag","embeddable":true,"href":"https:\/\/sezona.lv\/en\/wp-json\/wp\/v2\/product_tag?post=104182"}],"curies":[{"name":"wp","href":"https:\/\/api.w.org\/{rel}","templated":true}]}}