{"id":104184,"date":"2025-08-28T10:44:51","date_gmt":"2025-08-28T07:44:51","guid":{"rendered":"https:\/\/www3.sezona.lv\/?post_type=product&#038;p=104184"},"modified":"2025-08-28T10:49:18","modified_gmt":"2025-08-28T07:49:18","slug":"mugursoma-jet-12","status":"publish","type":"product","link":"https:\/\/sezona.lv\/en\/products\/mugursoma-jet-12\/","title":{"rendered":"Mugursoma Jet 12"},"content":{"rendered":"<p>JET 12 mugursoma b\u0113rniem vecum\u0101 no aptuveni 4-12 gadiem.\u00a0Izgatavota no 100% p\u0101rstr\u0101d\u0101tiem materi\u0101liem, \u016bdeni atgr\u016bdo\u0161s DWR p\u0101rkl\u0101jums. \u00a0AirScape\u2122 muguras panelis, kas labi ventil\u0113jas. Iedvesmojiet b\u0113rnu piedz\u012bvojumiem!&#013;<\/p>\n<h4><span class=\"tlid-translation translation\" lang=\"lv\">Specifik\u0101cija:<\/span><\/h4>\n<p>&#013;<\/p>\n<table style=\"height: 80px\" width=\"573\">&#013;<\/p>\n<tbody>&#013;<\/p>\n<tr>&#013;<\/p>\n<td><strong>Tipums:<\/strong><\/td>\n<p>&#013;<\/p>\n<td>12L<\/td>\n<p>&#013;<br \/>\n<\/tr>\n<p>&#013;<\/p>\n<tr>&#013;<\/p>\n<td><strong>Svars:<\/strong><\/td>\n<p>&#013;<\/p>\n<td>341g<\/td>\n<p>&#013;<br \/>\n<\/tr>\n<p>&#013;<\/p>\n<tr>&#013;<\/p>\n<td><strong>Izm\u0113ri:<\/strong><\/td>\n<p>&#013;<\/p>\n<td>36.5H X 25W X 20.5D CM<\/td>\n<p>&#013;<br \/>\n<\/tr>\n<p>&#013;<\/p>\n<tr>&#013;<\/p>\n<td><strong>Materi\u0101ls:<\/strong><\/td>\n<p>&#013;<\/p>\n<td><span style=\"text-decoration: underline\">MAIN<\/span><br \/>bluesign\u00ae APPROVED, 100% recycled 100D high-tenacity nylon, DWR treatment made without PFAS<br \/><span style=\"text-decoration: underline\">BOTTOM<\/span><br \/>bluesign\u00ae APPROVED, 100% recycled 420D nylon, DWR treatment made without PFAS<\/td>\n<p>&#013;<br \/>\n<\/tr>\n<p>&#013;<br \/>\n<\/tbody>\n<p>&#013;<br \/>\n<\/table>\n<p>&#013;<\/p>\n<ul>&#013;<\/p>\n<li>Regul\u0113jama kr\u016b\u0161u siksni\u0146a ar svilpi<\/li>\n<p>&#013;<\/p>\n<li>Divas elast\u012bgas s\u0101nu kabatas<\/li>\n<p>&#013;<\/p>\n<li>Liela, elast\u012bga priek\u0161\u0113j\u0101 kabata<\/li>\n<p>&#013;<\/p>\n<li>Neliela kabata ar r\u0101v\u0113jsl\u0113dz\u0113ju<\/li>\n<p>&#013;<\/p>\n<li>Vieta, kur ierakst\u012bt \u012bpa\u0161nieka v\u0101rdu<\/li>\n<p>&#013;<\/p>\n<li>\u0100r\u0113j\u0101 kabata dzer\u0161anas sist\u0113mai<\/li>\n<p>&#013;<\/p>\n<li>Cilpi\u0146as uz priek\u0161\u0113j\u0101 pane\u013ca, papildus mantu piestiprin\u0101\u0161anai<\/li>\n<p>&#013;\n<\/ul>\n","protected":false},"excerpt":{"rendered":"<p>JET 12 mugursoma b\u0113rniem vecum\u0101 no aptuveni 4-12 gadiem.\u00a0Izgatavota no 100% p\u0101rstr\u0101d\u0101tiem materi\u0101liem, \u016bdeni atgr\u016bdo\u0161s DWR p\u0101rkl\u0101jums. \u00a0AirScape\u2122 muguras panelis, kas labi ventil\u0113jas. Iedvesmojiet b\u0113rnu piedz\u012bvojumiem!&#013; Specifik\u0101cija: &#013; &#013; &#013; &#013; Tipums: &#013; 12L &#013; &#013; &#013; Svars: &#013; 341g &#013; &#013; &#013; Izm\u0113ri: &#013; 36.5H X 25W X 20.5D CM &#013; &#013; &#013; Materi\u0101ls: [&hellip;]<\/p>\n","protected":false},"featured_media":104185,"template":"","meta":[],"product_brand":[929],"product_cat":[967],"product_tag":[],"class_list":{"0":"post-104184","1":"product","2":"type-product","3":"status-publish","4":"has-post-thumbnail","6":"product_brand-osprey","7":"product_cat-bez-kategorijas","9":"first","10":"instock","11":"purchasable","12":"product-type-simple"},"_links":{"self":[{"href":"https:\/\/sezona.lv\/en\/wp-json\/wp\/v2\/product\/104184","targetHints":{"allow":["GET"]}}],"collection":[{"href":"https:\/\/sezona.lv\/en\/wp-json\/wp\/v2\/product"}],"about":[{"href":"https:\/\/sezona.lv\/en\/wp-json\/wp\/v2\/types\/product"}],"wp:featuredmedia":[{"embeddable":true,"href":"https:\/\/sezona.lv\/en\/wp-json\/wp\/v2\/media\/104185"}],"wp:attachment":[{"href":"https:\/\/sezona.lv\/en\/wp-json\/wp\/v2\/media?parent=104184"}],"wp:term":[{"taxonomy":"product_brand","embeddable":true,"href":"https:\/\/sezona.lv\/en\/wp-json\/wp\/v2\/product_brand?post=104184"},{"taxonomy":"product_cat","embeddable":true,"href":"https:\/\/sezona.lv\/en\/wp-json\/wp\/v2\/product_cat?post=104184"},{"taxonomy":"product_tag","embeddable":true,"href":"https:\/\/sezona.lv\/en\/wp-json\/wp\/v2\/product_tag?post=104184"}],"curies":[{"name":"wp","href":"https:\/\/api.w.org\/{rel}","templated":true}]}}