{"id":104188,"date":"2025-08-28T10:44:51","date_gmt":"2025-08-28T07:44:51","guid":{"rendered":"https:\/\/www3.sezona.lv\/?post_type=product&#038;p=104188"},"modified":"2025-08-28T10:49:18","modified_gmt":"2025-08-28T07:49:18","slug":"trisis-pinto-rig-2-pulley","status":"publish","type":"product","link":"https:\/\/sezona.lv\/en\/products\/trisis-pinto-rig-2-pulley\/","title":{"rendered":"Tr\u012bsis Pinto Rig 2 Pulley"},"content":{"rendered":"<p>Pinto tr\u012bsi iem\u012b\u013coju\u0161i lietot\u0101ji vis\u0101 pasaul\u0113, ta\u010du pat klasikai reiz pien\u0101k laiks atjaunin\u0101jumam \u2014 tie\u0161i to DMM ar\u012b ir paveiku\u0161i ar Pinto 2 un Pinto Rig 2 mode\u013ciem.<br \/>Ar pl\u016bden\u0101m l\u012bnij\u0101m, tekstilam draudz\u012bgiem stiprin\u0101juma punktiem, Pinto tr\u012b\u0161i ir \u0101rk\u0101rt\u012bgi univers\u0101li un lieliski darbojas da\u017e\u0101d\u0101s kust\u012bgo virvju sist\u0113m\u0101s.<br \/>Ta\u010du tas nav tikai vizu\u0101ls uzlabojums \u2014 saglab\u0101jot kompaktos un vieglos ori\u0123in\u0101l\u0101 Pinto izm\u0113rus, papildus tie ir\u00a0 apr\u012bkoti ar efekt\u012bviem lod\u012b\u0161u gult\u0146iem, kas noz\u012bm\u0113, ka tie tagad darbojas v\u0113l lab\u0101k nek\u0101 jebkad iepriek\u0161.\u00a0<br \/>Paredz\u0113ts darbam ar virv\u0113m l\u012bdz 16mm diametr\u0101.&#013;<\/p>\n<h4>Specifik\u0101cija:<\/h4>\n<p>&#013;<\/p>\n<table width=\"645\">&#013;<\/p>\n<tbody>&#013;<\/p>\n<tr>&#013;<\/p>\n<td><strong>Svars:<\/strong><\/td>\n<p>&#013;<\/p>\n<td>222g<\/td>\n<p>&#013;<br \/>\n<\/tr>\n<p>&#013;<\/p>\n<tr>&#013;<\/p>\n<td><strong>Iztur\u012bba:<\/strong><\/td>\n<p>&#013;<\/p>\n<td>50kN (25kN Becket)<\/td>\n<p>&#013;<br \/>\n<\/tr>\n<p>&#013;<\/p>\n<tr>&#013;<\/p>\n<td><strong>Darba slodze:<\/strong><\/td>\n<p>&#013;<\/p>\n<td>10kN (5kN Becket)<\/td>\n<p>&#013;<br \/>\n<\/tr>\n<p>&#013;<\/p>\n<tr>&#013;<\/p>\n<td><strong>Dimensijas:<\/strong><\/td>\n<p>&#013;<\/p>\n<td>115 x 60 x 37mm<\/td>\n<p>&#013;<br \/>\n<\/tr>\n<p>&#013;<\/p>\n<tr>&#013;<\/p>\n<td><strong>Virves diametrs:<\/strong><\/td>\n<p>&#013;<\/p>\n<td>16mm max<\/td>\n<p>&#013;<br \/>\n<\/tr>\n<p>&#013;<\/p>\n<tr>&#013;<\/p>\n<td><strong>Sertifik\u0101cija:<\/strong><\/td>\n<p>&#013;<\/p>\n<td>EN12278:2007<\/td>\n<p>&#013;<br \/>\n<\/tr>\n<p>&#013;<br \/>\n<\/tbody>\n<p>&#013;<br \/>\n<\/table>\n<p>&#013;<\/p>\n","protected":false},"excerpt":{"rendered":"<p>Pinto tr\u012bsi iem\u012b\u013coju\u0161i lietot\u0101ji vis\u0101 pasaul\u0113, ta\u010du pat klasikai reiz pien\u0101k laiks atjaunin\u0101jumam \u2014 tie\u0161i to DMM ar\u012b ir paveiku\u0161i ar Pinto 2 un Pinto Rig 2 mode\u013ciem.Ar pl\u016bden\u0101m l\u012bnij\u0101m, tekstilam draudz\u012bgiem stiprin\u0101juma punktiem, Pinto tr\u012b\u0161i ir \u0101rk\u0101rt\u012bgi univers\u0101li un lieliski darbojas da\u017e\u0101d\u0101s kust\u012bgo virvju sist\u0113m\u0101s.Ta\u010du tas nav tikai vizu\u0101ls uzlabojums \u2014 saglab\u0101jot kompaktos un [&hellip;]<\/p>\n","protected":false},"featured_media":104189,"template":"","meta":[],"product_brand":[965],"product_cat":[3155],"product_tag":[],"class_list":{"0":"post-104188","1":"product","2":"type-product","3":"status-publish","4":"has-post-thumbnail","6":"product_brand-dmm","7":"product_cat-trisi","9":"first","10":"instock","11":"purchasable","12":"product-type-simple"},"_links":{"self":[{"href":"https:\/\/sezona.lv\/en\/wp-json\/wp\/v2\/product\/104188","targetHints":{"allow":["GET"]}}],"collection":[{"href":"https:\/\/sezona.lv\/en\/wp-json\/wp\/v2\/product"}],"about":[{"href":"https:\/\/sezona.lv\/en\/wp-json\/wp\/v2\/types\/product"}],"wp:featuredmedia":[{"embeddable":true,"href":"https:\/\/sezona.lv\/en\/wp-json\/wp\/v2\/media\/104189"}],"wp:attachment":[{"href":"https:\/\/sezona.lv\/en\/wp-json\/wp\/v2\/media?parent=104188"}],"wp:term":[{"taxonomy":"product_brand","embeddable":true,"href":"https:\/\/sezona.lv\/en\/wp-json\/wp\/v2\/product_brand?post=104188"},{"taxonomy":"product_cat","embeddable":true,"href":"https:\/\/sezona.lv\/en\/wp-json\/wp\/v2\/product_cat?post=104188"},{"taxonomy":"product_tag","embeddable":true,"href":"https:\/\/sezona.lv\/en\/wp-json\/wp\/v2\/product_tag?post=104188"}],"curies":[{"name":"wp","href":"https:\/\/api.w.org\/{rel}","templated":true}]}}