{"id":104193,"date":"2025-08-28T10:44:50","date_gmt":"2025-08-28T07:44:50","guid":{"rendered":"https:\/\/www3.sezona.lv\/?post_type=product&#038;p=104193"},"modified":"2025-08-28T10:49:23","modified_gmt":"2025-08-28T07:49:23","slug":"mugursoma-duro-6-w-flasks","status":"publish","type":"product","link":"https:\/\/sezona.lv\/en\/products\/mugursoma-duro-6-w-flasks\/","title":{"rendered":"Mugursoma Duro 6 w\/Flasks"},"content":{"rendered":"<p>Duro 6 ir vid\u0113jas kapacit\u0101tes skrie\u0161anas soma ar vietu \u016bdenim, dr\u0113b\u0113m un nelielam invent\u0101ram. Soma veidota k\u0101 veste, lai skrie\u0161anas laik\u0101 t\u0101 lieki nekust\u0113tos. Oder\u0113ta ar sieti\u0146veida materi\u0101lu, labai gaisa caurlaid\u012bbai. Vair\u0101kas kabatas priek\u0161\u0101, \u0113rtai organiz\u0101cijai &#8211; invent\u0101ram, ener\u0123ijas batoni\u0146iem, utt. 2 kabatas ar 500ml m\u012bkstaj\u0101m dzer\u0161anas pudel\u0113m. Kompresijas siksnas nodro\u0161in\u0101s, ka soma cie\u0161i turas pie muguras. Liela sieti\u0146veida kabata aizmugur\u0113, kur\u0101 viegli var ietilpin\u0101t, piem\u0113ram, jaku, cepuri vai cimdus. Izgatavots no p\u0101rstr\u0101d\u0101tiem materi\u0101liem.\u00a0&#013;<\/p>\n<h4>Specifik\u0101cija:<\/h4>\n<p>&#013;<\/p>\n<table style=\"height: 61px\" width=\"565\">&#013;<\/p>\n<tbody>&#013;<\/p>\n<tr>&#013;<\/p>\n<td><strong><\/strong><\/td>\n<p>&#013;<\/p>\n<td style=\"text-align: center\"><strong>S<\/strong><\/td>\n<p>&#013;<\/p>\n<td style=\"text-align: center\"><strong>M<\/strong><\/td>\n<p>&#013;<\/p>\n<td style=\"text-align: center\"><strong>L<\/strong><\/td>\n<p>&#013;<br \/>\n<\/tr>\n<p>&#013;<\/p>\n<tr>&#013;<\/p>\n<td><strong>Svars:<\/strong><\/td>\n<p>&#013;<\/p>\n<td style=\"text-align: center\">397g<\/td>\n<p>&#013;<\/p>\n<td style=\"text-align: center\">419g<\/td>\n<p>&#013;<\/p>\n<td style=\"text-align: center\">441g<\/td>\n<p>&#013;<br \/>\n<\/tr>\n<p>&#013;<\/p>\n<tr>&#013;<\/p>\n<td><strong>Izm\u0113rs:<\/strong><\/td>\n<p>&#013;<\/p>\n<td style=\"text-align: center\">13H X 43W X 29.5D CM<\/td>\n<p>&#013;<\/p>\n<td style=\"text-align: center\">13H X 43W X 34.5D CM<\/td>\n<p>&#013;<\/p>\n<td style=\"text-align: center\">13H X 43W X 39.5D CM<\/td>\n<p>&#013;<br \/>\n<\/tr>\n<p>&#013;<\/p>\n<tr>&#013;<\/p>\n<td><strong>Tilpums:<\/strong><\/td>\n<p>&#013;<\/p>\n<td style=\"text-align: center\">6L<\/td>\n<p>&#013;<\/p>\n<td style=\"text-align: center\">6L<\/td>\n<p>&#013;<\/p>\n<td style=\"text-align: center\">6L<\/td>\n<p>&#013;<br \/>\n<\/tr>\n<p>&#013;<\/p>\n<tr>&#013;<\/p>\n<td><strong>Materi\u0101ls:<\/strong><\/td>\n<p>&#013;<\/p>\n<td style=\"text-align: center\" colspan=\"3\"><span style=\"text-decoration: underline\">MAIN<\/span><br \/>bluesign\u00ae APPROVED 320g recycled nylon stretch mesh, PFC\/PFAS-free DWR<br \/><span style=\"text-decoration: underline\">LINING<\/span><br \/>bluesign\u00ae APPROVED 200g recycled nylon stretch mesh, PFC\/PFAS-free DWR<\/td>\n<p>&#013;<br \/>\n<\/tr>\n<p>&#013;<br \/>\n<\/tbody>\n<p>&#013;<br \/>\n<\/table>\n<p>&#013;<\/p>\n<h4>Raksturojums:<\/h4>\n<p>&#013;<\/p>\n<ul>&#013;<\/p>\n<li>Divas lielas, elast\u012bgas kr\u016b\u0161u kabatas \u016bdens pudel\u0113m<\/li>\n<p>&#013;<\/p>\n<li>Vair\u0101kas elast\u012bgas kabatas batoni\u0146iem, \u017eelej\u0101m, u.c.<\/li>\n<p>&#013;<\/p>\n<li>Kabata ar r\u0101v\u0113jsl\u0113dz\u0113ju v\u0113rt\u012bg\u0101kaj\u0101m mant\u0101m vai telefonam<\/li>\n<p>&#013;<\/p>\n<li>Divas hydraulics 500ml m\u012bkst\u0101s pudeles.<\/li>\n<p>&#013;<\/p>\n<li>Stiprin\u0101jums n\u016bj\u0101m<\/li>\n<p>&#013;<\/p>\n<li>Regul\u0113jamas, no\u0146emamas kr\u016b\u0161u siksni\u0146as<\/li>\n<p>&#013;<\/p>\n<li>Svilpe<\/li>\n<p>&#013;\n<\/ul>\n","protected":false},"excerpt":{"rendered":"<p>Duro 6 ir vid\u0113jas kapacit\u0101tes skrie\u0161anas soma ar vietu \u016bdenim, dr\u0113b\u0113m un nelielam invent\u0101ram. Soma veidota k\u0101 veste, lai skrie\u0161anas laik\u0101 t\u0101 lieki nekust\u0113tos. Oder\u0113ta ar sieti\u0146veida materi\u0101lu, labai gaisa caurlaid\u012bbai. Vair\u0101kas kabatas priek\u0161\u0101, \u0113rtai organiz\u0101cijai &#8211; invent\u0101ram, ener\u0123ijas batoni\u0146iem, utt. 2 kabatas ar 500ml m\u012bkstaj\u0101m dzer\u0161anas pudel\u0113m. Kompresijas siksnas nodro\u0161in\u0101s, ka soma cie\u0161i turas [&hellip;]<\/p>\n","protected":false},"featured_media":104194,"template":"","meta":[],"product_brand":[929],"product_cat":[2989],"product_tag":[],"class_list":{"0":"post-104193","1":"product","2":"type-product","3":"status-publish","4":"has-post-thumbnail","6":"product_brand-osprey","7":"product_cat-skriesanas-mugursomas","9":"first","10":"instock","11":"purchasable","12":"product-type-simple"},"_links":{"self":[{"href":"https:\/\/sezona.lv\/en\/wp-json\/wp\/v2\/product\/104193","targetHints":{"allow":["GET"]}}],"collection":[{"href":"https:\/\/sezona.lv\/en\/wp-json\/wp\/v2\/product"}],"about":[{"href":"https:\/\/sezona.lv\/en\/wp-json\/wp\/v2\/types\/product"}],"wp:featuredmedia":[{"embeddable":true,"href":"https:\/\/sezona.lv\/en\/wp-json\/wp\/v2\/media\/104194"}],"wp:attachment":[{"href":"https:\/\/sezona.lv\/en\/wp-json\/wp\/v2\/media?parent=104193"}],"wp:term":[{"taxonomy":"product_brand","embeddable":true,"href":"https:\/\/sezona.lv\/en\/wp-json\/wp\/v2\/product_brand?post=104193"},{"taxonomy":"product_cat","embeddable":true,"href":"https:\/\/sezona.lv\/en\/wp-json\/wp\/v2\/product_cat?post=104193"},{"taxonomy":"product_tag","embeddable":true,"href":"https:\/\/sezona.lv\/en\/wp-json\/wp\/v2\/product_tag?post=104193"}],"curies":[{"name":"wp","href":"https:\/\/api.w.org\/{rel}","templated":true}]}}