{"id":104196,"date":"2025-08-28T10:44:50","date_gmt":"2025-08-28T07:44:50","guid":{"rendered":"https:\/\/www3.sezona.lv\/?post_type=product&#038;p=104196"},"modified":"2025-08-28T10:49:22","modified_gmt":"2025-08-28T07:49:22","slug":"mugursoma-dyna-6-w-flasks-2","status":"publish","type":"product","link":"https:\/\/sezona.lv\/en\/products\/mugursoma-dyna-6-w-flasks-2\/","title":{"rendered":"Mugursoma Dyna 6 w\/Flasks"},"content":{"rendered":"<p>Vid\u0113jas ietilp\u012bbas sievie\u0161u skrie\u0161anas mugursoma, kas veidota k\u0101 veste, t\u0101p\u0113c t\u0101 ide\u0101li piegu\u013c \u0137ermenim. Iek\u0161pus\u0113 sieti\u0146veida oder\u0113jums.\u00a0Vestes priek\u0161\u0113j\u0101s kabat\u0101s atrodas 500ml m\u012bkst\u0101s pudeles. Stow-on-the-Go\u2122 stiprin\u0101jumi n\u016bj\u0101m. Kr\u016b\u0161u siksni\u0146as ir no\u0146emamas un regul\u0113jamas ar vienu roku. <span class=\"tlid-translation translation\" lang=\"lv\">Savietojama ar vis\u0101m Osprey dzer\u0161anas sist\u0113m\u0101m.<\/span>&#013;<\/p>\n<h4>Specifik\u0101cija:<\/h4>\n<p>&#013;<\/p>\n<table style=\"height: 61px\" width=\"571\">&#013;<\/p>\n<tbody>&#013;<\/p>\n<tr>&#013;<\/p>\n<td><strong><\/strong><\/td>\n<p>&#013;<\/p>\n<td style=\"text-align: center\"><strong>WS<\/strong><\/td>\n<p>&#013;<\/p>\n<td style=\"text-align: center\"><strong>WM<\/strong><\/td>\n<p>&#013;<\/p>\n<td style=\"text-align: center\"><strong>WL<\/strong><\/td>\n<p>&#013;<br \/>\n<\/tr>\n<p>&#013;<\/p>\n<tr>&#013;<\/p>\n<td><strong>Tilpums:<\/strong><\/td>\n<p>&#013;<\/p>\n<td style=\"text-align: center\">6L<\/td>\n<p>&#013;<\/p>\n<td style=\"text-align: center\">6L<\/td>\n<p>&#013;<\/p>\n<td style=\"text-align: center\">6L<\/td>\n<p>&#013;<br \/>\n<\/tr>\n<p>&#013;<\/p>\n<tr>&#013;<\/p>\n<td><strong>Svars:<\/strong><\/td>\n<p>&#013;<\/p>\n<td style=\"text-align: center\">384g<\/td>\n<p>&#013;<\/p>\n<td style=\"text-align: center\">406g<\/td>\n<p>&#013;<\/p>\n<td style=\"text-align: center\">428g<\/td>\n<p>&#013;<br \/>\n<\/tr>\n<p>&#013;<\/p>\n<tr>&#013;<\/p>\n<td><strong>Izm\u0113ri:<\/strong><\/td>\n<p>&#013;<\/p>\n<td style=\"text-align: center\">12H X 36W X 26D CM<\/td>\n<p>&#013;<\/p>\n<td style=\"text-align: center\">12H X 36W X 31D CM<\/td>\n<p>&#013;<\/p>\n<td style=\"text-align: center\">12H X 36W X 36D CM<\/td>\n<p>&#013;<br \/>\n<\/tr>\n<p>&#013;<\/p>\n<tr>&#013;<\/p>\n<td><strong>Materi\u0101ls:<\/strong><\/td>\n<p>&#013;<\/p>\n<td style=\"text-align: center\" colspan=\"3\"><span style=\"text-decoration: underline\">MAIN<\/span><br \/>bluesign\u00ae APPROVED 320g recycled nylon stretch mesh, PFC\/PFAS-free DWR<br \/><span style=\"text-decoration: underline\">LINING<\/span><br \/>bluesign\u00ae APPROVED 200g recycled nylon stretch mesh, PFC\/PFAS-free DWR<\/td>\n<p>&#013;<br \/>\n<\/tr>\n<p>&#013;<br \/>\n<\/tbody>\n<p>&#013;<br \/>\n<\/table>\n<p>&#013;<\/p>\n<h4>Raksturojums:<\/h4>\n<p>&#013;<\/p>\n<ul>&#013;<\/p>\n<li><span class=\"tlid-translation translation\" lang=\"lv\"><span title=\"\"><span class=\"tlid-translation translation\" lang=\"lv\"><span title=\"\">Savietojama ar Hydraulics \u2122 un Hydraulics \u2122 LT dzer\u0161anas sist\u0113m\u0101m<\/span><\/span><\/span><\/span><\/li>\n<p>&#013;<\/p>\n<li><span class=\"tlid-translation translation\" lang=\"lv\"><span title=\"\"><span class=\"tlid-translation translation\" lang=\"lv\"><span title=\"\"><span class=\"tlid-translation translation\" lang=\"lv\"><span title=\"\">Sieti\u0146veida oder\u0113jums iek\u0161pus\u0113, kas ir pat\u012bkams saskar\u0113 ar \u0101du. <\/span><\/span><\/span><\/span><\/span><\/span><\/li>\n<p>&#013;<\/p>\n<li>Veidota tie\u0161i sieviet\u0113m<\/li>\n<p>&#013;<\/p>\n<li><span class=\"tlid-translation translation\" lang=\"lv\"><span title=\"\">Vair\u0101kas PowerMesh \u2122 kabatas<\/span><\/span><\/li>\n<p>&#013;<\/p>\n<li><span class=\"tlid-translation translation\" lang=\"lv\">Stow-on-the-Go\u2122 stiprin\u0101jumi n\u016bj\u0101m<\/span><\/li>\n<p>&#013;<\/p>\n<li><span class=\"tlid-translation translation\" lang=\"lv\">Komplekt\u0101 divas Hydraulics\u2122 500ml Soft Flasks m\u012bkst\u0101s pudeles<\/span><\/li>\n<p>&#013;<\/p>\n<li><span class=\"tlid-translation translation\" lang=\"lv\">Divas regul\u0113jamas, no\u0146emamas kr\u016b\u0161u siksni\u0146as<\/span><\/li>\n<p>&#013;<\/p>\n<li><span class=\"tlid-translation translation\" lang=\"lv\">Svilpe<\/span><\/li>\n<p>&#013;\n<\/ul>\n","protected":false},"excerpt":{"rendered":"<p>Vid\u0113jas ietilp\u012bbas sievie\u0161u skrie\u0161anas mugursoma, kas veidota k\u0101 veste, t\u0101p\u0113c t\u0101 ide\u0101li piegu\u013c \u0137ermenim. Iek\u0161pus\u0113 sieti\u0146veida oder\u0113jums.\u00a0Vestes priek\u0161\u0113j\u0101s kabat\u0101s atrodas 500ml m\u012bkst\u0101s pudeles. Stow-on-the-Go\u2122 stiprin\u0101jumi n\u016bj\u0101m. Kr\u016b\u0161u siksni\u0146as ir no\u0146emamas un regul\u0113jamas ar vienu roku. Savietojama ar vis\u0101m Osprey dzer\u0161anas sist\u0113m\u0101m.&#013; Specifik\u0101cija: &#013; &#013; &#013; &#013; &#013; WS &#013; WM &#013; WL &#013; &#013; &#013; [&hellip;]<\/p>\n","protected":false},"featured_media":104197,"template":"","meta":[],"product_brand":[929],"product_cat":[2989],"product_tag":[],"class_list":{"0":"post-104196","1":"product","2":"type-product","3":"status-publish","4":"has-post-thumbnail","6":"product_brand-osprey","7":"product_cat-skriesanas-mugursomas","9":"first","10":"outofstock","11":"purchasable","12":"product-type-simple"},"_links":{"self":[{"href":"https:\/\/sezona.lv\/en\/wp-json\/wp\/v2\/product\/104196","targetHints":{"allow":["GET"]}}],"collection":[{"href":"https:\/\/sezona.lv\/en\/wp-json\/wp\/v2\/product"}],"about":[{"href":"https:\/\/sezona.lv\/en\/wp-json\/wp\/v2\/types\/product"}],"wp:featuredmedia":[{"embeddable":true,"href":"https:\/\/sezona.lv\/en\/wp-json\/wp\/v2\/media\/104197"}],"wp:attachment":[{"href":"https:\/\/sezona.lv\/en\/wp-json\/wp\/v2\/media?parent=104196"}],"wp:term":[{"taxonomy":"product_brand","embeddable":true,"href":"https:\/\/sezona.lv\/en\/wp-json\/wp\/v2\/product_brand?post=104196"},{"taxonomy":"product_cat","embeddable":true,"href":"https:\/\/sezona.lv\/en\/wp-json\/wp\/v2\/product_cat?post=104196"},{"taxonomy":"product_tag","embeddable":true,"href":"https:\/\/sezona.lv\/en\/wp-json\/wp\/v2\/product_tag?post=104196"}],"curies":[{"name":"wp","href":"https:\/\/api.w.org\/{rel}","templated":true}]}}