{"id":104200,"date":"2025-08-28T10:44:49","date_gmt":"2025-08-28T07:44:49","guid":{"rendered":"https:\/\/www3.sezona.lv\/?post_type=product&#038;p=104200"},"modified":"2025-08-28T10:49:23","modified_gmt":"2025-08-28T07:49:23","slug":"iekspalags-reactor-sleeping-bag-liner","status":"publish","type":"product","link":"https:\/\/sezona.lv\/en\/products\/iekspalags-reactor-sleeping-bag-liner\/","title":{"rendered":"Iek\u0161palags REACTOR Sleeping Bag Liner"},"content":{"rendered":"<p>Reactor Liner gu\u013cammaisa iek\u0161palags no Thermolite\u00ae Pro materi\u0101la.&#013;<\/p>\n<p><span style=\"text-decoration: underline\"><strong>HEIQ Fresh apstr\u0101de<\/strong><\/span><br \/>Materi\u0101ls apstr\u0101d\u0101ta ar HeiQ Fresh FFL, bez bioc\u012bdiem, \u013coti efekt\u012bvu smaku kontroles tehnolo\u0123iju, izmantojot biolo\u0123isku aminocukura polim\u0113ru, lai neitraliz\u0113tu \u0137erme\u0146a arom\u0101tus.<\/p>\n<p>&#013;<\/p>\n<h4>Specifik\u0101cija:<\/h4>\n<p>&#013;<\/p>\n<table width=\"635\">&#013;<\/p>\n<tbody>&#013;<\/p>\n<tr>&#013;<\/p>\n<td><\/td>\n<p>&#013;<\/p>\n<td style=\"text-align: center\"><strong>MUMMY Standart<\/strong><\/td>\n<p>&#013;<br \/>\n<\/tr>\n<p>&#013;<\/p>\n<tr>&#013;<\/p>\n<td><strong>Izm\u0113ri:<\/strong><\/td>\n<p>&#013;<\/p>\n<td>198 x 80\/55 cm<\/td>\n<p>&#013;<br \/>\n<\/tr>\n<p>&#013;<\/p>\n<tr>&#013;<\/p>\n<td><strong>Svars:<\/strong><\/td>\n<p>&#013;<\/p>\n<td>268g<\/td>\n<p>&#013;<br \/>\n<\/tr>\n<p>&#013;<\/p>\n<tr>&#013;<\/p>\n<td><strong>Iepakojuma izm\u0113ri:<\/strong><\/td>\n<p>&#013;<\/p>\n<td>15 x 7 x 11 cm<\/td>\n<p>&#013;<br \/>\n<\/tr>\n<p>&#013;<\/p>\n<tr>&#013;<\/p>\n<td><strong>Materi\u0101ls:<\/strong><\/td>\n<p>&#013;<\/p>\n<td style=\"text-align: center\">Thermolite\u00ae Pro &amp; EcoMade Polyester<\/td>\n<p>&#013;<br \/>\n<\/tr>\n<p>&#013;<br \/>\n<\/tbody>\n<p>&#013;<br \/>\n<\/table>\n<p>&#013;<\/p>\n<ul>&#013;<\/p>\n<li>Izmantotais materi\u0101ls nodro\u0161in\u0101s papildu siltumizol\u0101ciju aukstos laikapst\u0101k\u013cos.<\/li>\n<p>&#013;<\/p>\n<li>HeiQ Fresh apstr\u0101da saglab\u0101s iek\u0161palagu svaigu ilg\u0101k<\/li>\n<p>&#013;<\/p>\n<li>Elast\u012bgs materi\u0101ls neierobe\u017eo kust\u012bbas\u00a0<\/li>\n<p>&#013;\n<\/ul>\n","protected":false},"excerpt":{"rendered":"<p>Reactor Liner gu\u013cammaisa iek\u0161palags no Thermolite\u00ae Pro materi\u0101la.&#013; HEIQ Fresh apstr\u0101deMateri\u0101ls apstr\u0101d\u0101ta ar HeiQ Fresh FFL, bez bioc\u012bdiem, \u013coti efekt\u012bvu smaku kontroles tehnolo\u0123iju, izmantojot biolo\u0123isku aminocukura polim\u0113ru, lai neitraliz\u0113tu \u0137erme\u0146a arom\u0101tus. &#013; Specifik\u0101cija: &#013; &#013; &#013; &#013; &#013; MUMMY Standart &#013; &#013; &#013; Izm\u0113ri: &#013; 198 x 80\/55 cm &#013; &#013; &#013; Svars: &#013; 268g [&hellip;]<\/p>\n","protected":false},"featured_media":104201,"template":"","meta":[],"product_brand":[5138],"product_cat":[3263],"product_tag":[],"class_list":{"0":"post-104200","1":"product","2":"type-product","3":"status-publish","4":"has-post-thumbnail","6":"product_brand-sea-to-summit","7":"product_cat-iekspalagi","9":"first","10":"instock","11":"purchasable","12":"product-type-simple"},"_links":{"self":[{"href":"https:\/\/sezona.lv\/en\/wp-json\/wp\/v2\/product\/104200","targetHints":{"allow":["GET"]}}],"collection":[{"href":"https:\/\/sezona.lv\/en\/wp-json\/wp\/v2\/product"}],"about":[{"href":"https:\/\/sezona.lv\/en\/wp-json\/wp\/v2\/types\/product"}],"wp:featuredmedia":[{"embeddable":true,"href":"https:\/\/sezona.lv\/en\/wp-json\/wp\/v2\/media\/104201"}],"wp:attachment":[{"href":"https:\/\/sezona.lv\/en\/wp-json\/wp\/v2\/media?parent=104200"}],"wp:term":[{"taxonomy":"product_brand","embeddable":true,"href":"https:\/\/sezona.lv\/en\/wp-json\/wp\/v2\/product_brand?post=104200"},{"taxonomy":"product_cat","embeddable":true,"href":"https:\/\/sezona.lv\/en\/wp-json\/wp\/v2\/product_cat?post=104200"},{"taxonomy":"product_tag","embeddable":true,"href":"https:\/\/sezona.lv\/en\/wp-json\/wp\/v2\/product_tag?post=104200"}],"curies":[{"name":"wp","href":"https:\/\/api.w.org\/{rel}","templated":true}]}}