{"id":104207,"date":"2025-08-28T10:44:48","date_gmt":"2025-08-28T07:44:48","guid":{"rendered":"https:\/\/www3.sezona.lv\/?post_type=product&#038;p=104207"},"modified":"2025-08-28T10:49:24","modified_gmt":"2025-08-28T07:49:24","slug":"cimdi-progrip-ferrata-gloves-2","status":"publish","type":"product","link":"https:\/\/sezona.lv\/en\/products\/cimdi-progrip-ferrata-gloves-2\/","title":{"rendered":"Cimdi ProGrip Ferrata Gloves"},"content":{"rendered":"<p>\u013boti izstur\u012bgi \u0101das cimdi. Paredz\u0113ti lietot ViaFerrat\u0101s, k\u0101 ar\u012b darb\u0101 ar virv\u0113m. Plaukstas un \u012bk\u0161\u0137a da\u013c\u0101 \u0101da iestr\u0101d\u0101ta dubult\u0101 k\u0101rt\u0101. Aizdare veidota no neopr\u0113na un papildin\u0101t\u0101 ar Velcro klipsi, lai cimdus b\u016btu viegl\u0101k uzvilt un novilkt.<\/p>\n","protected":false},"excerpt":{"rendered":"<p>\u013boti izstur\u012bgi \u0101das cimdi. Paredz\u0113ti lietot ViaFerrat\u0101s, k\u0101 ar\u012b darb\u0101 ar virv\u0113m. Plaukstas un \u012bk\u0161\u0137a da\u013c\u0101 \u0101da iestr\u0101d\u0101ta dubult\u0101 k\u0101rt\u0101. Aizdare veidota no neopr\u0113na un papildin\u0101t\u0101 ar Velcro klipsi, lai cimdus b\u016btu viegl\u0101k uzvilt un novilkt.<\/p>\n","protected":false},"featured_media":104203,"template":"","meta":[],"product_brand":[5294],"product_cat":[2913],"product_tag":[],"class_list":{"0":"post-104207","1":"product","2":"type-product","3":"status-publish","4":"has-post-thumbnail","6":"product_brand-skylotec","7":"product_cat-cimdi","9":"first","10":"instock","11":"purchasable","12":"product-type-simple"},"_links":{"self":[{"href":"https:\/\/sezona.lv\/en\/wp-json\/wp\/v2\/product\/104207","targetHints":{"allow":["GET"]}}],"collection":[{"href":"https:\/\/sezona.lv\/en\/wp-json\/wp\/v2\/product"}],"about":[{"href":"https:\/\/sezona.lv\/en\/wp-json\/wp\/v2\/types\/product"}],"wp:featuredmedia":[{"embeddable":true,"href":"https:\/\/sezona.lv\/en\/wp-json\/wp\/v2\/media\/104203"}],"wp:attachment":[{"href":"https:\/\/sezona.lv\/en\/wp-json\/wp\/v2\/media?parent=104207"}],"wp:term":[{"taxonomy":"product_brand","embeddable":true,"href":"https:\/\/sezona.lv\/en\/wp-json\/wp\/v2\/product_brand?post=104207"},{"taxonomy":"product_cat","embeddable":true,"href":"https:\/\/sezona.lv\/en\/wp-json\/wp\/v2\/product_cat?post=104207"},{"taxonomy":"product_tag","embeddable":true,"href":"https:\/\/sezona.lv\/en\/wp-json\/wp\/v2\/product_tag?post=104207"}],"curies":[{"name":"wp","href":"https:\/\/api.w.org\/{rel}","templated":true}]}}