{"id":104278,"date":"2025-10-01T11:42:18","date_gmt":"2025-10-01T08:42:18","guid":{"rendered":"https:\/\/www4.sezona.lv\/?post_type=product&#038;p=104278"},"modified":"2025-11-14T09:12:13","modified_gmt":"2025-11-14T07:12:13","slug":"arkartas-partikas-deva-nrg-5-16530100","status":"publish","type":"product","link":"https:\/\/sezona.lv\/en\/products\/arkartas-partikas-deva-nrg-5-16530100\/","title":{"rendered":"\u0100rk\u0101rtas p\u0101rtikas deva NRG-5 (16530100)"},"content":{"rendered":"<p>NRG-5\u00ae \u0101rk\u0101rtas p\u0101rtikas deva, bag\u0101tin\u0101ts ar augstas kvalit\u0101tes sast\u0101vda\u013c\u0101m. NRG-5\u00ae iepakojums (500 g \/ 2300 kcal) nodro\u0161ina pieaugu\u0161a cilv\u0113ka dienas<br \/>\nener\u0123ijas vajadz\u012bbas. Gatavs lieto\u0161anai, nav nepiecie\u0161ams sild\u012bt vai v\u0101r\u012bt. Piem\u0113rots ar\u012b b\u0113rniem no 6 m\u0113ne\u0161u vecuma. Sasmalcinot saspiestos batoni\u0146us un pievienojot \u016bdeni, var pagatavot<br \/>\nbarojo\u0161u biezeni vai dz\u0113rienu, atkar\u012bb\u0101 no t\u0101, cik daudz \u016bdens<br \/>\npievieno.<\/p>\n<p>+ \u013coti ilgs glab\u0101\u0161anas termi\u0146\u0161 (20 gadi)<br \/>\n+ bez laktozes, bez \u0122MO, veg\u0101ns<br \/>\n+ kompakts av\u0101rijas p\u0101rtikas produkts<br \/>\n+ augsta uzturv\u0113rt\u012bba<br \/>\n+ mazs tilpums<br \/>\n+ izmantojams, lai p\u0101rvar\u0113tu badu un l\u012bdz\u012bgas katastrofas<br \/>\n+ k\u0101 av\u0101rijas p\u0101rtikas produkts milit\u0101raj\u0101 sektor\u0101 un izp\u0113tes eksped\u012bcij\u0101s<br \/>\n+ priv\u0101tperson\u0101m \u0101ra t\u016brisma sektor\u0101<br \/>\n+ piem\u0113rots ar\u012b k\u0101 z\u012bdai\u0146u p\u0101rtika (virs 6 m\u0113ne\u0161iem)<br \/>\n+ 9 batoni\u0146i iepakojum\u0101<br \/>\n+ ra\u017eots V\u0101cij\u0101<\/p>\n<p>Iepakojuma izm\u0113rs: 14x8x6cm.<\/p>\n<p>Sast\u0101vda\u013cas: Cepti kvie\u0161i, palmu tauki, cukurs, sojas prote\u012bns, mie\u017eu iesala ekstrakts, dik\u0101lija fosf\u0101ts, k\u0101lija hlor\u012bds, trikalcija fosf\u0101ts, kalcija karbon\u0101ts,<br \/>\nmagnija oks\u012bds, bez\u016bdens dekstroze, askorb\u012bnsk\u0101be (C vitam\u012bns), dzelzs sulf\u0101ts, DL-alfa-tokoferilacet\u0101ts (E vitam\u012bns), retinilacet\u0101ts (A vitam\u012bns),<br \/>\nholekalciferols (D3 vitam\u012bns), cianokobalam\u012bns (B12 vitam\u012bns).<\/p>\n<p>Uzturv\u0113rt\u012bba uz 500 g devu:<br \/>\n9600 KJ \/ 2300 kcal<\/p>\n<p>Uzturv\u0113rt\u012bbas deklar\u0101cija uz 100 g:<br \/>\nEner\u0123\u0113tisk\u0101 v\u0113rt\u012bba: 1920 KJ \/ 460 kcal<br \/>\nTauki: 17,3 g<br \/>\n\u2013 no kuriem pies\u0101tin\u0101tie tauki 8,6 g<br \/>\nOg\u013chidr\u0101ti: 53,1 g<br \/>\n\u2013 no kuriem cukuri 15,4 g<br \/>\n\u0160\u0137iedras: 7,1 g<br \/>\nOlbaltumvielas: 14,5 g<br \/>\nS\u0101ls: 0,48 g<\/p>\n<p>Vitam\u012bni uz 100 g<br \/>\nVitam\u012bns A 160 mcg<br \/>\nVitam\u012bns D3 1 mcg<br \/>\nVitam\u012bns E 2,4 mg<br \/>\nVitam\u012bns C 16 mg<br \/>\nVitam\u012bns B12 0,5 mcg<\/p>\n<p>miner\u0101lvielas uz 100 g<br \/>\nkalcijs 160 mg<br \/>\nfosfors 140 mg<br \/>\nk\u0101lijs 400 mg<br \/>\nmagnijs 75 mg<br \/>\ndzelzs 2,8 mg<\/p>\n<p><a href=\"https:\/\/sezona.lv\/wp-content\/uploads\/2025\/10\/Produkta-datu-lapa.pdf\">Produkta datu lapa<\/a><\/p>\n<p><iframe loading=\"lazy\" title=\"NRG-5 Emergency Food Ration Review\" width=\"640\" height=\"360\" src=\"https:\/\/www.youtube.com\/embed\/M1IC63PZnSQ?feature=oembed\" frameborder=\"0\" allow=\"accelerometer; autoplay; clipboard-write; encrypted-media; gyroscope; picture-in-picture; web-share\" referrerpolicy=\"strict-origin-when-cross-origin\" allowfullscreen><\/iframe><\/p>\n","protected":false},"excerpt":{"rendered":"<p>NRG-5\u00ae \u0101rk\u0101rtas p\u0101rtikas deva, bag\u0101tin\u0101ts ar augstas kvalit\u0101tes sast\u0101vda\u013c\u0101m. NRG-5\u00ae iepakojums (500 g \/ 2300 kcal) nodro\u0161ina pieaugu\u0161a cilv\u0113ka dienas ener\u0123ijas vajadz\u012bbas. Gatavs lieto\u0161anai, nav nepiecie\u0161ams sild\u012bt vai v\u0101r\u012bt. Piem\u0113rots ar\u012b b\u0113rniem no 6 m\u0113ne\u0161u vecuma. Sasmalcinot saspiestos batoni\u0146us un pievienojot \u016bdeni, var pagatavot barojo\u0161u biezeni vai dz\u0113rienu, atkar\u012bb\u0101 no t\u0101, cik daudz \u016bdens pievieno. [&hellip;]<\/p>\n","protected":false},"featured_media":104279,"template":"","meta":[],"product_brand":[5300],"product_cat":[3342],"product_tag":[5398],"class_list":{"0":"post-104278","1":"product","2":"type-product","3":"status-publish","4":"has-post-thumbnail","6":"product_brand-trekn-eat","7":"product_cat-izdzivosanai","8":"product_tag-arkartas-partikas-deva","10":"first","11":"instock","12":"shipping-taxable","13":"purchasable","14":"product-type-simple"},"_links":{"self":[{"href":"https:\/\/sezona.lv\/en\/wp-json\/wp\/v2\/product\/104278","targetHints":{"allow":["GET"]}}],"collection":[{"href":"https:\/\/sezona.lv\/en\/wp-json\/wp\/v2\/product"}],"about":[{"href":"https:\/\/sezona.lv\/en\/wp-json\/wp\/v2\/types\/product"}],"wp:featuredmedia":[{"embeddable":true,"href":"https:\/\/sezona.lv\/en\/wp-json\/wp\/v2\/media\/104279"}],"wp:attachment":[{"href":"https:\/\/sezona.lv\/en\/wp-json\/wp\/v2\/media?parent=104278"}],"wp:term":[{"taxonomy":"product_brand","embeddable":true,"href":"https:\/\/sezona.lv\/en\/wp-json\/wp\/v2\/product_brand?post=104278"},{"taxonomy":"product_cat","embeddable":true,"href":"https:\/\/sezona.lv\/en\/wp-json\/wp\/v2\/product_cat?post=104278"},{"taxonomy":"product_tag","embeddable":true,"href":"https:\/\/sezona.lv\/en\/wp-json\/wp\/v2\/product_tag?post=104278"}],"curies":[{"name":"wp","href":"https:\/\/api.w.org\/{rel}","templated":true}]}}