{"id":104289,"date":"2025-10-06T09:41:49","date_gmt":"2025-10-06T06:41:49","guid":{"rendered":"https:\/\/www4.sezona.lv\/?post_type=product&#038;p=104289"},"modified":"2025-11-24T10:16:30","modified_gmt":"2025-11-24T08:16:30","slug":"mil-tec-mugursoma-us-assault-pack-l-14002202","status":"publish","type":"product","link":"https:\/\/sezona.lv\/en\/products\/mil-tec-mugursoma-us-assault-pack-l-14002202\/","title":{"rendered":"Mil Tec mugursoma US ASSAULT PACK L (14002202)"},"content":{"rendered":"<p>Mugursoma ir paredz\u0113ta, lai iztur\u0113tu lielu noslodzi, t\u0101p\u0113c t\u0101 b\u016bs lieliski piem\u0113rota ne tikai ikdienas n\u0113s\u0101\u0161anai, bet ar\u012b dodoties p\u0101rg\u0101jienos. T\u0101 ir nostr\u0101d\u0101ta t\u0101, lai jums neb\u016btu j\u0101satraucas par p\u0113k\u0161\u0146iem nokri\u0161\u0146iem, jo mugursoma ir izgatavota no mitrumiztur\u012bga materi\u0101la. Somas kop\u0113jais tilpums ir aptuveni 36 litri, papildus lielajam nodal\u012bjumam ir v\u0113l divi, kas ir nedaudz maz\u0101ki. Iek\u0161kabatas ir nodal\u012btas ar t\u012bkla materi\u0101lu, kas \u0161\u0101da veida som\u0101m ir \u013coti funkcion\u0101li. Mugusomas priek\u0161pus\u0113 atrodas divas maz\u0101kas kabati\u0146as; vien\u0101 ir speci\u0101li nodal\u012bjumi rakst\u0101mliet\u0101m, k\u0101 ar\u012b speci\u0101la kabata ar\u00a0<em>Velcro<\/em>\u00a0aizdari, kur ievietot \u016bdensmaisu. Visas kabatas ir aizveramas ar iztur\u012bgu divvirzienu r\u0101v\u0113jsl\u0113dz\u0113ju.<\/p>\n<p>Plecu lences ir polster\u0113tas un 5cm platas, t\u0101m ir ergonomisks dizains un piel\u0101gojams garums, kas atvieglo t\u0101s n\u0113s\u0101\u0161anu. Visa mugursomas aizmugure ir polster\u0113ta. Papildus komfortu skrie\u0161anas laik\u0101 dod papildu lences, kas apliekamas ap vidukli. Ar\u012b t\u0101m ir piel\u0101gojams garums un atv\u0113r\u0161anas\/aizv\u0113r\u0161anas princips ir balst\u012bts uz \u201c<em>clip<\/em>\u201d stiprin\u0101jumu.<\/p>\n<p>Papildus funkcionalit\u0101ti somai dod speci\u0101las lences s\u0101nos, ar kuru pal\u012bdz\u012bbu varat regul\u0113t t\u0101s platumu. Soma ir no\u0161\u016bta ar \u201cMOLLE\u201d sist\u0113mas lent\u0113m, k\u0101 tas ir kaujas modul\u0101r\u0101s sist\u0113mas uzkab\u0113m, t\u0101d\u0113j\u0101di dodot iesp\u0113ju pievienot papildu somi\u0146as un citus priek\u0161metus. Uz plecu lenc\u0113m pievienotajos D tipa gredzenos ir iesp\u0113jams pievienot papildelementus.<\/p>\n<p><strong>Specifik\u0101cija:<\/strong><\/p>\n<ul>\n<li>2 atsevi\u0161\u0137i nodal\u012bjumi<\/li>\n<li>2 priek\u0161kabatas<\/li>\n<li>Divvirzienu r\u0101v\u0113jsl\u0113dz\u0113ji<\/li>\n<li>Nodal\u012bjums hidromaisam<\/li>\n<li>Piel\u0101gojamas un polster\u0113tas plecu lences<\/li>\n<li>Polster\u0113ta mugurpuse<\/li>\n<li>Plata un piel\u0101gojama\u00a0viduk\u013ca lence<\/li>\n<li>S\u0101nos lences tilpuma\u00a0regul\u0113\u0161anai<\/li>\n<li>Da\u017e\u0101di MOLLE tipa stiprin\u0101jumu punkti<\/li>\n<li>D-tipa gredzeni uz pleca lenc\u0113m<\/li>\n<li>Rokturis somas aug\u0161pus\u0113<\/li>\n<li>Materi\u0101ls\u00a0: 600D\u00a0poliesters\/ PVC p\u0101rkl\u0101jums iek\u0161pus\u0113<\/li>\n<li>Izm\u0113rs (aptuveni): 51\u00a0 x 29 x 28<\/li>\n<li>Ietilp\u012bba: 36 l<\/li>\n<li>Svars: 1450 g<\/li>\n<li>Mitrumiztur\u012bga<\/li>\n<\/ul>\n<p>Lietus p\u0101rvalks: <a href=\"https:\/\/sezona.lv\/products\/mil-tec-mugursomu-lietus-parvalks\/\" target=\"_blank\" rel=\"noopener\">\u0160eit<\/a><\/p>\n","protected":false},"excerpt":{"rendered":"<p>Mugursoma ir paredz\u0113ta, lai iztur\u0113tu lielu noslodzi, t\u0101p\u0113c t\u0101 b\u016bs lieliski piem\u0113rota ne tikai ikdienas n\u0113s\u0101\u0161anai, bet ar\u012b dodoties p\u0101rg\u0101jienos. T\u0101 ir nostr\u0101d\u0101ta t\u0101, lai jums neb\u016btu j\u0101satraucas par p\u0113k\u0161\u0146iem nokri\u0161\u0146iem, jo mugursoma ir izgatavota no mitrumiztur\u012bga materi\u0101la. Somas kop\u0113jais tilpums ir aptuveni 36 litri, papildus lielajam nodal\u012bjumam ir v\u0113l divi, kas ir nedaudz maz\u0101ki. [&hellip;]<\/p>\n","protected":false},"featured_media":104290,"template":"","meta":[],"product_brand":[3390],"product_cat":[3276],"product_tag":[5483,5484],"class_list":{"0":"post-104289","1":"product","2":"type-product","3":"status-publish","4":"has-post-thumbnail","6":"product_brand-mil-tec","7":"product_cat-militaras-somas","8":"product_tag-mil-tec-mugursoma-us-assault-pack-l-14002202","9":"product_tag-mil-tec-mugursoma","11":"first","12":"instock","13":"sale","14":"shipping-taxable","15":"purchasable","16":"product-type-variable"},"_links":{"self":[{"href":"https:\/\/sezona.lv\/en\/wp-json\/wp\/v2\/product\/104289","targetHints":{"allow":["GET"]}}],"collection":[{"href":"https:\/\/sezona.lv\/en\/wp-json\/wp\/v2\/product"}],"about":[{"href":"https:\/\/sezona.lv\/en\/wp-json\/wp\/v2\/types\/product"}],"wp:featuredmedia":[{"embeddable":true,"href":"https:\/\/sezona.lv\/en\/wp-json\/wp\/v2\/media\/104290"}],"wp:attachment":[{"href":"https:\/\/sezona.lv\/en\/wp-json\/wp\/v2\/media?parent=104289"}],"wp:term":[{"taxonomy":"product_brand","embeddable":true,"href":"https:\/\/sezona.lv\/en\/wp-json\/wp\/v2\/product_brand?post=104289"},{"taxonomy":"product_cat","embeddable":true,"href":"https:\/\/sezona.lv\/en\/wp-json\/wp\/v2\/product_cat?post=104289"},{"taxonomy":"product_tag","embeddable":true,"href":"https:\/\/sezona.lv\/en\/wp-json\/wp\/v2\/product_tag?post=104289"}],"curies":[{"name":"wp","href":"https:\/\/api.w.org\/{rel}","templated":true}]}}