{"id":104331,"date":"2025-10-27T09:01:47","date_gmt":"2025-10-27T07:01:47","guid":{"rendered":"https:\/\/sezona.lv\/?post_type=product&#038;p=104331"},"modified":"2025-10-27T09:13:01","modified_gmt":"2025-10-27T07:13:01","slug":"starpsezonas-kostims-imax-arx-thermo-0-l-izmers","status":"publish","type":"product","link":"https:\/\/sezona.lv\/en\/products\/starpsezonas-kostims-imax-arx-thermo-0-l-izmers\/","title":{"rendered":"Starpsezonas kost\u012bms Imax ARX Thermo 0 (L izm\u0113rs)"},"content":{"rendered":"<p style=\"font-weight: 400\">Starpsezonas kost\u012bms Imax ARX Thermo 0 (L izm\u0113rs)<\/p>\n<p style=\"font-weight: 400\">Apraksts:<\/p>\n<ul style=\"font-weight: 400\">\n<li>Viegls 100% poliestera mikro\u0161\u0137iedras audums ar iztur\u012bgu, \u016bdeni atgr\u016bdo\u0161u virsmu;<\/li>\n<li>100% \u016bdensnecaurlaid\u012bgs, 8,000mm biezs materi\u0101ls;<\/li>\n<li>160gsm biezs 100% poliestera polster\u0113jums izol\u0101cijai;<\/li>\n<li>Kvalitat\u012bvi, 2 virzienu r\u0101v\u0113jsl\u0113dz\u0113ji;<\/li>\n<li>R\u0101v\u0113jsl\u0113dz\u0113ji ar vilc\u0113jiem;<\/li>\n<li>Atstarojo\u0161ie elementi un apdruka;<\/li>\n<li>Komforta zona l\u012bdz 0 gr\u0101diem.<\/li>\n<\/ul>\n<p style=\"font-weight: 400\">Jaka:<\/p>\n<ul style=\"font-weight: 400\">\n<li>2 apak\u0161\u0113j\u0101s kabatas, ar siltu fl\u012bsa materi\u0101lu iek\u0161pus\u0113;<\/li>\n<li>2 kr\u016b\u0161u kabatas;<\/li>\n<li>Divvirzienu r\u0101v\u0113jsl\u0113dz\u0113js ar dubulto apmali aizsardz\u012bbai pret v\u0113ju;<\/li>\n<li>Augsta apkakle papildu siltumam;<\/li>\n<li>No\u0146emama un regul\u0113jama kapuce;<\/li>\n<li>\u0112rta rievota iek\u0161\u0113j\u0101 aproce;<\/li>\n<li>\u0100r\u0113j\u0101 aproce ar velcro stiprin\u0101jumu;<\/li>\n<li>Iek\u0161kabata ar velcro stiprin\u0101jumu.<\/li>\n<\/ul>\n<p style=\"font-weight: 400\">Bikses:<\/p>\n<ul style=\"font-weight: 400\">\n<li>Divvirzienu r\u0101v\u0113jsl\u0113dz\u0113js;<\/li>\n<li>2 apak\u0161\u0113j\u0101s kabatas, aiz kur\u0101m atrodas atv\u0113rt\u0101s kabatas;<\/li>\n<li>\u0112rti un elast\u012bgi bik\u0161turi ar iztur\u012bg\u0101m un piegu\u013co\u0161\u0101m spr\u0101dz\u0113m;<\/li>\n<li>Elast\u012bga aizmugur\u0113j\u0101 jostas da\u013ca;<\/li>\n<li>Ielaidums staras apak\u0161da\u013c\u0101 ar r\u0101v\u0113jsl\u0113dz\u0113ju un regul\u0113jamu velcro stiprin\u0101jumu.<\/li>\n<\/ul>\n","protected":false},"excerpt":{"rendered":"<p><img loading=\"lazy\" decoding=\"async\" class=\"alignnone size-medium wp-image-104340\" src=\"https:\/\/sezona.lv\/wp-content\/uploads\/2025\/10\/Prologic-izmeru-tabula-300x91.jpg\" alt=\"\" width=\"300\" height=\"91\" srcset=\"https:\/\/sezona.lv\/wp-content\/uploads\/2025\/10\/Prologic-izmeru-tabula-300x91.jpg 300w, https:\/\/sezona.lv\/wp-content\/uploads\/2025\/10\/Prologic-izmeru-tabula-150x46.jpg 150w, https:\/\/sezona.lv\/wp-content\/uploads\/2025\/10\/Prologic-izmeru-tabula.jpg 630w\" sizes=\"auto, (max-width: 300px) 100vw, 300px\" \/><\/p>\n","protected":false},"featured_media":104332,"template":"","meta":[],"product_brand":[],"product_cat":[3316,3278],"product_tag":[],"class_list":{"0":"post-104331","1":"product","2":"type-product","3":"status-publish","4":"has-post-thumbnail","6":"product_cat-imax-kostimi","7":"product_cat-ziemas-makskeresanas-kostimi","9":"first","10":"instock","11":"sale","12":"shipping-taxable","13":"product-type-simple"},"_links":{"self":[{"href":"https:\/\/sezona.lv\/en\/wp-json\/wp\/v2\/product\/104331","targetHints":{"allow":["GET"]}}],"collection":[{"href":"https:\/\/sezona.lv\/en\/wp-json\/wp\/v2\/product"}],"about":[{"href":"https:\/\/sezona.lv\/en\/wp-json\/wp\/v2\/types\/product"}],"wp:featuredmedia":[{"embeddable":true,"href":"https:\/\/sezona.lv\/en\/wp-json\/wp\/v2\/media\/104332"}],"wp:attachment":[{"href":"https:\/\/sezona.lv\/en\/wp-json\/wp\/v2\/media?parent=104331"}],"wp:term":[{"taxonomy":"product_brand","embeddable":true,"href":"https:\/\/sezona.lv\/en\/wp-json\/wp\/v2\/product_brand?post=104331"},{"taxonomy":"product_cat","embeddable":true,"href":"https:\/\/sezona.lv\/en\/wp-json\/wp\/v2\/product_cat?post=104331"},{"taxonomy":"product_tag","embeddable":true,"href":"https:\/\/sezona.lv\/en\/wp-json\/wp\/v2\/product_tag?post=104331"}],"curies":[{"name":"wp","href":"https:\/\/api.w.org\/{rel}","templated":true}]}}