{"id":104355,"date":"2025-10-27T10:47:19","date_gmt":"2025-10-27T08:47:19","guid":{"rendered":"https:\/\/sezona.lv\/?post_type=product&#038;p=104355"},"modified":"2025-10-27T10:54:34","modified_gmt":"2025-10-27T08:54:34","slug":"deeper-chirp-plus-3-eholote-copy","status":"publish","type":"product","link":"https:\/\/sezona.lv\/en\/products\/deeper-chirp-plus-3-eholote-copy\/","title":{"rendered":"Deeper Chirp Plus 3 eholote (Copy)"},"content":{"rendered":"<p>DEEPER FISHFINDER CHIRP PLUS 3.<\/p>\n<p>Paaugstiniet savu mak&scaron;\u0137er\u0113&scaron;anu jaun\u0101 l\u012bmen\u012b ar nep\u0101rsp\u0113jamu CHIRP+ 3 precizit\u0101ti un piel\u0101gotu 3D batimetrijas kart\u0113&scaron;anu. Savienojiet to ar Fish Deeper, lai ieg\u016btu visaptvero&scaron;u pieredzi, kas \u013cauj pl\u0101not, analiz\u0113t un re\u0123istr\u0113t j\u016bsu zvejas piedz\u012bvojumus.<span style=\"font-size: 16px;letter-spacing: 0.6px;, sans-serif\">.<\/span><\/p>\n","protected":false},"excerpt":{"rendered":"<p>DEEPER FISHFINDER CHIRP PLUS 3. Paaugstiniet savu mak&scaron;\u0137er\u0113&scaron;anu jaun\u0101 l\u012bmen\u012b ar nep\u0101rsp\u0113jamu CHIRP+ 3 precizit\u0101ti un piel\u0101gotu 3D batimetrijas kart\u0113&scaron;anu. Savienojiet to ar Fish Deeper, lai ieg\u016btu visaptvero&scaron;u pieredzi, kas \u013cauj pl\u0101not, analiz\u0113t un re\u0123istr\u0113t j\u016bsu zvejas piedz\u012bvojumus..<\/p>\n","protected":false},"featured_media":104358,"template":"","meta":[],"product_brand":[],"product_cat":[4741,4782],"product_tag":[],"class_list":{"0":"post-104355","1":"product","2":"type-product","3":"status-publish","4":"has-post-thumbnail","6":"product_cat-eholots-navigation-watches-radios","7":"product_cat-navigation-watches-radios-recreation","9":"first","10":"outofstock","11":"shipping-taxable","12":"product-type-simple"},"_links":{"self":[{"href":"https:\/\/sezona.lv\/en\/wp-json\/wp\/v2\/product\/104355","targetHints":{"allow":["GET"]}}],"collection":[{"href":"https:\/\/sezona.lv\/en\/wp-json\/wp\/v2\/product"}],"about":[{"href":"https:\/\/sezona.lv\/en\/wp-json\/wp\/v2\/types\/product"}],"wp:featuredmedia":[{"embeddable":true,"href":"https:\/\/sezona.lv\/en\/wp-json\/wp\/v2\/media\/104358"}],"wp:attachment":[{"href":"https:\/\/sezona.lv\/en\/wp-json\/wp\/v2\/media?parent=104355"}],"wp:term":[{"taxonomy":"product_brand","embeddable":true,"href":"https:\/\/sezona.lv\/en\/wp-json\/wp\/v2\/product_brand?post=104355"},{"taxonomy":"product_cat","embeddable":true,"href":"https:\/\/sezona.lv\/en\/wp-json\/wp\/v2\/product_cat?post=104355"},{"taxonomy":"product_tag","embeddable":true,"href":"https:\/\/sezona.lv\/en\/wp-json\/wp\/v2\/product_tag?post=104355"}],"curies":[{"name":"wp","href":"https:\/\/api.w.org\/{rel}","templated":true}]}}