{"id":104406,"date":"2025-10-27T13:06:27","date_gmt":"2025-10-27T11:06:27","guid":{"rendered":"https:\/\/sezona.lv\/?post_type=product&#038;p=104406"},"modified":"2025-11-04T09:03:16","modified_gmt":"2025-11-04T07:03:16","slug":"ziemas-kostims-prologic-highgrade-10c","status":"publish","type":"product","link":"https:\/\/sezona.lv\/en\/products\/ziemas-kostims-prologic-highgrade-10c\/","title":{"rendered":"Ziemas kost\u012bms Prologic HighGrade -10C"},"content":{"rendered":"<p>Ziemas kost\u012bms Prologic HighGrade -10C.<\/p>\n<p>Viegls, augstas veiktsp\u0113jas divda\u013c\u012bgs kost\u012bms par lielisku cenu!<\/p>\n<p>\u2022 Iztur\u012bgs audums no 100% poliestera ar \u016bdeni atgr\u016bdo\u0161u p\u0101rkl\u0101jumu;<\/p>\n<p>\u2022 100% \u016bdensnecaurlaid\u012bgs, 8,000 mm biezs materi\u0101ls ar aizl\u012bm\u0113t\u0101m v\u012bl\u0113m;<\/p>\n<p>\u2022 M\u012bksta un silta iek\u0161\u0113j\u0101 odere no 100% poliestera mikro fl\u012bsa un tafetas;<\/p>\n<p>\u2022 Piln\u012bga izol\u0101cija, ko nodro\u0161ina 160gsm biezs oder\u0113jums no 100% poliestera;<\/p>\n<p>\u2022 No\u0146emama un regul\u0113jama kapuce ar stingru malu;<\/p>\n<p>\u2022 Iztur\u012bgs divvirzienu r\u0101v\u0113jsl\u0113dz\u0113js ar dubulto apmali aizsardz\u012bbai pret v\u0113ju;<\/p>\n<p>\u2022 Regul\u0113jama jostas da\u013ca;<\/p>\n<p>\u2022 M\u012bksta iek\u0161\u0113j\u0101 aproces da\u013ca ar velcro stiprin\u0101jumu aproces \u0101rpus\u0113;<\/p>\n<p>\u2022 Atv\u0113rt\u0101s kabatas ar fl\u012bsa oderi;<\/p>\n<p>\u2022 2 apak\u0161\u0113j\u0101s kabatas, 1 aug\u0161\u0113j\u0101 priek\u0161kabata ar r\u0101v\u0113jsl\u0113dz\u0113ju un iek\u0161kabata ar r\u0101v\u0113jsl\u0101dz\u0113ju;<\/p>\n<p>\u2022 \u0112rti un elast\u012bgi bik\u0161turi ar iztur\u012bg\u0101m spr\u0101dz\u0113m;<\/p>\n<p>\u2022 Biks\u0113m divvirzienu r\u0101v\u0113jsl\u0113dz\u0113js;<\/p>\n<p>\u2022 2 apak\u0161\u0113j\u0101s kabatas, aiz kur\u0101m atrodas atv\u0113rt\u0101s kabatas ar fl\u012bsa oderi;<\/p>\n<p>\u2022 Elast\u012bga jostas da\u013ca;<\/p>\n<p>\u2022 Stingrs ce\u013cgalu materi\u0101ls;<\/p>\n<p>\u2022 Ielaidums staras apak\u0161da\u013c\u0101 ar r\u0101v\u0113jsl\u0113dz\u0113ju un velcro stiprin\u0101jumu;<\/p>\n<p>\u2022 Za\u013c\u0101 kr\u0101s\u0101.<\/p>\n<p>Izm\u0113ri: M, L, XL, XXL.<\/p>\n<p><iframe loading=\"lazy\" title=\"CARPologyTV - New Prologic Clothing range\" width=\"640\" height=\"360\" src=\"https:\/\/www.youtube.com\/embed\/YPVSb7CnAig?feature=oembed\" frameborder=\"0\" allow=\"accelerometer; autoplay; clipboard-write; encrypted-media; gyroscope; picture-in-picture; web-share\" referrerpolicy=\"strict-origin-when-cross-origin\" allowfullscreen><\/iframe><\/p>\n","protected":false},"excerpt":{"rendered":"<p><img loading=\"lazy\" decoding=\"async\" class=\"alignnone size-medium wp-image-104404\" src=\"https:\/\/sezona.lv\/wp-content\/uploads\/2025\/10\/Prologic-izmeru-tabula-1-300x91.jpg\" alt=\"\" width=\"300\" height=\"91\" srcset=\"https:\/\/sezona.lv\/wp-content\/uploads\/2025\/10\/Prologic-izmeru-tabula-1-300x91.jpg 300w, https:\/\/sezona.lv\/wp-content\/uploads\/2025\/10\/Prologic-izmeru-tabula-1-150x46.jpg 150w, https:\/\/sezona.lv\/wp-content\/uploads\/2025\/10\/Prologic-izmeru-tabula-1.jpg 630w\" sizes=\"auto, (max-width: 300px) 100vw, 300px\" \/><\/p>\n","protected":false},"featured_media":104407,"template":"","meta":[],"product_brand":[3439],"product_cat":[3278,3317],"product_tag":[],"class_list":{"0":"post-104406","1":"product","2":"type-product","3":"status-publish","4":"has-post-thumbnail","6":"product_brand-prologic","7":"product_cat-ziemas-makskeresanas-kostimi","8":"product_cat-prologic-kostimi","10":"first","11":"instock","12":"sale","13":"shipping-taxable","14":"product-type-variable"},"_links":{"self":[{"href":"https:\/\/sezona.lv\/en\/wp-json\/wp\/v2\/product\/104406","targetHints":{"allow":["GET"]}}],"collection":[{"href":"https:\/\/sezona.lv\/en\/wp-json\/wp\/v2\/product"}],"about":[{"href":"https:\/\/sezona.lv\/en\/wp-json\/wp\/v2\/types\/product"}],"wp:featuredmedia":[{"embeddable":true,"href":"https:\/\/sezona.lv\/en\/wp-json\/wp\/v2\/media\/104407"}],"wp:attachment":[{"href":"https:\/\/sezona.lv\/en\/wp-json\/wp\/v2\/media?parent=104406"}],"wp:term":[{"taxonomy":"product_brand","embeddable":true,"href":"https:\/\/sezona.lv\/en\/wp-json\/wp\/v2\/product_brand?post=104406"},{"taxonomy":"product_cat","embeddable":true,"href":"https:\/\/sezona.lv\/en\/wp-json\/wp\/v2\/product_cat?post=104406"},{"taxonomy":"product_tag","embeddable":true,"href":"https:\/\/sezona.lv\/en\/wp-json\/wp\/v2\/product_tag?post=104406"}],"curies":[{"name":"wp","href":"https:\/\/api.w.org\/{rel}","templated":true}]}}